{"id":7351,"date":"2024-05-29T06:41:26","date_gmt":"2024-05-29T06:41:26","guid":{"rendered":"https:\/\/glassbottlesmanufacturer.com\/?page_id=7351"},"modified":"2026-01-29T09:11:02","modified_gmt":"2026-01-29T09:11:02","slug":"ozel-si%cc%87se-tasarimi","status":"publish","type":"page","link":"https:\/\/glassbottlesmanufacturer.com\/tr\/ozel-si%cc%87se-tasarimi\/","title":{"rendered":"\u00d6zel \u015ei\u015fe Tasar\u0131m\u0131"},"content":{"rendered":"<div class=\"wpb-content-wrapper\"><div class=\"vc_row wpb_row vc_row-fluid vc_custom_1633802734629 vc_row-o-equal-height vc_row-flex wpex-vc-has-custom-column-spacing wpex-vc-column-spacing-50\"><div class=\"wpb_column vc_column_container vc_col-sm-6\"><div class=\"vc_column-inner\"><div class=\"wpb_wrapper\"><figure class=\"vcex-image vcex-module\"><div class=\"vcex-image-inner wpex-relative wpex-inline-block vc_custom_1716966043674\"><img width=\"664\" height=\"664\" src=\"https:\/\/glassbottlesmanufacturer.com\/wp-content\/uploads\/2024\/05\/\u5fae\u4fe1\u622a\u56fe_202405291458071.webp\" class=\"vcex-image-img wpex-align-middle\" alt=\"\u00d6zel \u015ei\u015fe Tasar\u0131m\u0131\" loading=\"lazy\" decoding=\"async\" srcset=\"https:\/\/glassbottlesmanufacturer.com\/wp-content\/uploads\/2024\/05\/\u5fae\u4fe1\u622a\u56fe_202405291458071.webp 664w, https:\/\/glassbottlesmanufacturer.com\/wp-content\/uploads\/2024\/05\/\u5fae\u4fe1\u622a\u56fe_202405291458071-300x300.webp 300w, https:\/\/glassbottlesmanufacturer.com\/wp-content\/uploads\/2024\/05\/\u5fae\u4fe1\u622a\u56fe_202405291458071-150x150.webp 150w, https:\/\/glassbottlesmanufacturer.com\/wp-content\/uploads\/2024\/05\/\u5fae\u4fe1\u622a\u56fe_202405291458071-600x600.webp 600w, https:\/\/glassbottlesmanufacturer.com\/wp-content\/uploads\/2024\/05\/\u5fae\u4fe1\u622a\u56fe_202405291458071-100x100.webp 100w\" sizes=\"auto, (max-width: 664px) 100vw, 664px\" \/><\/div><\/figure><\/div><\/div><\/div><div class=\"wpb_column vc_column_container vc_col-sm-6\"><div class=\"vc_column-inner\"><div class=\"wpb_wrapper\"><style>.vcex-list_item.vcex_69d29dc494144{color:#777777;font-weight:400;}.vcex-list_item.vcex_69d29dc494144 .vcex-list-item-icon-inner{color:#4eb331;}<\/style><div class=\"vcex-list_item vcex-module wpex-m-0 wpex-max-w-100 wpex-mb-15 vcex_69d29dc494144\"><div class=\"vcex-list-item-inner wpex-inline-flex wpex-flex-no-wrap\"><div class=\"vcex-list-item-icon wpex-mr-10\"><div class=\"vcex-list-item-icon-inner vcex-icon-wrap wpex-inline-flex wpex-justify-center wpex-items-center wpex-leading-none wpex-child-inherit-color\"><\/div><\/div><div class=\"vcex-list-item-text vcex-content wpex-flex-grow\">Hizmetlerimiz<\/div><\/div><\/div><style>.vcex-heading.vcex_69d29dc495095{color:#4c4c4c;font-size:40px;font-family:system-ui, -apple-system, BlinkMacSystemFont, \"Segoe UI\", Roboto, \"Helvetica Neue\", Arial, \"Noto Sans\", sans-serif, \"Apple Color Emoji\", \"Segoe UI Emoji\", \"Segoe UI Symbol\", \"Noto Color Emoji\";font-weight:800;}.vcex-heading.vcex_69d29dc495095:hover{color:#01b2a8;}<\/style><h2 class=\"vcex-heading vcex-heading-plain vcex-module wpex-heading wpex-text-2xl vcex_69d29dc495095\"><span class=\"vcex-heading-inner wpex-inline-block\">\u00d6zel \u015ei\u015fe Tasar\u0131m\u0131<\/span><\/h2><div class=\"vcex-module vcex-divider vcex-divider-solid vcex-divider-center wpex-mx-auto wpex-block wpex-h-0 wpex-border-b wpex-border-solid wpex-border-main\" style=\"margin-block:50px;border-color:#e0e0e0;\"><\/div>\n\t<div style=\"font-family:system-ui, -apple-system, BlinkMacSystemFont, \"segoe ui\", roboto, \"helvetica neue\", arial, \"noto sans\", sans-serif, \"apple color emoji\", \"segoe ui symbol\", emoji\";font-size:1.2em;font-weight:700;\" class =\"wpb_text_column wpb_content_element\" >\n\t\t<div class=\"wpb_wrapper\">\n\t\t\t<p>\u00dcr\u00fcn geli\u015ftiricilerden olu\u015fan profesyonel bir ekibimiz var, her \u015fi\u015fe l\u00fcks\u00fcn \u00f6z\u00fcyle \u015fekillenen bir fikir olarak ba\u015fl\u0131yor. Titizlik bizim mantram\u0131zd\u0131r, \u015fekillendiren uzman ellere, inceleyen se\u00e7ici g\u00f6zlere ve s\u0131ra d\u0131\u015f\u0131 olan\u0131 arzulayan tutkulu kalplere rehberlik eder.<\/p>\n<p>Etik anlay\u0131\u015f\u0131m\u0131z\u0131n \u00f6z\u00fcnde amans\u0131z bir kalite kontrol rejimi yatmaktad\u0131r. M\u00fckemmelli\u011fe giden yolun hassasiyetle d\u00f6\u015fendi\u011fine inan\u0131yoruz. Bu nedenle, her k\u0131vr\u0131m, kontur ve kapak titiz bir incelemeye tabi tutulur ve \u015farab\u0131n\u0131z \u015fi\u015femizle bulu\u015ftu\u011funda yaln\u0131zca en iyisinin garanti edilmesini sa\u011flar.<\/p>\n\n\t\t<\/div>\n\t<\/div>\n<div class=\"vcex-spacing wpex-w-100 wpex-clear\" style=\"height:50px;\"><\/div><style>.vcex-button.vcex_69d29dc496cd7{background:#01b2a8;}.vcex-button.vcex_69d29dc496cd7:hover{background:#4eb331!important;}<\/style><a href=\"https:\/\/glassbottlesmanufacturer.com\/tr\/iletisim\/\" class=\"vcex-button theme-button inline vcex_69d29dc496cd7\"><span class=\"vcex-button-inner theme-button-inner wpex-flex wpex-flex-wrap wpex-items-center wpex-justify-center\">Bir Teklif Al\u0131n<\/span><\/a> <\/div><\/div><\/div><\/div><div class=\"vc_row wpb_row vc_row-fluid vc_custom_1627253976873 no-bottom-margins\"><div class=\"wpb_column vc_column_container vc_col-sm-12\"><div class=\"vc_column-inner\"><div class=\"wpb_wrapper\"><style>.vcex-heading.vcex_69d29dc497bbe{color:#4c4c4c;font-size:40px;font-family:system-ui, -apple-system, BlinkMacSystemFont, \"Segoe UI\", Roboto, \"Helvetica Neue\", Arial, \"Noto Sans\", sans-serif, \"Apple Color Emoji\", \"Segoe UI Emoji\", \"Segoe UI Symbol\", \"Noto Color Emoji\";font-weight:800;}.vcex-heading.vcex_69d29dc497bbe:hover{color:#01b2a8;}<\/style><h2 class=\"vcex-heading vcex-heading-plain vcex-module wpex-heading wpex-text-2xl wpex-text-center vcex_69d29dc497bbe\"><span class=\"vcex-heading-inner wpex-inline-block\">\u015ei\u015fe \u00c7e\u015fitli \u00d6zelle\u015ftirmeleri Destekler<\/span><\/h2><div class=\"vcex-spacing wpex-w-100 wpex-clear\" style=\"height:40px;\"><\/div>\n\t<div style=\"text-align:center;width:1200px;\" class=\"wpb_text_column wpex-max-w-100 wpex-mx-auto wpb_content_element\" >\n\t\t<div class=\"wpb_wrapper\">\n\t\t\t<p><span class=\"wpex-text-lg\">Bir dizi \u00f6zelle\u015ftirme se\u00e7ene\u011fimizle \u00fcr\u00fcn\u00fcn\u00fcz\u00fc y\u00fckseltin. Buzlanma, renklendirme ve \u00f6zel dokular dahil olmak \u00fczere bir dizi \u00fcst d\u00fczey kaplama aras\u0131ndan se\u00e7im yap\u0131n. Her rafta g\u00f6ze \u00e7arpan bir \u015fi\u015fe i\u00e7in \u00f6zel logolar ve etiketlerle ay\u0131rt edici dokunu\u015funuzu ekleyin.<\/span><\/p>\n\n\t\t<\/div>\n\t<\/div>\n<div class=\"vcex-spacing wpex-w-100 wpex-clear\" style=\"height:40px;\"><\/div><style>.vcex-grid-container.vcex_69d29dc49865b{gap:35px;}<\/style><div class=\"vcex-grid-container vcex-module wpex-grid wpex-gap-20 wpex-grid-cols-1 wpex-lg-grid-cols-3 vcex_69d29dc49865b\"><style>.vcex-teaser.vcex_69d29dc498d51 .vcex-teaser-heading{font-size:2em;font-family:system-ui, -apple-system, BlinkMacSystemFont, \"Segoe UI\", Roboto, \"Helvetica Neue\", Arial, \"Noto Sans\", sans-serif, \"Apple Color Emoji\", \"Segoe UI Emoji\", \"Segoe UI Symbol\", \"Noto Color Emoji\";color:#4c4c4c;}<\/style><div class=\"vcex-module vcex-teaser vcex-teaser-four wpex-flex wpex-flex-col wpex-text-center wpex-border wpex-border-solid wpex-border-main vc_custom_1716968916076 vcex_69d29dc498d51\"><div class=\"vcex-teaser-media\"><img width=\"1000\" height=\"1000\" src=\"https:\/\/glassbottlesmanufacturer.com\/wp-content\/uploads\/2024\/05\/engraving.webp\" class=\"wpex-align-middle\" alt=\"Grav\u00fcr\" loading=\"lazy\" decoding=\"async\" srcset=\"https:\/\/glassbottlesmanufacturer.com\/wp-content\/uploads\/2024\/05\/engraving.webp 1000w, https:\/\/glassbottlesmanufacturer.com\/wp-content\/uploads\/2024\/05\/engraving-300x300.webp 300w, https:\/\/glassbottlesmanufacturer.com\/wp-content\/uploads\/2024\/05\/engraving-150x150.webp 150w, https:\/\/glassbottlesmanufacturer.com\/wp-content\/uploads\/2024\/05\/engraving-768x768.webp 768w, https:\/\/glassbottlesmanufacturer.com\/wp-content\/uploads\/2024\/05\/engraving-600x600.webp 600w, https:\/\/glassbottlesmanufacturer.com\/wp-content\/uploads\/2024\/05\/engraving-100x100.webp 100w\" sizes=\"auto, (max-width: 1000px) 100vw, 1000px\" \/><\/div><div class=\"vcex-teaser-content wpex-p-20\"><h2 class=\"vcex-teaser-heading wpex-heading wpex-text-xl\">Grav\u00fcr<\/h2><\/div><\/div><style>.vcex-teaser.vcex_69d29dc499a30 .vcex-teaser-heading{font-size:2em;font-family:system-ui, -apple-system, BlinkMacSystemFont, \"Segoe UI\", Roboto, \"Helvetica Neue\", Arial, \"Noto Sans\", sans-serif, \"Apple Color Emoji\", \"Segoe UI Emoji\", \"Segoe UI Symbol\", \"Noto Color Emoji\";color:#4c4c4c;}<\/style><div class=\"vcex-module vcex-teaser vcex-teaser-four wpex-flex wpex-flex-col wpex-text-center wpex-border wpex-border-solid wpex-border-main vc_custom_1716968867669 vcex_69d29dc499a30\"><div class=\"vcex-teaser-media\"><img width=\"1000\" height=\"1000\" src=\"https:\/\/glassbottlesmanufacturer.com\/wp-content\/uploads\/2024\/05\/printing.webp\" class=\"wpex-align-middle\" alt=\"Bask\u0131\" loading=\"lazy\" decoding=\"async\" srcset=\"https:\/\/glassbottlesmanufacturer.com\/wp-content\/uploads\/2024\/05\/printing.webp 1000w, https:\/\/glassbottlesmanufacturer.com\/wp-content\/uploads\/2024\/05\/printing-300x300.webp 300w, https:\/\/glassbottlesmanufacturer.com\/wp-content\/uploads\/2024\/05\/printing-150x150.webp 150w, https:\/\/glassbottlesmanufacturer.com\/wp-content\/uploads\/2024\/05\/printing-768x768.webp 768w, https:\/\/glassbottlesmanufacturer.com\/wp-content\/uploads\/2024\/05\/printing-600x600.webp 600w, https:\/\/glassbottlesmanufacturer.com\/wp-content\/uploads\/2024\/05\/printing-100x100.webp 100w\" sizes=\"auto, (max-width: 1000px) 100vw, 1000px\" \/><\/div><div class=\"vcex-teaser-content wpex-p-20\"><h2 class=\"vcex-teaser-heading wpex-heading wpex-text-xl\">Bask\u0131<\/h2><\/div><\/div><style>.vcex-teaser.vcex_69d29dc49a65d .vcex-teaser-heading{font-size:2em;font-family:system-ui, -apple-system, BlinkMacSystemFont, \"Segoe UI\", Roboto, \"Helvetica Neue\", Arial, \"Noto Sans\", sans-serif, \"Apple Color Emoji\", \"Segoe UI Emoji\", \"Segoe UI Symbol\", \"Noto Color Emoji\";color:#4c4c4c;}<\/style><div class=\"vcex-module vcex-teaser vcex-teaser-four wpex-flex wpex-flex-col wpex-text-center wpex-border wpex-border-solid wpex-border-main vc_custom_1716968881677 vcex_69d29dc49a65d\"><div class=\"vcex-teaser-media\"><img width=\"1000\" height=\"1000\" src=\"https:\/\/glassbottlesmanufacturer.com\/wp-content\/uploads\/2024\/05\/real-gold-printing.webp\" class=\"wpex-align-middle\" alt=\"Ger\u00e7ek Alt\u0131n Bask\u0131\" loading=\"lazy\" decoding=\"async\" srcset=\"https:\/\/glassbottlesmanufacturer.com\/wp-content\/uploads\/2024\/05\/real-gold-printing.webp 1000w, https:\/\/glassbottlesmanufacturer.com\/wp-content\/uploads\/2024\/05\/real-gold-printing-300x300.webp 300w, https:\/\/glassbottlesmanufacturer.com\/wp-content\/uploads\/2024\/05\/real-gold-printing-150x150.webp 150w, https:\/\/glassbottlesmanufacturer.com\/wp-content\/uploads\/2024\/05\/real-gold-printing-768x768.webp 768w, https:\/\/glassbottlesmanufacturer.com\/wp-content\/uploads\/2024\/05\/real-gold-printing-600x600.webp 600w, https:\/\/glassbottlesmanufacturer.com\/wp-content\/uploads\/2024\/05\/real-gold-printing-100x100.webp 100w\" sizes=\"auto, (max-width: 1000px) 100vw, 1000px\" \/><\/div><div class=\"vcex-teaser-content wpex-p-20\"><h2 class=\"vcex-teaser-heading wpex-heading wpex-text-xl\">Ger\u00e7ek Alt\u0131n Bask\u0131<\/h2><\/div><\/div><\/div><style>.vcex-grid-container.vcex_69d29dc49aede{gap:35px;}<\/style><div class=\"vcex-grid-container vcex-module wpex-grid wpex-gap-20 wpex-grid-cols-1 wpex-lg-grid-cols-3 vcex_69d29dc49aede\"><style>.vcex-teaser.vcex_69d29dc49b612 .vcex-teaser-heading{font-size:2em;font-family:system-ui, -apple-system, BlinkMacSystemFont, \"Segoe UI\", Roboto, \"Helvetica Neue\", Arial, \"Noto Sans\", sans-serif, \"Apple Color Emoji\", \"Segoe UI Emoji\", \"Segoe UI Symbol\", \"Noto Color Emoji\";color:#4c4c4c;}<\/style><div class=\"vcex-module vcex-teaser vcex-teaser-four wpex-flex wpex-flex-col wpex-text-center wpex-border wpex-border-solid wpex-border-main vc_custom_1716968948380 vcex_69d29dc49b612\"><div class=\"vcex-teaser-media\"><img width=\"1000\" height=\"1000\" src=\"https:\/\/glassbottlesmanufacturer.com\/wp-content\/uploads\/2024\/05\/Electroplating.webp\" class=\"wpex-align-middle\" alt=\"Elektrokaplama\" loading=\"lazy\" decoding=\"async\" srcset=\"https:\/\/glassbottlesmanufacturer.com\/wp-content\/uploads\/2024\/05\/Electroplating.webp 1000w, https:\/\/glassbottlesmanufacturer.com\/wp-content\/uploads\/2024\/05\/Electroplating-300x300.webp 300w, https:\/\/glassbottlesmanufacturer.com\/wp-content\/uploads\/2024\/05\/Electroplating-150x150.webp 150w, https:\/\/glassbottlesmanufacturer.com\/wp-content\/uploads\/2024\/05\/Electroplating-768x768.webp 768w, https:\/\/glassbottlesmanufacturer.com\/wp-content\/uploads\/2024\/05\/Electroplating-600x600.webp 600w, https:\/\/glassbottlesmanufacturer.com\/wp-content\/uploads\/2024\/05\/Electroplating-100x100.webp 100w\" sizes=\"auto, (max-width: 1000px) 100vw, 1000px\" \/><\/div><div class=\"vcex-teaser-content wpex-p-20\"><h2 class=\"vcex-teaser-heading wpex-heading wpex-text-xl\">Elektrokaplama<\/h2><\/div><\/div><style>.vcex-teaser.vcex_69d29dc49c303 .vcex-teaser-heading{font-size:2em;font-family:system-ui, -apple-system, BlinkMacSystemFont, \"Segoe UI\", Roboto, \"Helvetica Neue\", Arial, \"Noto Sans\", sans-serif, \"Apple Color Emoji\", \"Segoe UI Emoji\", \"Segoe UI Symbol\", \"Noto Color Emoji\";color:#4c4c4c;}<\/style><div class=\"vcex-module vcex-teaser vcex-teaser-four wpex-flex wpex-flex-col wpex-text-center wpex-border wpex-border-solid wpex-border-main vc_custom_1716968796490 vcex_69d29dc49c303\"><div class=\"vcex-teaser-media\"><img width=\"1000\" height=\"1000\" src=\"https:\/\/glassbottlesmanufacturer.com\/wp-content\/uploads\/2024\/05\/spraying.webp\" class=\"wpex-align-middle\" alt=\"P\u00fcsk\u00fcrtme\" loading=\"lazy\" decoding=\"async\" srcset=\"https:\/\/glassbottlesmanufacturer.com\/wp-content\/uploads\/2024\/05\/spraying.webp 1000w, https:\/\/glassbottlesmanufacturer.com\/wp-content\/uploads\/2024\/05\/spraying-300x300.webp 300w, https:\/\/glassbottlesmanufacturer.com\/wp-content\/uploads\/2024\/05\/spraying-150x150.webp 150w, https:\/\/glassbottlesmanufacturer.com\/wp-content\/uploads\/2024\/05\/spraying-768x768.webp 768w, https:\/\/glassbottlesmanufacturer.com\/wp-content\/uploads\/2024\/05\/spraying-600x600.webp 600w, https:\/\/glassbottlesmanufacturer.com\/wp-content\/uploads\/2024\/05\/spraying-100x100.webp 100w\" sizes=\"auto, (max-width: 1000px) 100vw, 1000px\" \/><\/div><div class=\"vcex-teaser-content wpex-p-20\"><h2 class=\"vcex-teaser-heading wpex-heading wpex-text-xl\">P\u00fcsk\u00fcrtme<\/h2><\/div><\/div><style>.vcex-teaser.vcex_69d29dc49cf85 .vcex-teaser-heading{font-size:2em;font-family:system-ui, -apple-system, BlinkMacSystemFont, \"Segoe UI\", Roboto, \"Helvetica Neue\", Arial, \"Noto Sans\", sans-serif, \"Apple Color Emoji\", \"Segoe UI Emoji\", \"Segoe UI Symbol\", \"Noto Color Emoji\";color:#4c4c4c;}<\/style><div class=\"vcex-module vcex-teaser vcex-teaser-four wpex-flex wpex-flex-col wpex-text-center wpex-border wpex-border-solid wpex-border-main vc_custom_1716968747197 vcex_69d29dc49cf85\"><div class=\"vcex-teaser-media\"><img width=\"1000\" height=\"1000\" src=\"https:\/\/glassbottlesmanufacturer.com\/wp-content\/uploads\/2024\/05\/real-silver-printing.webp\" class=\"wpex-align-middle\" alt=\"Ger\u00e7ek G\u00fcm\u00fc\u015f Bask\u0131\" loading=\"lazy\" decoding=\"async\" srcset=\"https:\/\/glassbottlesmanufacturer.com\/wp-content\/uploads\/2024\/05\/real-silver-printing.webp 1000w, https:\/\/glassbottlesmanufacturer.com\/wp-content\/uploads\/2024\/05\/real-silver-printing-300x300.webp 300w, https:\/\/glassbottlesmanufacturer.com\/wp-content\/uploads\/2024\/05\/real-silver-printing-150x150.webp 150w, https:\/\/glassbottlesmanufacturer.com\/wp-content\/uploads\/2024\/05\/real-silver-printing-768x768.webp 768w, https:\/\/glassbottlesmanufacturer.com\/wp-content\/uploads\/2024\/05\/real-silver-printing-600x600.webp 600w, https:\/\/glassbottlesmanufacturer.com\/wp-content\/uploads\/2024\/05\/real-silver-printing-100x100.webp 100w\" sizes=\"auto, (max-width: 1000px) 100vw, 1000px\" \/><\/div><div class=\"vcex-teaser-content wpex-p-20\"><h2 class=\"vcex-teaser-heading wpex-heading wpex-text-xl\">Ger\u00e7ek G\u00fcm\u00fc\u015f Bask\u0131<\/h2><\/div><\/div><\/div><\/div><\/div><\/div><\/div><div data-vc-full-width=\"true\" data-vc-full-width-init=\"false\" class=\"vc_row wpb_row vc_row-fluid vc_custom_1626757548607 vc_row-o-content-middle vc_row-flex wpex-vc_row-has-fill wpex-vc-row-stretched no-bottom-margins\"><div class=\"wpb_column vc_column_container vc_col-sm-12\"><div class=\"vc_column-inner\"><div class=\"wpb_wrapper\"><div class=\"vcex-spacing wpex-w-100 wpex-clear\" style=\"height:5px;\"><\/div><style>.vcex-heading.vcex_69d29dc49e1c6{width:700px;color:#4c4c4c;font-size:40px;font-family:system-ui, -apple-system, BlinkMacSystemFont, \"Segoe UI\", Roboto, \"Helvetica Neue\", Arial, \"Noto Sans\", sans-serif, \"Apple Color Emoji\", \"Segoe UI Emoji\", \"Segoe UI Symbol\", \"Noto Color Emoji\";font-weight:800;line-height:125%;}.vcex-heading.vcex_69d29dc49e1c6:hover{color:#01b2a8;}@media (max-width:767px){.vcex-heading.vcex_69d29dc49e1c6{font-size:35px;}}<\/style><h2 class=\"vcex-heading vcex-heading-plain vcex-module wpex-heading wpex-text-2xl wpex-text-center wpex-max-w-100 wpex-mx-auto vcex_69d29dc49e1c6\"><span class=\"vcex-heading-inner wpex-inline-block\">\u00dccretsiz Tasar\u0131m Deste\u011fi<\/span><\/h2><div class=\"vcex-spacing wpex-w-100 wpex-clear\" style=\"height:35px;\"><\/div>\n\t<div style=\"text-align:center;\" class=\"wpb_text_column wpb_content_element\" >\n\t\t<div class=\"wpb_wrapper\">\n\t\t\t<p><span class=\"wpex-text-3xl\">\u015ei\u015felerin kapasitesini ve say\u0131s\u0131n\u0131 ve \u015fi\u015felerin fikrini belirlerseniz, <\/span><\/p>\n<p><span class=\"wpex-text-3xl\">size bir \u00e7izim tasar\u0131m\u0131 sa\u011flayabiliriz, bu ad\u0131m \u00fccretsizdir!<\/span><\/p>\n\n\t\t<\/div>\n\t<\/div>\n<div class=\"vcex-spacing wpex-w-100 wpex-clear\" style=\"height:50px;\"><\/div><style>.vcex-button.vcex_69d29dc49f129{border-radius:9999px;padding-block:14px;padding-inline:24px;border:2px solid currentColor;font-size:12px;font-weight:700;text-transform:uppercase;letter-spacing:1px;}.vcex-button.vcex_69d29dc49f129 .theme-button-icon-right{--wpex-btn-icon-animate-h:5px;}<\/style><div class=\"theme-button-wrap textcenter wpex-clr\"><a href=\"https:\/\/glassbottlesmanufacturer.com\/tr\/iletisim\/\" class=\"vcex-button theme-button outline align-center inline vcex_69d29dc49f129\"><span class=\"vcex-button-inner theme-button-inner wpex-flex wpex-flex-wrap wpex-items-center wpex-justify-center\">Bize ula\u015f\u0131n<\/span><\/a><\/div> <\/div><\/div><\/div><\/div><div class=\"vc_row-full-width vc_clearfix\"><\/div><div data-vc-full-width=\"true\" data-vc-full-width-init=\"false\" class=\"vc_section vc_custom_1716969872115 wpex-vc_section-has-fill wpex-vc-row-stretched\"><div class=\"vc_row wpb_row vc_row-fluid\"><div class=\"wpb_column vc_column_container vc_col-sm-12\"><div class=\"vc_column-inner\"><div class=\"wpb_wrapper\"><style>.vcex-heading.vcex_69d29dc4a011b{color:#4c4c4c;font-size:40px;font-family:system-ui, -apple-system, BlinkMacSystemFont, \"Segoe UI\", Roboto, \"Helvetica Neue\", Arial, \"Noto Sans\", sans-serif, \"Apple Color Emoji\", \"Segoe UI Emoji\", \"Segoe UI Symbol\", \"Noto Color Emoji\";font-weight:800;}.vcex-heading.vcex_69d29dc4a011b:hover{color:#01b2a8;}<\/style><div class=\"vcex-heading vcex-heading-plain vcex-module wpex-heading wpex-text-2xl wpex-text-center vcex_69d29dc4a011b\"><span class=\"vcex-heading-inner wpex-inline-block\">Cam \u015ei\u015fe Katalo\u011fu<\/span><\/div><div class=\"vcex-spacing wpex-w-100 wpex-clear\" style=\"height:20px;\"><\/div><\/div><\/div><\/div><\/div><div class=\"vc_row wpb_row vc_row-fluid vc_column-gap-35\"><div class=\"wpb_column vc_column_container vc_col-sm-4 wpex-vc_col-has-fill\"><div class=\"vc_column-inner wpex-shadow-lg vc_custom_1631742011400\"><div class=\"wpb_wrapper\"><style>.vcex-heading.vcex_69d29dc4a10e2{color:#4c4c4c;font-size:2em;font-family:system-ui, -apple-system, BlinkMacSystemFont, \"Segoe UI\", Roboto, \"Helvetica Neue\", Arial, \"Noto Sans\", sans-serif, \"Apple Color Emoji\", \"Segoe UI Emoji\", \"Segoe UI Symbol\", \"Noto Color Emoji\";font-weight:800;}<\/style><div class=\"vcex-heading vcex-heading-plain vcex-module wpex-heading wpex-text-2xl wpex-text-center vcex_69d29dc4a10e2\"><span class=\"vcex-heading-inner wpex-inline-block\">Hiking Glass 500ml Catalog 2026<\/span><\/div><div class=\"vcex-module vcex-divider vcex-divider-solid vcex-divider-center wpex-mx-auto wpex-block wpex-h-0 wpex-border-b wpex-border-solid wpex-border-main\" style=\"margin-block:30px;border-color:#ededed;\"><\/div><div class=\"vcex-spacing wpex-w-100 wpex-clear\"><\/div><style>.vcex-button.vcex_69d29dc4a233c{border-radius:9999px;color:#4e5cf5!important;padding-block:15px;padding-inline:30px;border:2px solid currentColor;font-weight:700;}.vcex-button.vcex_69d29dc4a233c:hover{background:#4e5cf5!important;color:#ffffff!important;}<\/style><div class=\"theme-button-wrap theme-button-expanded-wrap\"><a href=\"https:\/\/glassbottlesmanufacturer.com\/wp-content\/uploads\/2024\/05\/Hiking-Glass-500ml-catalog-2024.pdf\" class=\"vcex-button theme-button outline expanded expanded vcex_69d29dc4a233c\"><span class=\"vcex-button-inner theme-button-inner wpex-flex wpex-flex-wrap wpex-items-center wpex-justify-center\">G\u00f6r\u00fcn\u00fcm<\/span><\/a><\/div> <\/div><\/div><\/div><div class=\"wpb_column vc_column_container vc_col-sm-4 wpex-vc_col-has-fill\"><div class=\"vc_column-inner wpex-shadow-lg vc_custom_1631742018352\"><div class=\"wpb_wrapper\"><style>.vcex-heading.vcex_69d29dc4a3022{color:#4c4c4c;font-size:2em;font-family:system-ui, -apple-system, BlinkMacSystemFont, \"Segoe UI\", Roboto, \"Helvetica Neue\", Arial, \"Noto Sans\", sans-serif, \"Apple Color Emoji\", \"Segoe UI Emoji\", \"Segoe UI Symbol\", \"Noto Color Emoji\";font-weight:800;}<\/style><span class=\"vcex-heading vcex-heading-plain vcex-module wpex-heading wpex-text-2xl wpex-text-center vcex_69d29dc4a3022\"><span class=\"vcex-heading-inner wpex-inline-block\">Hiking Glass 700ml Catalog 2026<\/span><\/span><div class=\"vcex-module vcex-divider vcex-divider-solid vcex-divider-center wpex-mx-auto wpex-block wpex-h-0 wpex-border-b wpex-border-solid wpex-border-main\" style=\"margin-block:30px;border-color:#ededed;\"><\/div><div class=\"vcex-spacing wpex-w-100 wpex-clear\"><\/div><style>.vcex-button.vcex_69d29dc4a41e6{border-radius:9999px;background:#4e5cf5;color:#ffffff!important;padding-block:15px;padding-inline:30px;font-weight:700;}.vcex-button.vcex_69d29dc4a41e6:hover{background:rgba(78,92,245,0.9)!important;}<\/style><div class=\"theme-button-wrap theme-button-expanded-wrap\"><a href=\"https:\/\/glassbottlesmanufacturer.com\/wp-content\/uploads\/2024\/05\/Hiking-Glass-700ml-catalog-2024.pdf\" class=\"vcex-button theme-button flat expanded expanded vcex_69d29dc4a41e6\"><span class=\"vcex-button-inner theme-button-inner wpex-flex wpex-flex-wrap wpex-items-center wpex-justify-center\">G\u00f6r\u00fcn\u00fcm<\/span><\/a><\/div> <\/div><\/div><\/div><div class=\"wpb_column vc_column_container vc_col-sm-4 wpex-vc_col-has-fill\"><div class=\"vc_column-inner wpex-shadow-lg vc_custom_1631742024786\"><div class=\"wpb_wrapper\"><style>.vcex-heading.vcex_69d29dc4a4ef0{color:#4c4c4c;font-size:2em;font-family:system-ui, -apple-system, BlinkMacSystemFont, \"Segoe UI\", Roboto, \"Helvetica Neue\", Arial, \"Noto Sans\", sans-serif, \"Apple Color Emoji\", \"Segoe UI Emoji\", \"Segoe UI Symbol\", \"Noto Color Emoji\";font-weight:800;}<\/style><span class=\"vcex-heading vcex-heading-plain vcex-module wpex-heading wpex-text-2xl wpex-text-center vcex_69d29dc4a4ef0\"><span class=\"vcex-heading-inner wpex-inline-block\">Hiking Glass 750ml Catalog 2026<\/span><\/span><div class=\"vcex-module vcex-divider vcex-divider-solid vcex-divider-center wpex-mx-auto wpex-block wpex-h-0 wpex-border-b wpex-border-solid wpex-border-main\" style=\"margin-block:30px;border-color:#ededed;\"><\/div><div class=\"vcex-spacing wpex-w-100 wpex-clear\"><\/div><style>.vcex-button.vcex_69d29dc4a6102{border-radius:9999px;color:#4e5cf5!important;padding-block:15px;padding-inline:30px;border:2px solid currentColor;font-weight:700;}.vcex-button.vcex_69d29dc4a6102:hover{background:#4e5cf5!important;color:#ffffff!important;}<\/style><div class=\"theme-button-wrap theme-button-expanded-wrap\"><a href=\"https:\/\/glassbottlesmanufacturer.com\/wp-content\/uploads\/2024\/05\/Hiking-Glass-750ml-catalog-2024.pdf\" class=\"vcex-button theme-button outline expanded expanded vcex_69d29dc4a6102\"><span class=\"vcex-button-inner theme-button-inner wpex-flex wpex-flex-wrap wpex-items-center wpex-justify-center\">G\u00f6r\u00fcn\u00fcm<\/span><\/a><\/div> <\/div><\/div><\/div><\/div><\/div><div class=\"vc_row-full-width vc_clearfix\"><\/div>\n<\/div>","protected":false},"excerpt":{"rendered":"Our ServicesCustom Bottle Design We have a professional team of product developers, each bottle begins as an idea shaped by the essence of luxury. Meticulousness is our mantra, guiding the expert hands that sculpt, the discerning eyes that inspect, and the passionate hearts that aspire to the extraordinary. At the core of our ethos is&hellip;","protected":false},"author":1,"featured_media":0,"parent":0,"menu_order":0,"comment_status":"closed","ping_status":"closed","template":"","meta":{"footnotes":""},"class_list":["post-7351","page","type-page","status-publish","hentry","entry","no-media"],"_links":{"self":[{"href":"https:\/\/glassbottlesmanufacturer.com\/tr\/wp-json\/wp\/v2\/pages\/7351","targetHints":{"allow":["GET"]}}],"collection":[{"href":"https:\/\/glassbottlesmanufacturer.com\/tr\/wp-json\/wp\/v2\/pages"}],"about":[{"href":"https:\/\/glassbottlesmanufacturer.com\/tr\/wp-json\/wp\/v2\/types\/page"}],"author":[{"embeddable":true,"href":"https:\/\/glassbottlesmanufacturer.com\/tr\/wp-json\/wp\/v2\/users\/1"}],"replies":[{"embeddable":true,"href":"https:\/\/glassbottlesmanufacturer.com\/tr\/wp-json\/wp\/v2\/comments?post=7351"}],"version-history":[{"count":5,"href":"https:\/\/glassbottlesmanufacturer.com\/tr\/wp-json\/wp\/v2\/pages\/7351\/revisions"}],"predecessor-version":[{"id":8917,"href":"https:\/\/glassbottlesmanufacturer.com\/tr\/wp-json\/wp\/v2\/pages\/7351\/revisions\/8917"}],"wp:attachment":[{"href":"https:\/\/glassbottlesmanufacturer.com\/tr\/wp-json\/wp\/v2\/media?parent=7351"}],"curies":[{"name":"wp","href":"https:\/\/api.w.org\/{rel}","templated":true}]}}