{"id":7354,"date":"2024-05-29T06:41:26","date_gmt":"2024-05-29T06:41:26","guid":{"rendered":"https:\/\/glassbottlesmanufacturer.com\/?page_id=7354"},"modified":"2024-06-05T10:00:38","modified_gmt":"2024-06-05T10:00:38","slug":"depolama-nakli%cc%87ye","status":"publish","type":"page","link":"https:\/\/glassbottlesmanufacturer.com\/tr\/depolama-nakli%cc%87ye\/","title":{"rendered":"Depolama ve Nakliye"},"content":{"rendered":"<div class=\"wpb-content-wrapper\"><div class=\"vc_row wpb_row vc_row-fluid vc_custom_1633802866801 vc_row-o-equal-height vc_row-o-content-middle vc_row-flex wpex-vc-has-custom-column-spacing wpex-vc-column-spacing-50\"><div class=\"wpb_column vc_column_container vc_col-sm-6\"><div class=\"vc_column-inner\"><div class=\"wpb_wrapper\"><style>.vcex-heading.vcex_69d2ae930b3ca{color:#4c4c4c;font-size:40px;font-family:system-ui, -apple-system, BlinkMacSystemFont, \"Segoe UI\", Roboto, \"Helvetica Neue\", Arial, \"Noto Sans\", sans-serif, \"Apple Color Emoji\", \"Segoe UI Emoji\", \"Segoe UI Symbol\", \"Noto Color Emoji\";font-weight:700;}.vcex-heading.vcex_69d2ae930b3ca:hover{color:#01b2a8;}<\/style><h2 class=\"vcex-heading vcex-heading-plain vcex-module wpex-heading wpex-text-2xl vcex_69d2ae930b3ca\"><span class=\"vcex-heading-inner wpex-inline-block\">Depolama<\/span><\/h2><div class=\"vcex-spacing wpex-w-100 wpex-clear\" style=\"height:50px;\"><\/div>\n\t<div style=\"color:#222222;font-size:14px;\" class=\"wpb_text_column has-custom-color wpex-child-inherit-color wpb_content_element\" >\n\t\t<div class=\"wpb_wrapper\">\n\t\t\t<p><span class=\"wpex-text-lg\">2.600.000 metrekareden fazla alan\u0131yla, 2000'den fazla \u00fcr\u00fcn\u00fc stoklamam\u0131za olanak sa\u011flarken, m\u00fc\u015fteri m\u00fclkiyeti i\u00e7in de bol miktarda alan ay\u0131r\u0131yoruz. M\u00fc\u015fterilerimizin \u00e7o\u011funun envanterlerini depolamak i\u00e7in yeterli alana sahip olmad\u0131\u011f\u0131n\u0131 biliyoruz. \u015eirketinizin ihtiya\u00e7lar\u0131n\u0131 kar\u015f\u0131layacak bir depolama plan\u0131 geli\u015ftirmek i\u00e7in sizinle birlikte \u00e7al\u0131\u015fabiliriz. <\/span><\/p>\n\n\t\t<\/div>\n\t<\/div>\n<div class=\"vcex-spacing wpex-w-100 wpex-clear\" style=\"height:70px;\"><\/div><style>.vcex-list_item.vcex_69d2ae930d1f6{color:#222222;font-size:16px;}.vcex-list_item.vcex_69d2ae930d1f6 .vcex-list-item-icon-inner{color:#0145ff;}<\/style><div class=\"vcex-list_item vcex-module wpex-m-0 wpex-max-w-100 wpex-mb-15 vcex_69d2ae930d1f6\"><div class=\"vcex-list-item-inner wpex-inline-flex wpex-flex-no-wrap\"><div class=\"vcex-list-item-icon wpex-mr-10\"><div class=\"vcex-list-item-icon-inner vcex-icon-wrap wpex-inline-flex wpex-justify-center wpex-items-center wpex-leading-none wpex-child-inherit-color\"><span class=\"wpex-icon--w far fa-check-circle\" aria-hidden=\"true\"><\/span><\/div><\/div><div class=\"vcex-list-item-text vcex-content wpex-flex-grow\">G\u00fcvenlik sto\u011fu<\/div><\/div><\/div><style>.vcex-list_item.vcex_69d2ae930daed{color:#222222;font-size:16px;}.vcex-list_item.vcex_69d2ae930daed .vcex-list-item-icon-inner{color:#0145ff;}<\/style><div class=\"vcex-list_item vcex-module wpex-m-0 wpex-max-w-100 wpex-mb-15 vcex_69d2ae930daed\"><div class=\"vcex-list-item-inner wpex-inline-flex wpex-flex-no-wrap\"><div class=\"vcex-list-item-icon wpex-mr-10\"><div class=\"vcex-list-item-icon-inner vcex-icon-wrap wpex-inline-flex wpex-justify-center wpex-items-center wpex-leading-none wpex-child-inherit-color\"><span class=\"wpex-icon--w far fa-check-circle\" aria-hidden=\"true\"><\/span><\/div><\/div><div class=\"vcex-list-item-text vcex-content wpex-flex-grow\">Sipari\u015f verimlili\u011fi<\/div><\/div><\/div><style>.vcex-list_item.vcex_69d2ae930e3c9{color:#222222;font-size:16px;}.vcex-list_item.vcex_69d2ae930e3c9 .vcex-list-item-icon-inner{color:#0145ff;}<\/style><div class=\"vcex-list_item vcex-module wpex-m-0 wpex-max-w-100 wpex-mb-15 vcex_69d2ae930e3c9\"><div class=\"vcex-list-item-inner wpex-inline-flex wpex-flex-no-wrap\"><div class=\"vcex-list-item-icon wpex-mr-10\"><div class=\"vcex-list-item-icon-inner vcex-icon-wrap wpex-inline-flex wpex-justify-center wpex-items-center wpex-leading-none wpex-child-inherit-color\"><span class=\"wpex-icon--w far fa-check-circle\" aria-hidden=\"true\"><\/span><\/div><\/div><div class=\"vcex-list-item-text vcex-content wpex-flex-grow\">M\u00fckemmel Teknik Destek<\/div><\/div><\/div><\/div><\/div><\/div><div class=\"wpb_column vc_column_container vc_col-sm-6\"><div class=\"vc_column-inner\"><div class=\"wpb_wrapper\"><figure class=\"vcex-image vcex-module\"><div class=\"vcex-image-inner wpex-relative wpex-inline-block\"><img width=\"1485\" height=\"1262\" src=\"https:\/\/glassbottlesmanufacturer.com\/wp-content\/uploads\/2024\/05\/\u4ed3\u5e93.webp\" class=\"vcex-image-img wpex-align-middle\" alt=\"\" loading=\"lazy\" decoding=\"async\" srcset=\"https:\/\/glassbottlesmanufacturer.com\/wp-content\/uploads\/2024\/05\/\u4ed3\u5e93.webp 1485w, https:\/\/glassbottlesmanufacturer.com\/wp-content\/uploads\/2024\/05\/\u4ed3\u5e93-300x255.webp 300w, https:\/\/glassbottlesmanufacturer.com\/wp-content\/uploads\/2024\/05\/\u4ed3\u5e93-1024x870.webp 1024w, https:\/\/glassbottlesmanufacturer.com\/wp-content\/uploads\/2024\/05\/\u4ed3\u5e93-768x653.webp 768w, https:\/\/glassbottlesmanufacturer.com\/wp-content\/uploads\/2024\/05\/\u4ed3\u5e93-600x510.webp 600w\" sizes=\"auto, (max-width: 1485px) 100vw, 1485px\" \/><\/div><\/figure><\/div><\/div><\/div><\/div><div class=\"vc_row wpb_row vc_row-fluid vc_custom_1717577248449\"><div class=\"wpb_column vc_column_container vc_col-sm-4\"><div class=\"vc_column-inner\"><div class=\"wpb_wrapper\"><figure class=\"vcex-image vcex-module\"><div class=\"vcex-image-inner wpex-relative wpex-inline-block\"><img width=\"2560\" height=\"2560\" src=\"https:\/\/glassbottlesmanufacturer.com\/wp-content\/uploads\/2024\/06\/\u4ed3\u5e931-scaled.webp\" class=\"vcex-image-img wpex-align-middle\" alt=\"\" loading=\"lazy\" decoding=\"async\" srcset=\"https:\/\/glassbottlesmanufacturer.com\/wp-content\/uploads\/2024\/06\/\u4ed3\u5e931-scaled.webp 2560w, https:\/\/glassbottlesmanufacturer.com\/wp-content\/uploads\/2024\/06\/\u4ed3\u5e931-300x300.webp 300w, https:\/\/glassbottlesmanufacturer.com\/wp-content\/uploads\/2024\/06\/\u4ed3\u5e931-1024x1024.webp 1024w, https:\/\/glassbottlesmanufacturer.com\/wp-content\/uploads\/2024\/06\/\u4ed3\u5e931-150x150.webp 150w, https:\/\/glassbottlesmanufacturer.com\/wp-content\/uploads\/2024\/06\/\u4ed3\u5e931-768x768.webp 768w, https:\/\/glassbottlesmanufacturer.com\/wp-content\/uploads\/2024\/06\/\u4ed3\u5e931-1536x1536.webp 1536w, https:\/\/glassbottlesmanufacturer.com\/wp-content\/uploads\/2024\/06\/\u4ed3\u5e931-2048x2048.webp 2048w, https:\/\/glassbottlesmanufacturer.com\/wp-content\/uploads\/2024\/06\/\u4ed3\u5e931-600x600.webp 600w, https:\/\/glassbottlesmanufacturer.com\/wp-content\/uploads\/2024\/06\/\u4ed3\u5e931-100x100.webp 100w\" sizes=\"auto, (max-width: 2560px) 100vw, 2560px\" \/><\/div><\/figure><\/div><\/div><\/div><div class=\"wpb_column vc_column_container vc_col-sm-4\"><div class=\"vc_column-inner\"><div class=\"wpb_wrapper\"><figure class=\"vcex-image vcex-module\"><div class=\"vcex-image-inner wpex-relative wpex-inline-block\"><img width=\"2560\" height=\"2560\" src=\"https:\/\/glassbottlesmanufacturer.com\/wp-content\/uploads\/2024\/06\/\u5fae\u4fe1\u56fe\u7247_20240429092443-scaled.webp\" class=\"vcex-image-img wpex-align-middle\" alt=\"\" loading=\"lazy\" decoding=\"async\" srcset=\"https:\/\/glassbottlesmanufacturer.com\/wp-content\/uploads\/2024\/06\/\u5fae\u4fe1\u56fe\u7247_20240429092443-scaled.webp 2560w, https:\/\/glassbottlesmanufacturer.com\/wp-content\/uploads\/2024\/06\/\u5fae\u4fe1\u56fe\u7247_20240429092443-300x300.webp 300w, https:\/\/glassbottlesmanufacturer.com\/wp-content\/uploads\/2024\/06\/\u5fae\u4fe1\u56fe\u7247_20240429092443-1024x1024.webp 1024w, https:\/\/glassbottlesmanufacturer.com\/wp-content\/uploads\/2024\/06\/\u5fae\u4fe1\u56fe\u7247_20240429092443-150x150.webp 150w, https:\/\/glassbottlesmanufacturer.com\/wp-content\/uploads\/2024\/06\/\u5fae\u4fe1\u56fe\u7247_20240429092443-768x768.webp 768w, https:\/\/glassbottlesmanufacturer.com\/wp-content\/uploads\/2024\/06\/\u5fae\u4fe1\u56fe\u7247_20240429092443-1536x1536.webp 1536w, https:\/\/glassbottlesmanufacturer.com\/wp-content\/uploads\/2024\/06\/\u5fae\u4fe1\u56fe\u7247_20240429092443-2048x2048.webp 2048w, https:\/\/glassbottlesmanufacturer.com\/wp-content\/uploads\/2024\/06\/\u5fae\u4fe1\u56fe\u7247_20240429092443-600x600.webp 600w, https:\/\/glassbottlesmanufacturer.com\/wp-content\/uploads\/2024\/06\/\u5fae\u4fe1\u56fe\u7247_20240429092443-100x100.webp 100w\" sizes=\"auto, (max-width: 2560px) 100vw, 2560px\" \/><\/div><\/figure><\/div><\/div><\/div><div class=\"wpb_column vc_column_container vc_col-sm-4\"><div class=\"vc_column-inner\"><div class=\"wpb_wrapper\"><figure class=\"vcex-image vcex-module\"><div class=\"vcex-image-inner wpex-relative wpex-inline-block\"><img width=\"480\" height=\"480\" src=\"https:\/\/glassbottlesmanufacturer.com\/wp-content\/uploads\/2024\/06\/\u5fae\u4fe1\u56fe\u7247_202112140914301.webp\" class=\"vcex-image-img wpex-align-middle\" alt=\"\" loading=\"lazy\" decoding=\"async\" srcset=\"https:\/\/glassbottlesmanufacturer.com\/wp-content\/uploads\/2024\/06\/\u5fae\u4fe1\u56fe\u7247_202112140914301.webp 480w, https:\/\/glassbottlesmanufacturer.com\/wp-content\/uploads\/2024\/06\/\u5fae\u4fe1\u56fe\u7247_202112140914301-300x300.webp 300w, https:\/\/glassbottlesmanufacturer.com\/wp-content\/uploads\/2024\/06\/\u5fae\u4fe1\u56fe\u7247_202112140914301-150x150.webp 150w, https:\/\/glassbottlesmanufacturer.com\/wp-content\/uploads\/2024\/06\/\u5fae\u4fe1\u56fe\u7247_202112140914301-100x100.webp 100w\" sizes=\"auto, (max-width: 480px) 100vw, 480px\" \/><\/div><\/figure><\/div><\/div><\/div><\/div><div class=\"vc_row wpb_row vc_row-fluid vc_custom_1717577329690\"><div class=\"wpb_column vc_column_container vc_col-sm-4\"><div class=\"vc_column-inner\"><div class=\"wpb_wrapper\"><figure class=\"vcex-image vcex-module\"><div class=\"vcex-image-inner wpex-relative wpex-inline-block\"><img width=\"1080\" height=\"1440\" src=\"https:\/\/glassbottlesmanufacturer.com\/wp-content\/uploads\/2024\/06\/\u5fae\u4fe1\u56fe\u7247_202111011025086.jpg\" class=\"vcex-image-img wpex-align-middle\" alt=\"\" loading=\"lazy\" decoding=\"async\" srcset=\"https:\/\/glassbottlesmanufacturer.com\/wp-content\/uploads\/2024\/06\/\u5fae\u4fe1\u56fe\u7247_202111011025086.jpg 1080w, https:\/\/glassbottlesmanufacturer.com\/wp-content\/uploads\/2024\/06\/\u5fae\u4fe1\u56fe\u7247_202111011025086-225x300.jpg 225w, https:\/\/glassbottlesmanufacturer.com\/wp-content\/uploads\/2024\/06\/\u5fae\u4fe1\u56fe\u7247_202111011025086-768x1024.jpg 768w, https:\/\/glassbottlesmanufacturer.com\/wp-content\/uploads\/2024\/06\/\u5fae\u4fe1\u56fe\u7247_202111011025086-600x800.jpg 600w\" sizes=\"auto, (max-width: 1080px) 100vw, 1080px\" \/><\/div><\/figure><\/div><\/div><\/div><div class=\"wpb_column vc_column_container vc_col-sm-4\"><div class=\"vc_column-inner\"><div class=\"wpb_wrapper\"><figure class=\"vcex-image vcex-module\"><div class=\"vcex-image-inner wpex-relative wpex-inline-block\"><img width=\"1280\" height=\"1707\" src=\"https:\/\/glassbottlesmanufacturer.com\/wp-content\/uploads\/2024\/06\/\u5fae\u4fe1\u56fe\u7247_20240605161941.webp\" class=\"vcex-image-img wpex-align-middle\" alt=\"\" loading=\"lazy\" decoding=\"async\" srcset=\"https:\/\/glassbottlesmanufacturer.com\/wp-content\/uploads\/2024\/06\/\u5fae\u4fe1\u56fe\u7247_20240605161941.webp 1280w, https:\/\/glassbottlesmanufacturer.com\/wp-content\/uploads\/2024\/06\/\u5fae\u4fe1\u56fe\u7247_20240605161941-225x300.webp 225w, https:\/\/glassbottlesmanufacturer.com\/wp-content\/uploads\/2024\/06\/\u5fae\u4fe1\u56fe\u7247_20240605161941-768x1024.webp 768w, https:\/\/glassbottlesmanufacturer.com\/wp-content\/uploads\/2024\/06\/\u5fae\u4fe1\u56fe\u7247_20240605161941-1152x1536.webp 1152w, https:\/\/glassbottlesmanufacturer.com\/wp-content\/uploads\/2024\/06\/\u5fae\u4fe1\u56fe\u7247_20240605161941-600x800.webp 600w\" sizes=\"auto, (max-width: 1280px) 100vw, 1280px\" \/><\/div><\/figure><\/div><\/div><\/div><div class=\"wpb_column vc_column_container vc_col-sm-4\"><div class=\"vc_column-inner\"><div class=\"wpb_wrapper\"><figure class=\"vcex-image vcex-module\"><div class=\"vcex-image-inner wpex-relative wpex-inline-block\"><img width=\"1080\" height=\"1440\" src=\"https:\/\/glassbottlesmanufacturer.com\/wp-content\/uploads\/2024\/06\/\u5fae\u4fe1\u56fe\u7247_202111011025085-1.webp\" class=\"vcex-image-img wpex-align-middle\" alt=\"\" loading=\"lazy\" decoding=\"async\" srcset=\"https:\/\/glassbottlesmanufacturer.com\/wp-content\/uploads\/2024\/06\/\u5fae\u4fe1\u56fe\u7247_202111011025085-1.webp 1080w, https:\/\/glassbottlesmanufacturer.com\/wp-content\/uploads\/2024\/06\/\u5fae\u4fe1\u56fe\u7247_202111011025085-1-225x300.webp 225w, https:\/\/glassbottlesmanufacturer.com\/wp-content\/uploads\/2024\/06\/\u5fae\u4fe1\u56fe\u7247_202111011025085-1-768x1024.webp 768w, https:\/\/glassbottlesmanufacturer.com\/wp-content\/uploads\/2024\/06\/\u5fae\u4fe1\u56fe\u7247_202111011025085-1-600x800.webp 600w\" sizes=\"auto, (max-width: 1080px) 100vw, 1080px\" \/><\/div><\/figure><\/div><\/div><\/div><\/div><div class=\"vc_row wpb_row vc_row-fluid\"><div class=\"wpb_column vc_column_container vc_col-sm-12\"><div class=\"vc_column-inner\"><div class=\"wpb_wrapper\">\n\t<div class=\"wpb_text_column wpb_content_element\" >\n\t\t<div class=\"wpb_wrapper\">\n\t\t\t<p style=\"text-align: left;\"><strong><span class=\"wpex-text-lg\">Premium Cam \u015ei\u015feleriniz i\u00e7in Sofistike Depolama<\/span><\/strong><\/p>\n<p style=\"text-align: left;\"><span class=\"wpex-text-lg\">Hiking Glass olarak, m\u00fckemmel \u015fi\u015fenin i\u00e7indekilerin \u00f6z\u00fcn\u00fc korudu\u011funu ve geli\u015ftirdi\u011fini biliyoruz. Bu nedenle depolama tesislerimiz, cam \u015farap \u015fi\u015felerinin \u00f6zel ihtiya\u00e7lar\u0131n\u0131 kar\u015f\u0131lamak i\u00e7in benzersiz bir \u015fekilde tasarlanm\u0131\u015ft\u0131r. \u0130klim kontroll\u00fc depolama ve son teknoloji ta\u015f\u0131ma sistemleriyle, her \u015fi\u015fenin fabrikam\u0131zdan tesisinize kadar b\u00fct\u00fcnl\u00fc\u011f\u00fcn\u00fc korumas\u0131n\u0131 sa\u011fl\u0131yoruz.<\/span><\/p>\n<p style=\"text-align: left;\"><strong><span class=\"wpex-text-lg\">\u00d6zenle Ta\u015f\u0131nan Uzman Nakliye<\/span><\/strong><\/p>\n<p style=\"text-align: left;\"><span class=\"wpex-text-lg\">Zarif \u015fi\u015feleriniz, yaratt\u0131\u011f\u0131n\u0131z \u00fcr\u00fcnler kadar rafine bir nakliye hizmetini hak ediyor. Hassas cam e\u015fyalar\u0131 paketleme ve ta\u015f\u0131ma sanat\u0131n\u0131 m\u00fckemmelle\u015ftirdik ve \u015fi\u015felerinizi nakliyenin her a\u015famas\u0131nda koruyan g\u00fcvenli, g\u00fcvenilir ve verimli nakliye \u00e7\u00f6z\u00fcmleri sunuyoruz. Sofistike yast\u0131klama ve paketleme tekniklerimiz, \u015fi\u015felerinizin zarafetini korumak ve onlar\u0131 her seferinde kusursuz durumda teslim etmek i\u00e7in \u00f6zel olarak tasarlanm\u0131\u015ft\u0131r.<\/span><\/p>\n<p><strong><span class=\"wpex-text-lg\">D\u00fcnya \u00c7ap\u0131ndaki \u015earap \u0130malathaneleri i\u00e7in Kolayla\u015ft\u0131r\u0131lm\u0131\u015f Da\u011f\u0131t\u0131m<\/span><\/strong><\/p>\n<p><span class=\"wpex-text-lg\">\u015earap \u00fcreticileri ve \u015faraphane sahipleri olarak hassasiyet ve \u00f6zene de\u011fer veriyorsunuz. \u00d6zel depolama ve sevkiyat hizmetlerimiz, ayn\u0131 ayr\u0131nt\u0131 d\u00fczeyini i\u015f operasyonlar\u0131n\u0131za da yaymak i\u00e7in tasarlanm\u0131\u015ft\u0131r. Bizimle ortakl\u0131k kurmak, g\u00fczel cam \u015fi\u015felerinizin k\u0131r\u0131lma veya gecikme endi\u015fesi olmadan her seferinde her rafta sergilenmesini sa\u011flayan sorunsuz bir lojistik a\u011f\u0131na eri\u015fmek anlam\u0131na gelir.<\/span><\/p>\n<p><strong><span class=\"wpex-text-lg\">\u015earap End\u00fcstrisi i\u00e7in Ak\u0131ll\u0131 Lojistik<\/span><\/strong><\/p>\n<p><span class=\"wpex-text-lg\">Envanterinizin 7\/24 tam g\u00f6r\u00fcn\u00fcrl\u00fc\u011f\u00fcn\u00fc sunan ak\u0131ll\u0131 takip sistemlerimizle lojistik deneyiminizi geli\u015ftirin. \u0130ster bir sonraki yo\u011fun sezona haz\u0131rlan\u0131yor ister yeni bir \u015farap \u015fi\u015fesi serisini piyasaya s\u00fcr\u00fcyor olun, lojistik platformumuz sizi bilgilendirir ve kontrol\u00fc elinizde tutar. Ger\u00e7ek zamanl\u0131 g\u00fcncellemeler ve tahmine dayal\u0131 analitik ile talebi \u00f6ng\u00f6rmenize ve arz\u0131 y\u00f6netmenize yard\u0131mc\u0131 oluyoruz - \u00e7\u00fcnk\u00fc s\u00f6z konusu \u015farap oldu\u011funda zamanlama her \u015feydir.<\/span><\/p>\n<p><strong><span class=\"wpex-text-lg\">Kusursuz Yerine Getirmeye Kadeh Kald\u0131ral\u0131m<\/span><\/strong><\/p>\n<p><span class=\"wpex-text-lg\">Depomuzdan m\u00fc\u015fterinizin kap\u0131s\u0131na kadar her ad\u0131m\u0131 de\u011ferli k\u0131l\u0131yoruz. Depolama ve sevkiyatta m\u00fckemmelli\u011fe olan ba\u011fl\u0131l\u0131\u011f\u0131m\u0131z, i\u015finizin y\u00fcksek standartlar\u0131n\u0131 yans\u0131t\u0131r. \u00c7\u00fcnk\u00fc \u015fi\u015feleriniz bize emanet edildi\u011finde, onlar\u0131 sadece \u00fcr\u00fcn olarak de\u011fil, sanat ve gelene\u011fin kaplar\u0131 olarak ele al\u0131yoruz.\u00a0<\/span><\/p>\n<p><span class=\"wpex-text-lg\">Her paragraf, m\u00fc\u015fterilerinizin \u00fcr\u00fcnlerinizden bekledi\u011fi kalite ve \u00f6zenle uyumlu olacak \u015fekilde, cam \u015fi\u015felerin ta\u015f\u0131nmas\u0131, depolanmas\u0131 ve sevkiyat\u0131nda g\u00f6sterilen \u00f6zen ve dikkati aktarmak i\u00e7in olu\u015fturulmu\u015ftur.<\/span><\/p>\n\n\t\t<\/div>\n\t<\/div>\n<\/div><\/div><\/div><\/div>\n<\/div>","protected":false},"excerpt":{"rendered":"Warehousing With more than 2,600,000 sq ft available, it allows us to stock over 2000+ items, while reserving plenty of space for customer property. We understand that many of our customers do not have enough space to store their inventory. We can work with you to develop a warehousing plan to meet your company\u2019s needs.&hellip;","protected":false},"author":1,"featured_media":0,"parent":0,"menu_order":0,"comment_status":"closed","ping_status":"closed","template":"","meta":{"footnotes":""},"class_list":["post-7354","page","type-page","status-publish","hentry","entry","no-media"],"_links":{"self":[{"href":"https:\/\/glassbottlesmanufacturer.com\/tr\/wp-json\/wp\/v2\/pages\/7354","targetHints":{"allow":["GET"]}}],"collection":[{"href":"https:\/\/glassbottlesmanufacturer.com\/tr\/wp-json\/wp\/v2\/pages"}],"about":[{"href":"https:\/\/glassbottlesmanufacturer.com\/tr\/wp-json\/wp\/v2\/types\/page"}],"author":[{"embeddable":true,"href":"https:\/\/glassbottlesmanufacturer.com\/tr\/wp-json\/wp\/v2\/users\/1"}],"replies":[{"embeddable":true,"href":"https:\/\/glassbottlesmanufacturer.com\/tr\/wp-json\/wp\/v2\/comments?post=7354"}],"version-history":[{"count":4,"href":"https:\/\/glassbottlesmanufacturer.com\/tr\/wp-json\/wp\/v2\/pages\/7354\/revisions"}],"predecessor-version":[{"id":7434,"href":"https:\/\/glassbottlesmanufacturer.com\/tr\/wp-json\/wp\/v2\/pages\/7354\/revisions\/7434"}],"wp:attachment":[{"href":"https:\/\/glassbottlesmanufacturer.com\/tr\/wp-json\/wp\/v2\/media?parent=7354"}],"curies":[{"name":"wp","href":"https:\/\/api.w.org\/{rel}","templated":true}]}}