{"id":3474,"date":"2017-08-25T01:13:36","date_gmt":"2017-08-25T01:13:36","guid":{"rendered":"https:\/\/glassbottlesmanufacturer.com\/?post_type=product&#038;p=3474"},"modified":"2018-03-30T09:45:19","modified_gmt":"2018-03-30T09:45:19","slug":"750ml-luxury-brandy-bottle-compound-cork","status":"publish","type":"product","link":"https:\/\/glassbottlesmanufacturer.com\/tr\/toptan-satis\/750ml-luxury-brandy-bottle-compound-cork\/","title":{"rendered":"BILE\u015eIK MANTARLI 750ML L\u00dcKS BRENDI \u015eI\u015eESI"},"content":{"rendered":"<p>750ml luxury brandy bottle with compound cork. The 750ml size is a standard liquor size in mostly markets. Luxury brandy bottle is widely use in premium market. There are crystal and super flint glass materials to produce the 750ml luxury brandy bottle. Crystal with a high degree transparency and the smooth surface. The only difference is that crystal bottle contain lead, which is not safe for human healthy, so crystal glass bottles are for collection usually. This 750ml luxury brandy bottle has a unique shape and unique design. There are two label panels in both front side and back side.<\/p>\n<p><strong>Dekorasyon Uygulamas\u0131<\/strong><\/p>\n<p>Y\u00fcr\u00fcy\u00fc\u015f cam \u015fi\u015fe \u015firketi, b\u00fcy\u00fck 3L cam \u015fi\u015fe i\u00e7in \u00e7ok \u00e7e\u015fitli s\u00fcslemeler sa\u011flar. \u0130pek bask\u0131, \u00e7\u0131kartma, buzlanma, renkli p\u00fcsk\u00fcrtme, elektrokaplama, etiketleme, kabartma ve grav\u00fcr. Bu 500ml alkol \u015fi\u015fesi yukar\u0131daki t\u00fcm s\u00fcslemeler i\u00e7in kullan\u0131labilir.<\/p>\n<p><strong>Nakliye\/Nakliye Bilgileri<\/strong><\/p>\n<ul>\n<li>Stokta 5-10 g\u00fcn.<\/li>\n<\/ul>\n<p>Plain clear alcohol glass bottles are available for immediate delivery(with the exception of official holidays and inclement weather). Depending on the bottle decoration, packaging way and shipping schedule. Pallets packaging is faster than cartons packaging.<\/p>\n<ul>\n<li>\u00dcretim Stoku 7-15 g\u00fcn<\/li>\n<\/ul>\n<p>Cam \u015fi\u015feler \u00fcretim tesisimizde mevcuttur. Y\u00fcr\u00fcy\u00fc\u015f cam \u015fi\u015fe fabrikas\u0131 her g\u00fcn 10 bin adet cam \u015fi\u015fe \u00fcretmektedir. \u015ei\u015fe dekorasyonuna, paketleme \u015fekline ve nakliye program\u0131na ba\u011fl\u0131 olarak. Palet paketleme, karton paketlemeye g\u00f6re daha h\u0131zl\u0131d\u0131r.<\/p>\n<ul>\n<li>\u00d6zel Sipari\u015f 20-30 g\u00fcn<\/li>\n<\/ul>\n<p>Cam \u015fi\u015feler haz\u0131r Hiking Cam kal\u0131plar\u0131, yeni kal\u0131plar yapmak yerine h\u0131zl\u0131 bir \u00e7al\u0131\u015fma i\u00e7in kullan\u0131labilir. Cam \u015fi\u015fe \u00fcretiminde lider olan HIKING, binlerce model sunmaktad\u0131r. Cam \u015fi\u015fe dekorasyonuna, paketleme \u015fekline ve \u00fcretim program\u0131na ba\u011fl\u0131 olarak.<\/p>\n<ul>\n<li>\u00d6zel Sipari\u015f<\/li>\n<\/ul>\n<p>Cam \u015fi\u015feler m\u00fc\u015fteriler taraf\u0131ndan tasarlan\u0131r. Bu t\u00fcr \u00f6zelle\u015ftirilmi\u015f cam \u015fi\u015feler genellikle kabartmal\u0131 veya kaz\u0131nm\u0131\u015f marka logosuyla birlikte gelir. Genellikle numune i\u00e7in 15 g\u00fcn ve cam \u015fi\u015fe numunesi onayland\u0131ktan sonra resmi sat\u0131n alma sipari\u015fi i\u00e7in 20-30 g\u00fcn s\u00fcrer.<\/p>\n<h4>Welcome to contact HIKING GLASS sales team for an inquiry on 750ml luxury brandy bottle<\/h4>\n<div>\n<div class=\"wpcf7 no-js\" id=\"wpcf7-f19-o1\" lang=\"en-US\" dir=\"ltr\" data-wpcf7-id=\"19\">\n<div class=\"screen-reader-response\"><p role=\"status\" aria-live=\"polite\" aria-atomic=\"true\"><\/p> <ul><\/ul><\/div>\n<form action=\"\/tr\/wp-json\/wp\/v2\/product\/3474#wpcf7-f19-o1\" method=\"post\" class=\"wpcf7-form init\" aria-label=\"Contact form\" novalidate=\"novalidate\" data-status=\"init\" data-trp-original-action=\"\/tr\/wp-json\/wp\/v2\/product\/3474#wpcf7-f19-o1\">\n<fieldset class=\"hidden-fields-container\"><input type=\"hidden\" name=\"_wpcf7\" value=\"19\" \/><input type=\"hidden\" name=\"_wpcf7_version\" value=\"6.1.5\" \/><input type=\"hidden\" name=\"_wpcf7_locale\" value=\"en_US\" \/><input type=\"hidden\" name=\"_wpcf7_unit_tag\" value=\"wpcf7-f19-o1\" \/><input type=\"hidden\" name=\"_wpcf7_container_post\" value=\"0\" \/><input type=\"hidden\" name=\"_wpcf7_posted_data_hash\" value=\"\" \/><input type=\"hidden\" name=\"_wpcf7dtx_version\" value=\"5.0.5\" \/>\n<\/fieldset>\n<p hidden><span class=\"wpcf7-form-control-wrap dynamictext-312\" data-name=\"dynamictext-312\"><input type=\"text\" name=\"dynamictext-312\" class=\"wpcf7-form-control wpcf7-text wpcf7dtx wpcf7dtx-text\" aria-invalid=\"false\" value=\"750ML LUXURY BRANDY BOTTLE WITH COMPOUND CORK\"><\/span>\n<\/p>\n<p><span class=\"wpcf7-form-control-wrap\" data-name=\"your-name\"><input size=\"40\" maxlength=\"400\" class=\"wpcf7-form-control wpcf7-text wpcf7-validates-as-required\" aria-required=\"true\" aria-invalid=\"false\" placeholder=\"Sizin ad\u0131n\u0131z\" value=\"\" type=\"text\" name=\"your-name\" \/><\/span>\n<\/p>\n<p><span class=\"wpcf7-form-control-wrap\" data-name=\"your-email\"><input size=\"40\" maxlength=\"400\" class=\"wpcf7-form-control wpcf7-email wpcf7-validates-as-required wpcf7-text wpcf7-validates-as-email\" aria-required=\"true\" aria-invalid=\"false\" placeholder=\"E-posta adresiniz\" value=\"\" type=\"email\" name=\"your-email\" \/><\/span>\n<\/p>\n<p><span class=\"wpcf7-form-control-wrap\" data-name=\"your-subject\"><input size=\"40\" maxlength=\"400\" class=\"wpcf7-form-control wpcf7-text wpcf7-validates-as-required\" aria-required=\"true\" aria-invalid=\"false\" placeholder=\"Mesaj Konusu\" value=\"\" type=\"text\" name=\"your-subject\" \/><\/span>\n<\/p>\n<p><span class=\"wpcf7-form-control-wrap\" data-name=\"your-message\"><textarea cols=\"40\" rows=\"10\" maxlength=\"2000\" class=\"wpcf7-form-control wpcf7-textarea\" aria-invalid=\"false\" placeholder=\"Mesaj\u0131n\u0131z\u0131 Buraya Yaz\u0131n...\" name=\"your-message\"><\/textarea><\/span>\n<\/p>\n<div style=\"display:none\">\n\t<p><span class=\"wpcf7-form-control-wrap form-url\" data-name=\"form-url\"><input type=\"text\" name=\"form-url\" class=\"wpcf7-form-control wpcf7-text wpcf7dtx wpcf7dtx-text\" aria-invalid=\"false\" value=\"https:\/\/glassbottlesmanufacturer.com\/tr\/tr\/wp-json\/wp\/v2\/product\/3474\"><\/span>\n\t<\/p>\n<\/div>\n<div style=\"margin-bottom:10px;\">\n\t<p><span class=\"wpcf7-form-control-wrap kc_captcha\" data-name=\"kc_captcha\"><span class=\"wpcf7-form-control wpcf7-radio\"><span class=\"captcha-image\" ><span class=\"cf7ic_instructions\">Please prove you are human by selecting the<span> tree<\/span>.<\/span><label><input aria-label=\"1\" type=\"radio\" name=\"kc_captcha\" value=\"bot\" \/><svg aria-hidden=\"true\" role=\"img\" xmlns=\"http:\/\/www.w3.org\/2000\/svg\" viewbox=\"0 0 576 512\"><path fill=\"currentColor\" d=\"M415 24c-53 0-103 42-127 65-24-23-74-65-127-65C70 24 16 77 16 166c0 72 67 133 69 135l187 181c9 8 23 8 32 0l187-180c2-3 69-64 69-136 0-89-54-142-145-142z\"\/><\/svg><\/label><label><input aria-label=\"2\" type=\"radio\" name=\"kc_captcha\" value=\"bot\" \/><svg aria-hidden=\"true\" role=\"img\" xmlns=\"http:\/\/www.w3.org\/2000\/svg\" viewbox=\"0 0 576 512\"><path fill=\"currentColor\" d=\"M488 313v143c0 13-11 24-24 24H348c-7 0-12-5-12-12V356c0-7-5-12-12-12h-72c-7 0-12 5-12 12v112c0 7-5 12-12 12H112c-13 0-24-11-24-24V313c0-4 2-7 4-10l188-154c5-4 11-4 16 0l188 154c2 3 4 6 4 10zm84-61l-84-69V44c0-6-5-12-12-12h-56c-7 0-12 6-12 12v73l-89-74a48 48 0 00-61 0L4 252c-5 4-5 12-1 17l25 31c5 5 12 5 17 1l235-193c5-4 11-4 16 0l235 193c5 5 13 4 17-1l25-31c4-6 4-13-1-17z\"\/><\/svg><\/label><label><input aria-label=\"3\" type=\"radio\" name=\"kc_captcha\" value=\"kc_human\" \/><svg aria-hidden=\"true\" role=\"img\" xmlns=\"http:\/\/www.w3.org\/2000\/svg\" viewbox=\"0 0 384 512\"><path fill=\"currentColor\" d=\"M377 375l-83-87h34c21 0 32-25 17-40l-82-88h33c21 0 32-25 18-40L210 8c-10-11-26-11-36 0L70 120c-14 15-3 40 18 40h33l-82 88c-15 15-4 40 17 40h34L7 375c-15 16-4 41 17 41h120c0 33-11 49-34 68-12 9-5 28 10 28h144c15 0 22-19 10-28-20-16-34-32-34-68h120c21 0 32-25 17-41z\"\/><\/svg><\/label>\r\n    <\/span>\r\n    <span style=\"display:none\">\r\n        <input type=\"text\" name=\"kc_honeypot\">\r\n    <\/span><\/span><\/span>\n\t<\/p>\n<\/div>\n<p><input class=\"wpcf7-form-control wpcf7-submit has-spinner\" type=\"submit\" value=\"Mesaj\u0131n\u0131z\u0131 G\u00f6nderin\" \/>\n<\/p><p style=\"display: none !important;\" class=\"akismet-fields-container\" data-prefix=\"_wpcf7_ak_\"><label>&#916;<textarea name=\"_wpcf7_ak_hp_textarea\" cols=\"45\" rows=\"8\" maxlength=\"100\"><\/textarea><\/label><input type=\"hidden\" id=\"ak_js_1\" name=\"_wpcf7_ak_js\" value=\"186\"\/><script>document.getElementById( \"ak_js_1\" ).setAttribute( \"value\", ( new Date() ).getTime() );<\/script><\/p><div class=\"wpcf7-response-output\" aria-hidden=\"true\"><\/div>\n<input type=\"hidden\" name=\"trp-form-language\" value=\"tr\"\/><\/form>\n<\/div>\n<\/div>","protected":false},"excerpt":{"rendered":"<table id=\"tablepress-12\" class=\"tablepress tablepress-id-12\">\n<thead>\n<tr class=\"row-1\">\n\t<th class=\"column-1\">\u00dcR\u00dcN ADI<\/th><th class=\"column-2\">BILE\u015eIK MANTARLI 750ML L\u00dcKS BRENDI \u015eI\u015eESI<\/th>\n<\/tr>\n<\/thead>\n<tbody class=\"row-striping row-hover\">\n<tr class=\"row-2\">\n\t<td class=\"column-1\">\u015e\u0130\u015eE BOYUTU<\/td><td class=\"column-2\">750ML<\/td>\n<\/tr>\n<tr class=\"row-3\">\n\t<td class=\"column-1\">MALZEME<\/td><td class=\"column-2\">Tip 1 Cam<\/td>\n<\/tr>\n<tr class=\"row-4\">\n\t<td class=\"column-1\">RENK<\/td><td class=\"column-2\">Ekstra Beyaz \u015eeffaf<\/td>\n<\/tr>\n<tr class=\"row-5\">\n\t<td class=\"column-1\">BOYUN B\u0130T\u0130\u015e\u0130<\/td><td class=\"column-2\">Bar \u00dcst\u00fc<\/td>\n<\/tr>\n<tr class=\"row-6\">\n\t<td class=\"column-1\">\u015e\u0130\u015eE \u015eEKL\u0130<\/td><td class=\"column-2\">D\u00fcz<\/td>\n<\/tr>\n<tr class=\"row-7\">\n\t<td class=\"column-1\">\u015e\u0130\u015eE A\u011eIRLI\u011eI<\/td><td class=\"column-2\">850G<\/td>\n<\/tr>\n<tr class=\"row-8\">\n\t<td class=\"column-1\">\u015e\u0130\u015eE Y\u00dcKSEKL\u0130\u011e\u0130<\/td><td class=\"column-2\">228MM\u00b12MM<\/td>\n<\/tr>\n<tr class=\"row-9\">\n\t<td class=\"column-1\">\u015eI\u015eE \u00c7API<\/td><td class=\"column-2\">92.3MM\u00b12MM<\/td>\n<\/tr>\n<\/tbody>\n<\/table>\n<!-- #tablepress-12 from cache -->","protected":false},"featured_media":3738,"comment_status":"open","ping_status":"closed","template":"","meta":[],"product_brand":[],"product_cat":[68],"product_tag":[],"class_list":{"0":"post-3474","1":"product","2":"type-product","3":"status-publish","4":"has-post-thumbnail","6":"product_cat-750ml-glass-bottles","7":"entry","8":"has-media","10":"first","11":"instock","12":"shipping-taxable","13":"product-type-simple"},"_links":{"self":[{"href":"https:\/\/glassbottlesmanufacturer.com\/tr\/wp-json\/wp\/v2\/product\/3474","targetHints":{"allow":["GET"]}}],"collection":[{"href":"https:\/\/glassbottlesmanufacturer.com\/tr\/wp-json\/wp\/v2\/product"}],"about":[{"href":"https:\/\/glassbottlesmanufacturer.com\/tr\/wp-json\/wp\/v2\/types\/product"}],"replies":[{"embeddable":true,"href":"https:\/\/glassbottlesmanufacturer.com\/tr\/wp-json\/wp\/v2\/comments?post=3474"}],"wp:featuredmedia":[{"embeddable":true,"href":"https:\/\/glassbottlesmanufacturer.com\/tr\/wp-json\/wp\/v2\/media\/3738"}],"wp:attachment":[{"href":"https:\/\/glassbottlesmanufacturer.com\/tr\/wp-json\/wp\/v2\/media?parent=3474"}],"wp:term":[{"taxonomy":"product_brand","embeddable":true,"href":"https:\/\/glassbottlesmanufacturer.com\/tr\/wp-json\/wp\/v2\/product_brand?post=3474"},{"taxonomy":"product_cat","embeddable":true,"href":"https:\/\/glassbottlesmanufacturer.com\/tr\/wp-json\/wp\/v2\/product_cat?post=3474"},{"taxonomy":"product_tag","embeddable":true,"href":"https:\/\/glassbottlesmanufacturer.com\/tr\/wp-json\/wp\/v2\/product_tag?post=3474"}],"curies":[{"name":"wp","href":"https:\/\/api.w.org\/{rel}","templated":true}]}}