{"id":3929,"date":"2017-10-23T14:00:49","date_gmt":"2017-10-23T14:00:49","guid":{"rendered":"https:\/\/glassbottlesmanufacturer.com\/?post_type=product&#038;p=3929"},"modified":"2018-04-02T03:28:45","modified_gmt":"2018-04-02T03:28:45","slug":"25cl-super-cakmaktasi-cam-sise-toptan-satisi","status":"publish","type":"product","link":"https:\/\/glassbottlesmanufacturer.com\/tr\/toptan-satis\/25cl-super-cakmaktasi-cam-sise-toptan-satisi\/","title":{"rendered":"25CL S\u00dcPER \u00c7AKMAKTA\u015eI CAM \u015eI\u015eE TOPTAN SATI\u015eI"},"content":{"rendered":"<p>\u00c7in'den toptan 25cl s\u00fcper \u00e7akmakta\u015f\u0131 cam \u015fi\u015fe. 25cl s\u00fcper \u00e7akmakta\u015f\u0131 cam \u015fi\u015fe ince ve daha uzun silindir \u015feklinde cam \u015fi\u015fedir. Votka, cin, ispirto, lik\u00f6r, alkol vb. doldurmak i\u00e7in kullan\u0131l\u0131r. Bir\u00e7ok \u00fclkeye sat\u0131lm\u0131\u015ft\u0131r. Bu \u015fi\u015fe \u00e7ok k\u00fc\u00e7\u00fckt\u00fcr ve y\u00fczeyinde \u00e7ok p\u00fcr\u00fczs\u00fczd\u00fcr, ayr\u0131ca \u015fi\u015fenin taban\u0131 \u00e7ok kal\u0131nd\u0131r. \u015fi\u015fenin \u00fcst\u00fcnde tapa contas\u0131 kullan\u0131lm\u0131\u015ft\u0131r. Daha g\u00fczel g\u00f6r\u00fcnmesini istiyorsan\u0131z, size damgalama ile shrink sleeve de tedarik edebiliriz. 25cl s\u00fcper \u00e7akmakta\u015f\u0131 cam \u015fi\u015fe, daha fazla ilginiz varsa, l\u00fctfen beni aray\u0131n veya bana mesaj b\u0131rak\u0131n.<\/p>\n<h4><strong><b>Dekorasyon Uygulamas\u0131<\/b><\/strong><\/h4>\n<p>HIKING Cam \u015fi\u015fe \u00fcreticisi, 25cl s\u00fcper \u00e7akmakta\u015f\u0131 cam \u015fi\u015fe toptan sat\u0131\u015f\u0131 i\u00e7in bol miktarda derin dekorasyon ve \u00e7ok y\u00fczeyli i\u015fleme sunar. Buzlu cam \u015fi\u015felere logo basma, \u015feffaf y\u00fczeye renk p\u00fcsk\u00fcrtme ve pazar kalitesini art\u0131rmak i\u00e7in UV elektrokaplama parlak ve parlak renkler gibi HIKING cam \u015fi\u015fe fabrikas\u0131ndan tek noktadan hizmetin keyfini \u00e7\u0131karabilirsiniz.<\/p>\n<h4><strong><b>Nakliye\/Nakliye Bilgileri<\/b><\/strong><\/h4>\n<ul>\n<li>D\u00fcz Cam \u015ei\u015feler Stokta 5-10 g\u00fcn.<\/li>\n<\/ul>\n<p>HIKING cam \u015fi\u015fe \u00fcreticisi, 25cl s\u00fcper \u00e7akmakta\u015f\u0131 cam \u015fi\u015fe toptan sat\u0131\u015f\u0131 i\u00e7in yeterli stok tedarik etmektedir. HIKING Cam \u015fi\u015fe fabrikas\u0131, standart paketleme y\u00f6ntemimizi kullan\u0131rsa, stok cam \u015fi\u015feler i\u00e7in kargoyu bir hafta i\u00e7inde teslim edebilir. \u00d6zel renkli kutu ambalaj\u0131 i\u00e7in daha uzun zaman alacakt\u0131r.<\/p>\n<ul>\n<li>\u00dcretim Stoku 7-15 g\u00fcn<\/li>\n<\/ul>\n<p>25cl s\u00fcper \u00e7akmakta\u015f\u0131 cam \u015fi\u015fe HIKING \u00fcretim hatt\u0131nda mevcutsa, h\u0131zl\u0131 teslimat\u0131 ger\u00e7ekle\u015ftirmek i\u00e7in cam \u015fi\u015fe program\u0131n\u0131 g\u00fcncelleyebiliriz. Herhangi bir dekorasyon olmadan d\u00fcz 25cl s\u00fcper \u00e7akmakta\u015f\u0131 cam \u015fi\u015fe i\u00e7in bir hafta. Serigrafi bask\u0131, buzlanma, p\u00fcsk\u00fcrtme, elektrokaplama vb. gibi dekorasyonlu ruh \u015fi\u015feleri i\u00e7in iki hafta.<\/p>\n<ul>\n<li>\u00d6zel Sipari\u015f 20-30 g\u00fcn<\/li>\n<\/ul>\n<p>HIKING cam \u015fi\u015fe \u015firketi son 10 y\u0131lda binlerce cam \u015fi\u015fe kal\u0131b\u0131 geli\u015ftirmi\u015ftir. \u00c7o\u011funlukla viski \u015fi\u015feleri, \u00f6zellikle 750ml votka \u015fi\u015fesi, 700ml brendi \u015fi\u015fesi, 75cl viski cam \u015fi\u015fesi ve 500ml konyak ruhlar\u0131 cam \u015fi\u015feleri i\u00e7in bir\u00e7ok \u00fclkede s\u0131cak sat\u0131\u015f yapmaktad\u0131r. Dam\u0131t\u0131m \u015firketi HIKING'in cam \u015fi\u015fe tasar\u0131mlar\u0131ndan birini se\u00e7erse, kal\u0131p maliyetinden ve daha h\u0131zl\u0131 teslimat s\u00fcresinden tasarruf edecektir. Bu 25cl s\u00fcper \u00e7akmakta\u015f\u0131 cam \u015fi\u015fe, yeni kal\u0131p geli\u015ftirmek yerine h\u0131zl\u0131 bir \u00e7al\u0131\u015fma i\u00e7in kullan\u0131labilir. Standart paketleme y\u00f6ntemi i\u00e7in, toplu cam \u015fi\u015fe sat\u0131n al\u0131m\u0131 genellikle 20 g\u00fcn s\u00fcrer. Ve renkli kutu gibi \u00f6zel ambalajlar i\u00e7in 30 g\u00fcn.<\/p>\n<ul>\n<li>\u00d6zel Sipari\u015f 40 g\u00fcn<\/li>\n<\/ul>\n<p>Baz\u0131 i\u00e7ki fabrikalar\u0131 kendi \u00f6zel i\u00e7ki ambalajlar\u0131na sahiptir, bu nedenle kendi cam \u015fi\u015fe ambalajlar\u0131 vard\u0131r. Bu \u015fekilde, cam \u015fi\u015fe \u00e7izimlerini veya cam \u015fi\u015fe \u00f6rneklerini, hatta bir cam \u015fi\u015fe resmini sa\u011flarlarsa, HIKING cam \u015fi\u015fe tedarik\u00e7isi ayn\u0131 cam \u015fi\u015feyi geli\u015ftirecek veya kopyalayacakt\u0131r. 25cl s\u00fcper \u00e7akmakta\u015f\u0131 cam \u015fi\u015fe \u00fczerine logo kabartabilir ve cam lik\u00f6r \u015fi\u015feleri \u00fczerine desen kaz\u0131yabiliriz. Cam \u015fi\u015fe kal\u0131b\u0131n\u0131n yap\u0131lmas\u0131 ve cam \u015fi\u015fe \u00f6rneklerinin bitirilmesi 15 g\u00fcn s\u00fcrer. Resmi bir cam \u015fi\u015fe sipari\u015fi, m\u00fc\u015fteriler taraf\u0131ndan onaylanan lik\u00f6r \u015fi\u015fesi \u00f6rneklerinden sonra ba\u015flar.<\/p>\n<h4><strong><b>Cam \u015ei\u015fe Ambalajlar\u0131<\/b><\/strong><\/h4>\n<p>HIKING cam \u015fi\u015fe fabrikas\u0131, hem karada hem de okyanusta uzun s\u00fcre ve uzun yol ta\u015f\u0131mac\u0131l\u0131\u011f\u0131 i\u00e7in g\u00fcvenli bir ambalaj sa\u011flar. M\u00fchendislerimiz, m\u00fc\u015fterinin gereksinimlerini kar\u015f\u0131lamak i\u00e7in birka\u00e7 farkl\u0131 paketleme y\u00f6ntemi sunar. M\u00fc\u015fterinin \u00fclkesinde ortaya \u00e7\u0131kan \u00e7oklu maliyete ba\u011fl\u0131 olarak en ekonomik cam \u015fi\u015fe paketleme \u00e7\u00f6z\u00fcmlerini sunuyoruz.<\/p>\n<ul>\n<li>Standart Karton Ambalaj<\/li>\n<\/ul>\n<p>Karton ambalaj, bask\u0131 cam \u015fi\u015feler ve renkli cam \u015fi\u015feler gibi dekorasyonlu 25cl s\u00fcper \u00e7akmakta\u015f\u0131 cam \u015fi\u015fe i\u00e7in idealdir. S\u00fcrt\u00fcnmeyi \u00f6nlemek i\u00e7in her \u015fi\u015feyi ay\u0131ran karton b\u00f6lmeler vard\u0131r. Karton ambalaj, i\u015f\u00e7ilik maliyetinin d\u00fc\u015f\u00fck oldu\u011fu \u00fclkelerde yayg\u0131n olarak kullan\u0131lmaktad\u0131r.<\/p>\n<ul>\n<li>Palet Paketleme (F\u00fcmigasyonsuz)<\/li>\n<\/ul>\n<p>Palet paketleme genellikle d\u00fcz viski \u015fi\u015feleri, herhangi bir y\u00fczey i\u015flemi olmayan \u015feffaf cam \u015fi\u015feler i\u00e7indir. Palet ambalaj\u0131n avantaj\u0131 kolay y\u00fckleme ve bo\u015faltmad\u0131r. Her \u015fi\u015fe gazete veya PE torba ile sar\u0131l\u0131r, her ayr\u0131 alana sabitlenir. Palet ambalaj i\u015f\u00e7ilik maliyetinin y\u00fcksek oldu\u011fu \u00fclkelerde yayg\u0131n olarak kullan\u0131lmaktad\u0131r.<\/p>\n<ul>\n<li>\u00d6zel Renkli Kutu Ambalajlar\u0131<\/li>\n<\/ul>\n<p>HIKING cam ispirto \u015fi\u015fesi \u00fcreticisi renkli kutu ambalaj\u0131n\u0131 da kabul etmektedir. Distillery \u015firketi genellikle kutu ba\u015f\u0131na 6 adet cam \u015fi\u015fe veya kutu ba\u015f\u0131na 12 adet cam \u015fi\u015fe uygular. HIKING, lik\u00f6r perakendecileri i\u00e7in yeterince g\u00fc\u00e7l\u00fc, bant s\u0131zd\u0131rmazl\u0131\u011f\u0131 olmayan yeni bir ambalaj kutusu geli\u015ftirdi. M\u00fc\u015fterinin talebine ba\u011fl\u0131 olarak kutu \u00fczerinde parlak ve mat renk kaplamas\u0131 vard\u0131r. Kutuyu g\u00fcvenli hale getirmek ve \u00e7izilme durumunda, renkli kutu paletlere yerle\u015ftirilecek ve film sarg\u0131s\u0131 ile korunacakt\u0131r.<\/p>\n<h4><strong><b>A\u015fa\u011f\u0131daki konularda bilgi almak i\u00e7in sat\u0131\u015f ekibimizle ileti\u015fime ge\u00e7ebilirsiniz <\/b><\/strong><strong><b>25cl s\u00fcper \u00e7akmakta\u015f\u0131 cam \u015fi\u015fe toptan sat\u0131\u015f\u0131<\/b><\/strong><\/h4>\n<div>\n<div class=\"wpcf7 no-js\" id=\"wpcf7-f19-o1\" lang=\"en-US\" dir=\"ltr\" data-wpcf7-id=\"19\">\n<div class=\"screen-reader-response\"><p role=\"status\" aria-live=\"polite\" aria-atomic=\"true\"><\/p> <ul><\/ul><\/div>\n<form action=\"\/tr\/wp-json\/wp\/v2\/product\/3929#wpcf7-f19-o1\" method=\"post\" class=\"wpcf7-form init\" aria-label=\"Contact form\" novalidate=\"novalidate\" data-status=\"init\" data-trp-original-action=\"\/tr\/wp-json\/wp\/v2\/product\/3929#wpcf7-f19-o1\">\n<fieldset class=\"hidden-fields-container\"><input type=\"hidden\" name=\"_wpcf7\" value=\"19\" \/><input type=\"hidden\" name=\"_wpcf7_version\" value=\"6.1.5\" \/><input type=\"hidden\" name=\"_wpcf7_locale\" value=\"en_US\" \/><input type=\"hidden\" name=\"_wpcf7_unit_tag\" value=\"wpcf7-f19-o1\" \/><input type=\"hidden\" name=\"_wpcf7_container_post\" value=\"0\" \/><input type=\"hidden\" name=\"_wpcf7_posted_data_hash\" value=\"\" \/><input type=\"hidden\" name=\"_wpcf7dtx_version\" value=\"5.0.5\" \/>\n<\/fieldset>\n<p hidden><span class=\"wpcf7-form-control-wrap dynamictext-312\" data-name=\"dynamictext-312\"><input type=\"text\" name=\"dynamictext-312\" class=\"wpcf7-form-control wpcf7-text wpcf7dtx wpcf7dtx-text\" aria-invalid=\"false\" value=\"25CL SUPER FLINT GLASS BOTTLE WHOLESALE\"><\/span>\n<\/p>\n<p><span class=\"wpcf7-form-control-wrap\" data-name=\"your-name\"><input size=\"40\" maxlength=\"400\" class=\"wpcf7-form-control wpcf7-text wpcf7-validates-as-required\" aria-required=\"true\" aria-invalid=\"false\" placeholder=\"Sizin ad\u0131n\u0131z\" value=\"\" type=\"text\" name=\"your-name\" \/><\/span>\n<\/p>\n<p><span class=\"wpcf7-form-control-wrap\" data-name=\"your-email\"><input size=\"40\" maxlength=\"400\" class=\"wpcf7-form-control wpcf7-email wpcf7-validates-as-required wpcf7-text wpcf7-validates-as-email\" aria-required=\"true\" aria-invalid=\"false\" placeholder=\"E-posta adresiniz\" value=\"\" type=\"email\" name=\"your-email\" \/><\/span>\n<\/p>\n<p><span class=\"wpcf7-form-control-wrap\" data-name=\"your-subject\"><input size=\"40\" maxlength=\"400\" class=\"wpcf7-form-control wpcf7-text wpcf7-validates-as-required\" aria-required=\"true\" aria-invalid=\"false\" placeholder=\"Mesaj Konusu\" value=\"\" type=\"text\" name=\"your-subject\" \/><\/span>\n<\/p>\n<p><span class=\"wpcf7-form-control-wrap\" data-name=\"your-message\"><textarea cols=\"40\" rows=\"10\" maxlength=\"2000\" class=\"wpcf7-form-control wpcf7-textarea\" aria-invalid=\"false\" placeholder=\"Mesaj\u0131n\u0131z\u0131 Buraya Yaz\u0131n...\" name=\"your-message\"><\/textarea><\/span>\n<\/p>\n<div style=\"display:none\">\n\t<p><span class=\"wpcf7-form-control-wrap form-url\" data-name=\"form-url\"><input type=\"text\" name=\"form-url\" class=\"wpcf7-form-control wpcf7-text wpcf7dtx wpcf7dtx-text\" aria-invalid=\"false\" value=\"https:\/\/glassbottlesmanufacturer.com\/tr\/tr\/wp-json\/wp\/v2\/product\/3929\"><\/span>\n\t<\/p>\n<\/div>\n<div style=\"margin-bottom:10px;\">\n\t<p><span class=\"wpcf7-form-control-wrap kc_captcha\" data-name=\"kc_captcha\"><span class=\"wpcf7-form-control wpcf7-radio\"><span class=\"captcha-image\" ><span class=\"cf7ic_instructions\">Please prove you are human by selecting the<span> flag<\/span>.<\/span><label><input aria-label=\"1\" type=\"radio\" name=\"kc_captcha\" value=\"bot\" \/><svg aria-hidden=\"true\" role=\"img\" xmlns=\"http:\/\/www.w3.org\/2000\/svg\" viewbox=\"0 0 512 512\"><path fill=\"currentColor\" d=\"M500 168h-55l-8-21a127 127 0 00-120-83H195a127 127 0 00-120 83l-8 21H12c-8 0-14 8-11 16l8 24a12 12 0 0011 8h29a64 64 0 00-33 56v48c0 16 6 31 16 42v62c0 13 11 24 24 24h48c13 0 24-11 24-24v-40h256v40c0 13 11 24 24 24h48c13 0 24-11 24-24v-62c10-11 16-26 16-42v-48c0-24-13-45-33-56h29a12 12 0 0011-8l8-24c3-8-3-16-11-16zm-365 2c9-25 33-42 60-42h122c27 0 51 17 60 42l15 38H120l15-38zM88 328a32 32 0 010-64c18 0 48 30 48 48s-30 16-48 16zm336 0c-18 0-48 2-48-16s30-48 48-48 32 14 32 32-14 32-32 32z\"\/><\/svg><\/label><label><input aria-label=\"2\" type=\"radio\" name=\"kc_captcha\" value=\"kc_human\" \/><svg aria-hidden=\"true\" role=\"img\" xmlns=\"http:\/\/www.w3.org\/2000\/svg\" viewbox=\"0 0 512 512\"><path fill=\"currentColor\" d=\"M350 99c-54 0-98-35-166-35-25 0-47 4-68 12a56 56 0 004-24C118 24 95 1 66 0a56 56 0 00-34 102v386c0 13 11 24 24 24h16c13 0 24-11 24-24v-94c28-12 64-23 114-23 54 0 98 35 166 35 48 0 86-16 122-41 9-6 14-15 14-26V96c0-23-24-39-45-29-35 16-77 32-117 32z\"\/><\/svg><\/label><label><input aria-label=\"3\" type=\"radio\" name=\"kc_captcha\" value=\"bot\" \/><svg aria-hidden=\"true\" role=\"img\" xmlns=\"http:\/\/www.w3.org\/2000\/svg\" viewbox=\"0 0 384 512\"><path fill=\"currentColor\" d=\"M377 375l-83-87h34c21 0 32-25 17-40l-82-88h33c21 0 32-25 18-40L210 8c-10-11-26-11-36 0L70 120c-14 15-3 40 18 40h33l-82 88c-15 15-4 40 17 40h34L7 375c-15 16-4 41 17 41h120c0 33-11 49-34 68-12 9-5 28 10 28h144c15 0 22-19 10-28-20-16-34-32-34-68h120c21 0 32-25 17-41z\"\/><\/svg><\/label>\r\n    <\/span>\r\n    <span style=\"display:none\">\r\n        <input type=\"text\" name=\"kc_honeypot\">\r\n    <\/span><\/span><\/span>\n\t<\/p>\n<\/div>\n<p><input class=\"wpcf7-form-control wpcf7-submit has-spinner\" type=\"submit\" value=\"Mesaj\u0131n\u0131z\u0131 G\u00f6nderin\" \/>\n<\/p><p style=\"display: none !important;\" class=\"akismet-fields-container\" data-prefix=\"_wpcf7_ak_\"><label>&#916;<textarea name=\"_wpcf7_ak_hp_textarea\" cols=\"45\" rows=\"8\" maxlength=\"100\"><\/textarea><\/label><input type=\"hidden\" id=\"ak_js_1\" name=\"_wpcf7_ak_js\" value=\"152\"\/><script>document.getElementById( \"ak_js_1\" ).setAttribute( \"value\", ( new Date() ).getTime() );<\/script><\/p><div class=\"wpcf7-response-output\" aria-hidden=\"true\"><\/div>\n<input type=\"hidden\" name=\"trp-form-language\" value=\"tr\"\/><\/form>\n<\/div>\n<\/div>","protected":false},"excerpt":{"rendered":"<table id=\"tablepress-41\" class=\"tablepress tablepress-id-41\">\n<thead>\n<tr class=\"row-1\">\n\t<th class=\"column-1\">\u00dcR\u00dcN ADI<\/th><th class=\"column-2\">25CL S\u00dcPER \u00c7AKMAKTA\u015eI CAM \u015eI\u015eE TOPTAN SATI\u015eI<\/th>\n<\/tr>\n<\/thead>\n<tbody class=\"row-striping row-hover\">\n<tr class=\"row-2\">\n\t<td class=\"column-1\">\u015e\u0130\u015eE BOYUTU<\/td><td class=\"column-2\">25CL<\/td>\n<\/tr>\n<tr class=\"row-3\">\n\t<td class=\"column-1\">MALZEME<\/td><td class=\"column-2\">Birinci S\u0131n\u0131f<\/td>\n<\/tr>\n<tr class=\"row-4\">\n\t<td class=\"column-1\">RENK<\/td><td class=\"column-2\">Beyaz<\/td>\n<\/tr>\n<tr class=\"row-5\">\n\t<td class=\"column-1\">BOYUN B\u0130T\u0130\u015e\u0130<\/td><td class=\"column-2\">Fi\u015f Kaplamas\u0131<\/td>\n<\/tr>\n<tr class=\"row-6\">\n\t<td class=\"column-1\">\u015e\u0130\u015eE \u015eEKL\u0130<\/td><td class=\"column-2\">Silindir<\/td>\n<\/tr>\n<tr class=\"row-7\">\n\t<td class=\"column-1\">\u015e\u0130\u015eE A\u011eIRLI\u011eI<\/td><td class=\"column-2\">420G<\/td>\n<\/tr>\n<tr class=\"row-8\">\n\t<td class=\"column-1\">\u015e\u0130\u015eE Y\u00dcKSEKL\u0130\u011e\u0130<\/td><td class=\"column-2\">228MM\u00b12MM<\/td>\n<\/tr>\n<tr class=\"row-9\">\n\t<td class=\"column-1\">\u015eI\u015eE \u00c7API<\/td><td class=\"column-2\">92.4MM\u00b12MM<\/td>\n<\/tr>\n<\/tbody>\n<\/table>\n<!-- #tablepress-41 from cache -->","protected":false},"featured_media":3930,"comment_status":"open","ping_status":"closed","template":"","meta":[],"product_brand":[],"product_cat":[64],"product_tag":[],"class_list":{"0":"post-3929","1":"product","2":"type-product","3":"status-publish","4":"has-post-thumbnail","6":"product_cat-250ml-glass-bottles","7":"entry","8":"has-media","10":"first","11":"instock","12":"shipping-taxable","13":"product-type-simple"},"_links":{"self":[{"href":"https:\/\/glassbottlesmanufacturer.com\/tr\/wp-json\/wp\/v2\/product\/3929","targetHints":{"allow":["GET"]}}],"collection":[{"href":"https:\/\/glassbottlesmanufacturer.com\/tr\/wp-json\/wp\/v2\/product"}],"about":[{"href":"https:\/\/glassbottlesmanufacturer.com\/tr\/wp-json\/wp\/v2\/types\/product"}],"replies":[{"embeddable":true,"href":"https:\/\/glassbottlesmanufacturer.com\/tr\/wp-json\/wp\/v2\/comments?post=3929"}],"wp:featuredmedia":[{"embeddable":true,"href":"https:\/\/glassbottlesmanufacturer.com\/tr\/wp-json\/wp\/v2\/media\/3930"}],"wp:attachment":[{"href":"https:\/\/glassbottlesmanufacturer.com\/tr\/wp-json\/wp\/v2\/media?parent=3929"}],"wp:term":[{"taxonomy":"product_brand","embeddable":true,"href":"https:\/\/glassbottlesmanufacturer.com\/tr\/wp-json\/wp\/v2\/product_brand?post=3929"},{"taxonomy":"product_cat","embeddable":true,"href":"https:\/\/glassbottlesmanufacturer.com\/tr\/wp-json\/wp\/v2\/product_cat?post=3929"},{"taxonomy":"product_tag","embeddable":true,"href":"https:\/\/glassbottlesmanufacturer.com\/tr\/wp-json\/wp\/v2\/product_tag?post=3929"}],"curies":[{"name":"wp","href":"https:\/\/api.w.org\/{rel}","templated":true}]}}