{"id":3940,"date":"2017-10-23T14:20:28","date_gmt":"2017-10-23T14:20:28","guid":{"rendered":"https:\/\/glassbottlesmanufacturer.com\/?post_type=product&#038;p=3940"},"modified":"2017-10-23T14:20:28","modified_gmt":"2017-10-23T14:20:28","slug":"ust-sinif-fantezi-votka-sisesi-tedarikcisi","status":"publish","type":"product","link":"https:\/\/glassbottlesmanufacturer.com\/tr\/toptan-satis\/ust-sinif-fantezi-votka-sisesi-tedarikcisi\/","title":{"rendered":"\u00dcST SINIF FANTEZI\u0307 VOTKA \u015eI\u0307\u015eESI\u0307 SATI\u015eTA"},"content":{"rendered":"<p>\u00dcst s\u0131n\u0131f fantezi votka \u015fi\u015fesi moda ve benzersiz bir \u015fekle sahiptir. \u015ei\u015fenin etraf\u0131nda be\u015f kenar vard\u0131r, taban kare \u015feklindedir, daha sonra omuza kadar alt\u0131gen bir \u015fekle sahiptir. S\u00fcsl\u00fc cam \u015fi\u015fe votka ambalaj\u0131 i\u00e7in idealdir. A\u011f\u0131r kat\u0131 kristal kapak, \u015fi\u015fe ambalaj\u0131n\u0131 daha \u00e7ekici hale getirir.<\/p>\n<h4><strong>Dekorasyon Uygulamas\u0131<\/strong><\/h4>\n<p>HIKING Cam \u015fi\u015fe \u00fcreticisi, s\u00fcsl\u00fc votka \u015fi\u015fesi i\u00e7in bol miktarda derin dekorasyon ve \u00e7ok y\u00fczeyli i\u015fleme sunar. Buzlu cam \u015fi\u015felere logo basma, \u015feffaf y\u00fczeye renk p\u00fcsk\u00fcrtme ve pazar kalitesini art\u0131rmak i\u00e7in UV elektrokaplama parlak ve parlak renkler gibi HIKING cam \u015fi\u015fe fabrikas\u0131ndan tek noktadan hizmetin keyfini \u00e7\u0131karabilirsiniz.<\/p>\n<h4><strong>Nakliye\/Nakliye Bilgileri<\/strong><\/h4>\n<ul>\n<li>D\u00fcz Cam \u015ei\u015feler Stokta 5-10 g\u00fcn.<\/li>\n<\/ul>\n<p>HIKING cam \u015fi\u015fe \u00fcreticisi, fantezi votka \u015fi\u015fesi i\u00e7in yeterli stok tedarik etmektedir. HIKING Cam \u015fi\u015fe fabrikas\u0131, standart paketleme y\u00f6ntemimizi kullan\u0131rsa, stok cam \u015fi\u015feler i\u00e7in kargoyu bir hafta i\u00e7inde teslim edebilir. \u00d6zel renkli kutu ambalaj\u0131 i\u00e7in daha uzun zaman alacakt\u0131r.<\/p>\n<ul>\n<li>\u00dcretim Stoku 7-15 g\u00fcn<\/li>\n<\/ul>\n<p>S\u00fcsl\u00fc votka \u015fi\u015feleri HIKING \u00fcretim hatt\u0131nda mevcutsa, h\u0131zl\u0131 teslimat\u0131 ger\u00e7ekle\u015ftirmek i\u00e7in cam \u015fi\u015fe program\u0131n\u0131 g\u00fcncelleyebiliriz. Herhangi bir dekorasyon olmadan d\u00fcz s\u00fcsl\u00fc votka \u015fi\u015fesi i\u00e7in bir hafta. Serigrafi bask\u0131, buzlanma, p\u00fcsk\u00fcrtme, elektrokaplama vb. gibi s\u00fcslemeli s\u00fcsl\u00fc votka \u015fi\u015fesi i\u00e7in iki hafta.<\/p>\n<ul>\n<li>\u00d6zel Sipari\u015f 20-30 g\u00fcn<\/li>\n<\/ul>\n<p>HIKING cam \u015fi\u015fe \u015firketi son 10 y\u0131lda binlerce cam \u015fi\u015fe kal\u0131b\u0131 geli\u015ftirmi\u015ftir. \u00c7o\u011funlukla viski \u015fi\u015feleri, \u00f6zellikle 750ml votka \u015fi\u015fesi, 700ml brendi \u015fi\u015fesi, 75cl viski cam \u015fi\u015fesi ve 500ml konyak ruhlar\u0131 cam \u015fi\u015feleri i\u00e7in bir\u00e7ok \u00fclkede s\u0131cak sat\u0131\u015f yapmaktad\u0131r. Dam\u0131t\u0131m \u015firketi HIKING'in cam \u015fi\u015fe tasar\u0131mlar\u0131ndan birini se\u00e7erse, kal\u0131p maliyetinden ve daha h\u0131zl\u0131 teslimat s\u00fcresinden tasarruf edecektir. Bu s\u00fcsl\u00fc votka \u015fi\u015feleri, yeni kal\u0131p geli\u015ftirmek yerine h\u0131zl\u0131 bir \u00e7al\u0131\u015fma i\u00e7in kullan\u0131labilir. Standart paketleme y\u00f6ntemi i\u00e7in, toplu cam \u015fi\u015fe sat\u0131n al\u0131m\u0131 genellikle 20 g\u00fcn s\u00fcrer. Ve renkli kutu gibi \u00f6zel ambalajlar i\u00e7in 30 g\u00fcn.<\/p>\n<ul>\n<li>\u00d6zel Sipari\u015f 40 g\u00fcn<\/li>\n<\/ul>\n<p>Baz\u0131 i\u00e7ki fabrikalar\u0131 kendi \u00f6zel i\u00e7ki ambalajlar\u0131na sahiptir, bu nedenle kendi cam \u015fi\u015fe ambalajlar\u0131 vard\u0131r. Bu \u015fekilde, cam \u015fi\u015fe \u00e7izimlerini veya cam \u015fi\u015fe \u00f6rneklerini, hatta bir cam \u015fi\u015fe resmini sa\u011flarlarsa, HIKING cam \u015fi\u015fe tedarik\u00e7isi ayn\u0131 cam \u015fi\u015feyi geli\u015ftirecek veya kopyalayacakt\u0131r. Fantezi votka \u015fi\u015fesi \u00fczerine logo kabartabilir ve cam lik\u00f6r \u015fi\u015feleri \u00fczerine desen kaz\u0131yabiliriz. Cam \u015fi\u015fe kal\u0131b\u0131n\u0131n yap\u0131lmas\u0131 ve cam \u015fi\u015fe \u00f6rneklerinin bitirilmesi 15 g\u00fcn s\u00fcrer. Resmi bir cam \u015fi\u015fe sipari\u015fi, m\u00fc\u015fteriler taraf\u0131ndan onaylanan lik\u00f6r \u015fi\u015fesi \u00f6rneklerinden sonra ba\u015flar.<\/p>\n<h4><strong>Cam \u015ei\u015fe Ambalajlar\u0131<\/strong><\/h4>\n<p>HIKING cam \u015fi\u015fe fabrikas\u0131, hem karada hem de okyanusta uzun s\u00fcre ve uzun yol ta\u015f\u0131mac\u0131l\u0131\u011f\u0131 i\u00e7in g\u00fcvenli bir ambalaj sa\u011flar. M\u00fchendislerimiz, m\u00fc\u015fterinin gereksinimlerini kar\u015f\u0131lamak i\u00e7in birka\u00e7 farkl\u0131 paketleme y\u00f6ntemi sunar. M\u00fc\u015fterinin \u00fclkesinde ortaya \u00e7\u0131kan \u00e7oklu maliyete ba\u011fl\u0131 olarak en ekonomik cam \u015fi\u015fe paketleme \u00e7\u00f6z\u00fcmlerini sunuyoruz.<\/p>\n<ul>\n<li>Standart Karton Ambalaj<\/li>\n<\/ul>\n<p>Karton ambalaj, bask\u0131 cam \u015fi\u015feler ve renkli cam \u015fi\u015feler gibi dekorasyonlu s\u00fcsl\u00fc votka \u015fi\u015feleri i\u00e7in idealdir. S\u00fcrt\u00fcnmeyi \u00f6nlemek i\u00e7in her \u015fi\u015feyi ay\u0131ran karton b\u00f6lmeler vard\u0131r. Karton ambalaj, i\u015f\u00e7ilik maliyetinin d\u00fc\u015f\u00fck oldu\u011fu \u00fclkelerde yayg\u0131n olarak kullan\u0131lmaktad\u0131r.<\/p>\n<ul>\n<li>Palet Paketleme (F\u00fcmigasyonsuz)<\/li>\n<\/ul>\n<p>Palet paketleme genellikle d\u00fcz viski \u015fi\u015feleri, herhangi bir y\u00fczey i\u015flemi olmayan \u015feffaf cam \u015fi\u015feler i\u00e7indir. Palet ambalaj\u0131n avantaj\u0131 kolay y\u00fckleme ve bo\u015faltmad\u0131r. Her \u015fi\u015fe gazete veya PE torba ile sar\u0131l\u0131r, her ayr\u0131 alana sabitlenir. Palet ambalaj i\u015f\u00e7ilik maliyetinin y\u00fcksek oldu\u011fu \u00fclkelerde yayg\u0131n olarak kullan\u0131lmaktad\u0131r.<\/p>\n<ul>\n<li>\u00d6zel Renkli Kutu Ambalajlar\u0131<\/li>\n<\/ul>\n<p>HIKING cam ispirto \u015fi\u015fesi \u00fcreticisi renkli kutu ambalaj\u0131n\u0131 da kabul etmektedir. Distillery \u015firketi genellikle kutu ba\u015f\u0131na 6 adet cam \u015fi\u015fe veya kutu ba\u015f\u0131na 12 adet cam \u015fi\u015fe uygular. HIKING, lik\u00f6r perakendecileri i\u00e7in yeterince g\u00fc\u00e7l\u00fc, bant s\u0131zd\u0131rmazl\u0131\u011f\u0131 olmayan yeni bir ambalaj kutusu geli\u015ftirdi. M\u00fc\u015fterinin talebine ba\u011fl\u0131 olarak kutu \u00fczerinde parlak ve mat renk kaplamas\u0131 vard\u0131r. Kutuyu g\u00fcvenli hale getirmek ve \u00e7izilme durumunda, renkli kutu paletlere yerle\u015ftirilecek ve film sarg\u0131s\u0131 ile korunacakt\u0131r.<\/p>\n<h4>\u00dcst s\u0131n\u0131f fantezi votka \u015fi\u015fesi hakk\u0131nda bir soru\u015fturma i\u00e7in sat\u0131\u015f ekibimizle ileti\u015fime ge\u00e7mekten memnuniyet duyar\u0131z<\/h4>","protected":false},"excerpt":{"rendered":"<table id=\"tablepress-43\" class=\"tablepress tablepress-id-43\">\n<thead>\n<tr class=\"row-1\">\n\t<th class=\"column-1\">\u00dcR\u00dcN ADI<\/th><th class=\"column-2\">\u00dcST SINIF FANTEZI\u0307 VOTKA \u015eI\u0307\u015eESI\u0307 SATI\u015eTA<\/th>\n<\/tr>\n<\/thead>\n<tbody class=\"row-striping row-hover\">\n<tr class=\"row-2\">\n\t<td class=\"column-1\">\u015e\u0130\u015eE BOYUTU<\/td><td class=\"column-2\">750ml<\/td>\n<\/tr>\n<tr class=\"row-3\">\n\t<td class=\"column-1\">MALZEME<\/td><td class=\"column-2\">Birinci S\u0131n\u0131f<\/td>\n<\/tr>\n<tr class=\"row-4\">\n\t<td class=\"column-1\">RENK<\/td><td class=\"column-2\">Beyaz<\/td>\n<\/tr>\n<tr class=\"row-5\">\n\t<td class=\"column-1\">BOYUN B\u0130T\u0130\u015e\u0130<\/td><td class=\"column-2\">Mantar Kaplama<\/td>\n<\/tr>\n<tr class=\"row-6\">\n\t<td class=\"column-1\">\u015e\u0130\u015eE \u015eEKL\u0130<\/td><td class=\"column-2\">Kare \/ Alt\u0131gen<\/td>\n<\/tr>\n<tr class=\"row-7\">\n\t<td class=\"column-1\">\u015e\u0130\u015eE A\u011eIRLI\u011eI<\/td><td class=\"column-2\">850G<\/td>\n<\/tr>\n<tr class=\"row-8\">\n\t<td class=\"column-1\">\u015e\u0130\u015eE Y\u00dcKSEKL\u0130\u011e\u0130<\/td><td class=\"column-2\">228MM\u00b12MM<\/td>\n<\/tr>\n<tr class=\"row-9\">\n\t<td class=\"column-1\">\u015eI\u015eE \u00c7API<\/td><td class=\"column-2\">92.4MM\u00b12MM<\/td>\n<\/tr>\n<\/tbody>\n<\/table>\n<!-- #tablepress-43 from cache -->","protected":false},"featured_media":3943,"comment_status":"open","ping_status":"closed","template":"","meta":[],"product_brand":[],"product_cat":[68],"product_tag":[],"class_list":{"0":"post-3940","1":"product","2":"type-product","3":"status-publish","4":"has-post-thumbnail","6":"product_cat-750ml-glass-bottles","7":"entry","8":"has-media","10":"first","11":"instock","12":"shipping-taxable","13":"product-type-simple"},"_links":{"self":[{"href":"https:\/\/glassbottlesmanufacturer.com\/tr\/wp-json\/wp\/v2\/product\/3940","targetHints":{"allow":["GET"]}}],"collection":[{"href":"https:\/\/glassbottlesmanufacturer.com\/tr\/wp-json\/wp\/v2\/product"}],"about":[{"href":"https:\/\/glassbottlesmanufacturer.com\/tr\/wp-json\/wp\/v2\/types\/product"}],"replies":[{"embeddable":true,"href":"https:\/\/glassbottlesmanufacturer.com\/tr\/wp-json\/wp\/v2\/comments?post=3940"}],"wp:featuredmedia":[{"embeddable":true,"href":"https:\/\/glassbottlesmanufacturer.com\/tr\/wp-json\/wp\/v2\/media\/3943"}],"wp:attachment":[{"href":"https:\/\/glassbottlesmanufacturer.com\/tr\/wp-json\/wp\/v2\/media?parent=3940"}],"wp:term":[{"taxonomy":"product_brand","embeddable":true,"href":"https:\/\/glassbottlesmanufacturer.com\/tr\/wp-json\/wp\/v2\/product_brand?post=3940"},{"taxonomy":"product_cat","embeddable":true,"href":"https:\/\/glassbottlesmanufacturer.com\/tr\/wp-json\/wp\/v2\/product_cat?post=3940"},{"taxonomy":"product_tag","embeddable":true,"href":"https:\/\/glassbottlesmanufacturer.com\/tr\/wp-json\/wp\/v2\/product_tag?post=3940"}],"curies":[{"name":"wp","href":"https:\/\/api.w.org\/{rel}","templated":true}]}}