{"id":4064,"date":"2017-10-30T03:49:13","date_gmt":"2017-10-30T03:49:13","guid":{"rendered":"https:\/\/glassbottlesmanufacturer.com\/?post_type=product&#038;p=4064"},"modified":"2018-03-30T04:00:30","modified_gmt":"2018-03-30T04:00:30","slug":"hot-sale-70cl-glass-whisky-bottle","status":"publish","type":"product","link":"https:\/\/glassbottlesmanufacturer.com\/tr\/toptan-satis\/hot-sale-70cl-glass-whisky-bottle\/","title":{"rendered":"SICAK SATI\u015e 70CL CAM \u015eI\u015eELER"},"content":{"rendered":"<p>Hot sale 70cl glass bottles to Europe. The bottle welcomed by European customers. From that bottle is a flat round shape and there are layers of decoration on the bottle, it is like an elegant lady in a fancy dress with exudes a noble and mysterious color. the bottle using a natural wooden cork with a sleeve.<\/p>\n<h4><strong><b>Dekorasyon Uygulamas\u0131<\/b><\/strong><\/h4>\n<p>HIKING Glass bottle manufacturer offers an abundant of deep decorations and multi surface handling for hot sale\u00a070cl glass whisky bottles . You can enjoy one stop service from HIKING glass bottle factory, such as printing logo on frosted glass bottles, spraying colors on the clear surface, and UV electroplating glossy and shiny colors to improve the market grade.<\/p>\n<h4><strong><b>Nakliye\/Nakliye Bilgileri<\/b><\/strong><\/h4>\n<ul>\n<li>D\u00fcz Cam \u015ei\u015feler Stokta 5-10 g\u00fcn.<\/li>\n<\/ul>\n<p>HIKING glass bottle manufacturer supply sufficient stock for\u00a0hot sale\u00a070cl glass whisky bottles. HIKING Glass bottle factory can deliver the cargo with one week for stock glass bottles if use our standard packaging method. For custom colored box packaging, it will take longer time.<\/p>\n<ul>\n<li>\u00dcretim Stoku 7-15 g\u00fcn<\/li>\n<\/ul>\n<p>If the hot sale\u00a070cl glass whisky bottles\u00a0are available at HIKING production line, then we can update the glass bottle schedule to make fast delivery real. One week for plain hot sale\u00a070cl glass whisky bottles\u00a0without any decoration. Two weeks for\u00a0vodka\u00a0bottles\u00a0with decoration, like silk screen printing, frosting, spraying, electroplating, etc.<\/p>\n<ul>\n<li>\u00d6zel Sipari\u015f 20-30 g\u00fcn<\/li>\n<\/ul>\n<p>HIKING glass bottle company has developed thousands of glass bottle molds in past 10 years. Mostly of the whiskey bottles are hot sale in many countries, mainly for 750ml vodka bottle, 700ml brandy bottle, 75cl whiskey glass bottle, and 500ml cognac spirits glass bottles. If distillery company choose from HIKING exist glass bottle designs, then it will save on mold cost, and quicker delivery time. These\u00a070cl glass whisky bottles\u00a0is available for a fast run instead of improving new mold. For standard packaging way, it usually takes 20 days for bulk glass bottle purchasing. And, 30 days for special packaging, like colored box.<\/p>\n<ul>\n<li>\u00d6zel Sipari\u015f 40 g\u00fcn<\/li>\n<\/ul>\n<p>Some distillery company owns their exclusive liquor packaging, so they have their own glass bottle packaging. In this way, if they provide their glass bottle drawing, or glass bottle sample, even a glass bottle picture, HIKING glass bottle supplier will develop or copy a same glass bottle. We can emboss logo on 70cl glass whisky bottles\u00a0and engrave pattern on glass liquor bottles. It takes 15 days to make the glass bottle mold and finish the glass bottle samples. An official glass bottle order starts after the liquor bottle samples approved by clients.<\/p>\n<h4><strong><b>Cam \u015ei\u015fe Ambalajlar\u0131<\/b><\/strong><\/h4>\n<p>HIKING cam \u015fi\u015fe fabrikas\u0131, hem karada hem de okyanusta uzun s\u00fcre ve uzun yol ta\u015f\u0131mac\u0131l\u0131\u011f\u0131 i\u00e7in g\u00fcvenli bir ambalaj sa\u011flar. M\u00fchendislerimiz, m\u00fc\u015fterinin gereksinimlerini kar\u015f\u0131lamak i\u00e7in birka\u00e7 farkl\u0131 paketleme y\u00f6ntemi sunar. M\u00fc\u015fterinin \u00fclkesinde ortaya \u00e7\u0131kan \u00e7oklu maliyete ba\u011fl\u0131 olarak en ekonomik cam \u015fi\u015fe paketleme \u00e7\u00f6z\u00fcmlerini sunuyoruz.<\/p>\n<ul>\n<li>Standart Karton Ambalaj<\/li>\n<\/ul>\n<p>Carton packaging is ideal for\u00a070cl glass whisky bottles\u00a0with decoration, like printing glass bottles, and colored glass bottles. There are cardboard separations divide each bottle, avoid from friction. Carton packaging is widely used in the countries where the labor cost is low.<\/p>\n<ul>\n<li>Palet Paketleme (F\u00fcmigasyonsuz)<\/li>\n<\/ul>\n<p>Palet paketleme genellikle d\u00fcz viski \u015fi\u015feleri, herhangi bir y\u00fczey i\u015flemi olmayan \u015feffaf cam \u015fi\u015feler i\u00e7indir. Palet ambalaj\u0131n avantaj\u0131 kolay y\u00fckleme ve bo\u015faltmad\u0131r. Her \u015fi\u015fe gazete veya PE torba ile sar\u0131l\u0131r, her ayr\u0131 alana sabitlenir. Palet ambalaj i\u015f\u00e7ilik maliyetinin y\u00fcksek oldu\u011fu \u00fclkelerde yayg\u0131n olarak kullan\u0131lmaktad\u0131r.<\/p>\n<ul>\n<li>\u00d6zel Renkli Kutu Ambalajlar\u0131<\/li>\n<\/ul>\n<p>HIKING cam ispirto \u015fi\u015fesi \u00fcreticisi renkli kutu ambalaj\u0131n\u0131 da kabul etmektedir. Distillery \u015firketi genellikle kutu ba\u015f\u0131na 6 adet cam \u015fi\u015fe veya kutu ba\u015f\u0131na 12 adet cam \u015fi\u015fe uygular. HIKING, lik\u00f6r perakendecileri i\u00e7in yeterince g\u00fc\u00e7l\u00fc, bant s\u0131zd\u0131rmazl\u0131\u011f\u0131 olmayan yeni bir ambalaj kutusu geli\u015ftirdi. M\u00fc\u015fterinin talebine ba\u011fl\u0131 olarak kutu \u00fczerinde parlak ve mat renk kaplamas\u0131 vard\u0131r. Kutuyu g\u00fcvenli hale getirmek ve \u00e7izilme durumunda, renkli kutu paletlere yerle\u015ftirilecek ve film sarg\u0131s\u0131 ile korunacakt\u0131r.<\/p>\n<h4><strong><b>A\u015fa\u011f\u0131daki konularda bilgi almak i\u00e7in sat\u0131\u015f ekibimizle ileti\u015fime ge\u00e7ebilirsiniz <\/b><\/strong><strong><b>hot sale<\/b><\/strong><strong><b>\u00a0<\/b><\/strong><strong><b>70cl glass whisky bottles .<\/b><\/strong><\/h4>\n<div>\n<div class=\"wpcf7 no-js\" id=\"wpcf7-f19-o1\" lang=\"en-US\" dir=\"ltr\" data-wpcf7-id=\"19\">\n<div class=\"screen-reader-response\"><p role=\"status\" aria-live=\"polite\" aria-atomic=\"true\"><\/p> <ul><\/ul><\/div>\n<form action=\"\/tr\/wp-json\/wp\/v2\/product\/4064#wpcf7-f19-o1\" method=\"post\" class=\"wpcf7-form init\" aria-label=\"Contact form\" novalidate=\"novalidate\" data-status=\"init\" data-trp-original-action=\"\/tr\/wp-json\/wp\/v2\/product\/4064#wpcf7-f19-o1\">\n<fieldset class=\"hidden-fields-container\"><input type=\"hidden\" name=\"_wpcf7\" value=\"19\" \/><input type=\"hidden\" name=\"_wpcf7_version\" value=\"6.1.5\" \/><input type=\"hidden\" name=\"_wpcf7_locale\" value=\"en_US\" \/><input type=\"hidden\" name=\"_wpcf7_unit_tag\" value=\"wpcf7-f19-o1\" \/><input type=\"hidden\" name=\"_wpcf7_container_post\" value=\"0\" \/><input type=\"hidden\" name=\"_wpcf7_posted_data_hash\" value=\"\" \/><input type=\"hidden\" name=\"_wpcf7dtx_version\" value=\"5.0.5\" \/>\n<\/fieldset>\n<p hidden><span class=\"wpcf7-form-control-wrap dynamictext-312\" data-name=\"dynamictext-312\"><input type=\"text\" name=\"dynamictext-312\" class=\"wpcf7-form-control wpcf7-text wpcf7dtx wpcf7dtx-text\" aria-invalid=\"false\" value=\"HOT SALE 70CL GLASS BOTTLES\"><\/span>\n<\/p>\n<p><span class=\"wpcf7-form-control-wrap\" data-name=\"your-name\"><input size=\"40\" maxlength=\"400\" class=\"wpcf7-form-control wpcf7-text wpcf7-validates-as-required\" aria-required=\"true\" aria-invalid=\"false\" placeholder=\"Sizin ad\u0131n\u0131z\" value=\"\" type=\"text\" name=\"your-name\" \/><\/span>\n<\/p>\n<p><span class=\"wpcf7-form-control-wrap\" data-name=\"your-email\"><input size=\"40\" maxlength=\"400\" class=\"wpcf7-form-control wpcf7-email wpcf7-validates-as-required wpcf7-text wpcf7-validates-as-email\" aria-required=\"true\" aria-invalid=\"false\" placeholder=\"E-posta adresiniz\" value=\"\" type=\"email\" name=\"your-email\" \/><\/span>\n<\/p>\n<p><span class=\"wpcf7-form-control-wrap\" data-name=\"your-subject\"><input size=\"40\" maxlength=\"400\" class=\"wpcf7-form-control wpcf7-text wpcf7-validates-as-required\" aria-required=\"true\" aria-invalid=\"false\" placeholder=\"Mesaj Konusu\" value=\"\" type=\"text\" name=\"your-subject\" \/><\/span>\n<\/p>\n<p><span class=\"wpcf7-form-control-wrap\" data-name=\"your-message\"><textarea cols=\"40\" rows=\"10\" maxlength=\"2000\" class=\"wpcf7-form-control wpcf7-textarea\" aria-invalid=\"false\" placeholder=\"Mesaj\u0131n\u0131z\u0131 Buraya Yaz\u0131n...\" name=\"your-message\"><\/textarea><\/span>\n<\/p>\n<div style=\"display:none\">\n\t<p><span class=\"wpcf7-form-control-wrap form-url\" data-name=\"form-url\"><input type=\"text\" name=\"form-url\" class=\"wpcf7-form-control wpcf7-text wpcf7dtx wpcf7dtx-text\" aria-invalid=\"false\" value=\"https:\/\/glassbottlesmanufacturer.com\/tr\/tr\/wp-json\/wp\/v2\/product\/4064\"><\/span>\n\t<\/p>\n<\/div>\n<div style=\"margin-bottom:10px;\">\n\t<p><span class=\"wpcf7-form-control-wrap kc_captcha\" data-name=\"kc_captcha\"><span class=\"wpcf7-form-control wpcf7-radio\"><span class=\"captcha-image\" ><span class=\"cf7ic_instructions\">Please prove you are human by selecting the<span> tree<\/span>.<\/span><label><input aria-label=\"1\" type=\"radio\" name=\"kc_captcha\" value=\"bot\" \/><svg aria-hidden=\"true\" role=\"img\" xmlns=\"http:\/\/www.w3.org\/2000\/svg\" viewbox=\"0 0 576 512\"><path fill=\"currentColor\" d=\"M415 24c-53 0-103 42-127 65-24-23-74-65-127-65C70 24 16 77 16 166c0 72 67 133 69 135l187 181c9 8 23 8 32 0l187-180c2-3 69-64 69-136 0-89-54-142-145-142z\"\/><\/svg><\/label><label><input aria-label=\"2\" type=\"radio\" name=\"kc_captcha\" value=\"kc_human\" \/><svg aria-hidden=\"true\" role=\"img\" xmlns=\"http:\/\/www.w3.org\/2000\/svg\" viewbox=\"0 0 384 512\"><path fill=\"currentColor\" d=\"M377 375l-83-87h34c21 0 32-25 17-40l-82-88h33c21 0 32-25 18-40L210 8c-10-11-26-11-36 0L70 120c-14 15-3 40 18 40h33l-82 88c-15 15-4 40 17 40h34L7 375c-15 16-4 41 17 41h120c0 33-11 49-34 68-12 9-5 28 10 28h144c15 0 22-19 10-28-20-16-34-32-34-68h120c21 0 32-25 17-41z\"\/><\/svg><\/label><label><input aria-label=\"3\" type=\"radio\" name=\"kc_captcha\" value=\"bot\" \/><svg aria-hidden=\"true\" role=\"img\" xmlns=\"http:\/\/www.w3.org\/2000\/svg\" viewbox=\"0 0 576 512\"><path fill=\"currentColor\" d=\"M472 200H360L256 6a12 12 0 00-10-6h-58c-8 0-14 7-12 15l34 185H100l-35-58a12 12 0 00-10-6H12c-8 0-13 7-12 14l21 106L0 362c-1 7 4 14 12 14h43c4 0 8-2 10-6l35-58h110l-34 185c-2 8 4 15 12 15h58a12 12 0 0010-6l104-194h112c57 0 104-25 104-56s-47-56-104-56z\"\/><\/svg><\/label>\r\n    <\/span>\r\n    <span style=\"display:none\">\r\n        <input type=\"text\" name=\"kc_honeypot\">\r\n    <\/span><\/span><\/span>\n\t<\/p>\n<\/div>\n<p><input class=\"wpcf7-form-control wpcf7-submit has-spinner\" type=\"submit\" value=\"Mesaj\u0131n\u0131z\u0131 G\u00f6nderin\" \/>\n<\/p><p style=\"display: none !important;\" class=\"akismet-fields-container\" data-prefix=\"_wpcf7_ak_\"><label>&#916;<textarea name=\"_wpcf7_ak_hp_textarea\" cols=\"45\" rows=\"8\" maxlength=\"100\"><\/textarea><\/label><input type=\"hidden\" id=\"ak_js_1\" name=\"_wpcf7_ak_js\" value=\"156\"\/><script>document.getElementById( \"ak_js_1\" ).setAttribute( \"value\", ( new Date() ).getTime() );<\/script><\/p><div class=\"wpcf7-response-output\" aria-hidden=\"true\"><\/div>\n<input type=\"hidden\" name=\"trp-form-language\" value=\"tr\"\/><\/form>\n<\/div>\n<\/div>","protected":false},"excerpt":{"rendered":"<table id=\"tablepress-72\" class=\"tablepress tablepress-id-72\">\n<thead>\n<tr class=\"row-1\">\n\t<th class=\"column-1\">\u00dcR\u00dcN ADI<\/th><th class=\"column-2\">HOT SALE 70CL GLASS WHISKY BOTTLES<\/th>\n<\/tr>\n<\/thead>\n<tbody class=\"row-striping row-hover\">\n<tr class=\"row-2\">\n\t<td class=\"column-1\">\u015e\u0130\u015eE BOYUTU<\/td><td class=\"column-2\">70CL<\/td>\n<\/tr>\n<tr class=\"row-3\">\n\t<td class=\"column-1\">MALZEME<\/td><td class=\"column-2\">S\u00dcPER \u00c7AKMAKTA\u015eI CAM<\/td>\n<\/tr>\n<tr class=\"row-4\">\n\t<td class=\"column-1\">RENK<\/td><td class=\"column-2\">TEM\u0130Z<\/td>\n<\/tr>\n<tr class=\"row-5\">\n\t<td class=\"column-1\">BOYUN B\u0130T\u0130\u015e\u0130<\/td><td class=\"column-2\">BIG CORK WITH SLEEVE<\/td>\n<\/tr>\n<tr class=\"row-6\">\n\t<td class=\"column-1\">\u015e\u0130\u015eE \u015eEKL\u0130<\/td><td class=\"column-2\">D\u00dcZ YUVARLAK<\/td>\n<\/tr>\n<tr class=\"row-7\">\n\t<td class=\"column-1\">\u015e\u0130\u015eE A\u011eIRLI\u011eI<\/td><td class=\"column-2\">850G<\/td>\n<\/tr>\n<tr class=\"row-8\">\n\t<td class=\"column-1\">\u015e\u0130\u015eE Y\u00dcKSEKL\u0130\u011e\u0130<\/td><td class=\"column-2\">212MM<\/td>\n<\/tr>\n<tr class=\"row-9\">\n\t<td class=\"column-1\">\u015e\u0130\u015eE UZUNLU\u011eU<\/td><td class=\"column-2\">155MM<\/td>\n<\/tr>\n<tr class=\"row-10\">\n\t<td class=\"column-1\">\u015e\u0130\u015eE GEN\u0130\u015eL\u0130\u011e\u0130<\/td><td class=\"column-2\">56.5MM<\/td>\n<\/tr>\n<\/tbody>\n<\/table>\n<!-- #tablepress-72 from cache -->","protected":false},"featured_media":4067,"comment_status":"open","ping_status":"closed","template":"","meta":[],"product_brand":[],"product_cat":[66,67,68],"product_tag":[],"class_list":{"0":"post-4064","1":"product","2":"type-product","3":"status-publish","4":"has-post-thumbnail","6":"product_cat-500ml-glass-bottles","7":"product_cat-700ml-glass-bottles","8":"product_cat-750ml-glass-bottles","9":"entry","10":"has-media","12":"first","13":"instock","14":"shipping-taxable","15":"product-type-simple"},"_links":{"self":[{"href":"https:\/\/glassbottlesmanufacturer.com\/tr\/wp-json\/wp\/v2\/product\/4064","targetHints":{"allow":["GET"]}}],"collection":[{"href":"https:\/\/glassbottlesmanufacturer.com\/tr\/wp-json\/wp\/v2\/product"}],"about":[{"href":"https:\/\/glassbottlesmanufacturer.com\/tr\/wp-json\/wp\/v2\/types\/product"}],"replies":[{"embeddable":true,"href":"https:\/\/glassbottlesmanufacturer.com\/tr\/wp-json\/wp\/v2\/comments?post=4064"}],"wp:featuredmedia":[{"embeddable":true,"href":"https:\/\/glassbottlesmanufacturer.com\/tr\/wp-json\/wp\/v2\/media\/4067"}],"wp:attachment":[{"href":"https:\/\/glassbottlesmanufacturer.com\/tr\/wp-json\/wp\/v2\/media?parent=4064"}],"wp:term":[{"taxonomy":"product_brand","embeddable":true,"href":"https:\/\/glassbottlesmanufacturer.com\/tr\/wp-json\/wp\/v2\/product_brand?post=4064"},{"taxonomy":"product_cat","embeddable":true,"href":"https:\/\/glassbottlesmanufacturer.com\/tr\/wp-json\/wp\/v2\/product_cat?post=4064"},{"taxonomy":"product_tag","embeddable":true,"href":"https:\/\/glassbottlesmanufacturer.com\/tr\/wp-json\/wp\/v2\/product_tag?post=4064"}],"curies":[{"name":"wp","href":"https:\/\/api.w.org\/{rel}","templated":true}]}}