{"id":4233,"date":"2017-11-06T02:31:07","date_gmt":"2017-11-06T02:31:07","guid":{"rendered":"https:\/\/glassbottlesmanufacturer.com\/?post_type=product&#038;p=4233"},"modified":"2018-03-29T13:31:01","modified_gmt":"2018-03-29T13:31:01","slug":"kahverengi-cam-sise-toptan-satisi","status":"publish","type":"product","link":"https:\/\/glassbottlesmanufacturer.com\/tr\/toptan-satis\/kahverengi-cam-sise-toptan-satisi\/","title":{"rendered":"TOPTAN SATI\u015e I\u00c7IN KAHVERENGI CAM \u015eI\u015eE"},"content":{"rendered":"<p>Toptan sat\u0131\u015f i\u00e7in kahverengi cam i\u00e7ecek \u015fi\u015fesi. \u015ei\u015fe boynu ince tabanl\u0131 bir dalga \u015feklidir, \u015ei\u015fe a\u011fz\u0131 vidal\u0131 bir kapak kullanarak farkl\u0131 i\u00e7ecek tatlar\u0131n\u0131 doldurabilir.<\/p>\n<h4><strong><b>Dekorasyon Uygulamas\u0131<\/b><\/strong><\/h4>\n<p>HIKING Cam \u015fi\u015fe \u00fcreticisi, toptan sat\u0131\u015f i\u00e7in kahverengi cam i\u00e7ecek \u015fi\u015fesi i\u00e7in \u00e7e\u015fitli derin s\u00fcslemeler ve bir\u00e7ok y\u00fczey i\u015fleme tedarik etmektedir. HIKING cam \u015fi\u015fe fabrikas\u0131ndan bir paket hizmetten yararlanabilirsiniz, \u00f6rne\u011fin \u015feffaf cam \u015fi\u015felerin y\u00fczeyinde kabartmal\u0131 logo, \u015feffaf cam \u015fi\u015felerde serigrafi logosu, cam \u015fi\u015fede buzlu i\u015flem, \u015fi\u015fe y\u00fczeyine renk p\u00fcsk\u00fcrtme ve UV elektrokaplama \u015feffaf \u015fi\u015felerin y\u00fczeyinde parlak ve parlak renkler.<\/p>\n<h4><strong><b>Nakliye\/Nakliye Bilgileri<\/b><\/strong><\/h4>\n<ul>\n<li>D\u00fcz Cam \u015ei\u015feler Stokta 5-10 g\u00fcn.<\/li>\n<\/ul>\n<p>HIKING cam \u015fi\u015fe \u00fcreticisi, toptan sat\u0131\u015f i\u00e7in kahverengi cam i\u00e7ecek \u015fi\u015fesi i\u00e7in toplu stok tedarik etmektedir. HIKING Cam \u015fi\u015fe fabrikas\u0131, standart ambalaj kartonumuzu veya paletimizi kullan\u0131rsan\u0131z, stok cam \u015fi\u015feler i\u00e7in bir hafta ile h\u0131zl\u0131 teslimat yapabilir. \u00d6zel karton ambalajlar i\u00e7in daha uzun zaman alacakt\u0131r.<\/p>\n<ul>\n<li>\u00dcretim Stoku 7-15 g\u00fcn<\/li>\n<\/ul>\n<p>Kahverengi cam i\u00e7ecek \u015fi\u015fesi HIKING \u00fcretim hatt\u0131nda mevcutsa, cam \u015fi\u015feleri doldurmak i\u00e7in acil olarak kullan\u0131yorsan\u0131z, h\u0131zl\u0131 teslimat\u0131 ger\u00e7ekle\u015ftirmek i\u00e7in cam \u015fi\u015fe program\u0131n\u0131 g\u00fcncelleyebiliriz. Herhangi bir dekorasyon olmadan \u015feffaf renkli cam \u015fi\u015feler i\u00e7in bir hafta. Serigrafi bask\u0131, buzlanma, p\u00fcsk\u00fcrtme, elektrokaplama vb. gibi dekorasyonlu i\u00e7ecek \u015fi\u015feleri i\u00e7in iki hafta.<\/p>\n<ul>\n<li>\u00d6zel Sipari\u015f 20-30 g\u00fcn<\/li>\n<\/ul>\n<p>HIKING cam \u015fi\u015fe \u015firketi son 10 y\u0131lda binlerce \u015fi\u015fe kal\u0131b\u0131 yapt\u0131. esas olarak 75cl cin \u015fi\u015fesi, 70cl rom \u015fi\u015fesi, 75cl votka cam \u015fi\u015fesi ve 50cl brendi ruhlar\u0131 cam \u015fi\u015feleri i\u00e7in. Dam\u0131t\u0131m end\u00fcstrisi HIKING'in mevcut cam \u015fi\u015fe tasar\u0131mlar\u0131ndan birini se\u00e7erse, kal\u0131p maliyetinden ve daha h\u0131zl\u0131 teslimat s\u00fcresinden tasarruf edecektir. Bu kahverengi cam i\u00e7ecek \u015fi\u015feleri, yeni kal\u0131p geli\u015ftirmek yerine h\u0131zl\u0131 bir \u00e7al\u0131\u015fma i\u00e7in kullan\u0131labilir. Standart paketleme y\u00f6ntemi i\u00e7in, seri \u00fcretim genellikle 20 g\u00fcn s\u00fcrer. Ve \u00f6zelle\u015ftirilmi\u015f karton gibi \u00f6zel ambalajlar i\u00e7in 30 g\u00fcn.<\/p>\n<ul>\n<li>\u00d6zel Sipari\u015f 40 g\u00fcn<\/li>\n<\/ul>\n<p>Baz\u0131 i\u00e7ki end\u00fcstrileri kendilerine \u00f6zg\u00fc i\u00e7ki ambalajlar\u0131na sahiptir, bu nedenle kendi cam \u015fi\u015fe ambalajlar\u0131na sahiptirler. Bu durumda, cam \u015fi\u015felerini ve ambalaj \u00e7izimlerini veya \u00f6rneklerini, hatta baz\u0131 resimleri sa\u011flarlarsa, HIKING cam \u015fi\u015fe tedarik\u00e7isi ayn\u0131 cam \u015fi\u015feyi tasarlayacak veya kopyalayacakt\u0131r. Kahverengi cam i\u00e7ecek \u015fi\u015fesi \u00fczerine kabartmal\u0131 logo ve cam lik\u00f6r \u015fi\u015feleri \u00fczerine grav\u00fcr desen yapabiliriz. Cam \u015fi\u015fe kal\u0131b\u0131n\u0131n yap\u0131lmas\u0131 ve cam \u015fi\u015fe numunelerinin yap\u0131lmas\u0131 15 g\u00fcn s\u00fcrer. Resmi bir cam \u015fi\u015fe sipari\u015fi, m\u00fc\u015fteriler taraf\u0131ndan onaylanan lik\u00f6r \u015fi\u015fesi \u00f6rneklerinden sonra ba\u015flar.<\/p>\n<h4><strong><b>Cam \u015ei\u015fe Ambalajlar\u0131<\/b><\/strong><\/h4>\n<p>HIKING cam \u015fi\u015fe fabrikas\u0131, hem karada hem de okyanusta uzun s\u00fcre ve uzun yol ta\u015f\u0131mac\u0131l\u0131\u011f\u0131 i\u00e7in g\u00fcvenli bir karton veya palet ambalaj\u0131 sa\u011flar. Tasar\u0131mc\u0131lar\u0131m\u0131z, m\u00fc\u015fterinin gereksinimlerini kar\u015f\u0131lamak i\u00e7in birka\u00e7 farkl\u0131 paketleme y\u00f6ntemi sunar. M\u00fc\u015fterinin \u00fclkesinde neden oldu\u011fu \u00e7oklu maliyete ba\u011fl\u0131 olarak en ekonomik cam \u015fi\u015fe paketleme \u00e7\u00f6z\u00fcmlerini sunuyoruz.<\/p>\n<ul>\n<li>Standart Karton Ambalaj<\/li>\n<\/ul>\n<p>Karton ambalaj, bask\u0131 cam \u015fi\u015feler, buzlu cam \u015fi\u015feler ve renkli cam \u015fi\u015feler gibi dekorasyonlu kahverengi cam i\u00e7ecek \u015fi\u015feleri i\u00e7in m\u00fckemmeldir. S\u00fcrt\u00fcnmeyi \u00f6nlemek i\u00e7in her \u015fi\u015feyi b\u00f6len karton ayr\u0131ml\u0131 5 katmanl\u0131 karton ambalaj vard\u0131r. Karton ambalaj, i\u015f\u00e7ilik maliyetinin d\u00fc\u015f\u00fck oldu\u011fu \u00fclkelerde yayg\u0131n olarak kullan\u0131lmaktad\u0131r.<\/p>\n<ul>\n<li>Palet Paketleme (F\u00fcmigasyonsuz)<\/li>\n<\/ul>\n<p>Palet paketleme genellikle d\u00fcz k\u0131sa cam \u015fi\u015feler, herhangi bir y\u00fczey i\u015flemi olmayan \u015feffaf cam \u015fi\u015feler i\u00e7indir. Palet ambalaj\u0131n avantaj\u0131 kolay y\u00fckleme ve bo\u015faltmad\u0131r. Her \u015fi\u015fe gazete veya PE torba ile sar\u0131l\u0131r, her ayr\u0131 alana sabitlenir. Palet ambalaj i\u015f\u00e7ilik maliyetinin y\u00fcksek oldu\u011fu \u00fclkelerde yayg\u0131n olarak kullan\u0131lmaktad\u0131r.<\/p>\n<ul>\n<li>\u00d6zel Renkli Kutu Ambalajlar\u0131<\/li>\n<\/ul>\n<p>HIKING cam ispirto \u015fi\u015fesi \u00fcreticisi renkli kutu ambalajlar\u0131n\u0131 da kabul etmektedir. \u0130\u00e7ki end\u00fcstrisi genellikle kutu ba\u015f\u0131na 6 adet cam \u015fi\u015fe veya kutu ba\u015f\u0131na 12 adet cam \u015fi\u015fe kullan\u0131r. HIKING, i\u00e7ki perakendecileri i\u00e7in yeterince g\u00fc\u00e7l\u00fc, bant s\u0131zd\u0131rmazl\u0131\u011f\u0131 olmayan yeni bir ambalaj kutusu geli\u015ftirdi. M\u00fc\u015fterinin talebine ba\u011fl\u0131 olarak kutu \u00fczerinde parlak ve mat renk kaplamas\u0131 vard\u0131r. Kutuyu g\u00fcvenli hale getirmek ve \u00e7izilme durumunda, renkli kutu paletlere yerle\u015ftirilecek ve film sarg\u0131s\u0131 ile korunacakt\u0131r.<\/p>\n<h4><strong><b>A\u015fa\u011f\u0131daki konularda bilgi almak i\u00e7in sat\u0131\u015f ekibimizle ileti\u015fime ge\u00e7ebilirsiniz <\/b><\/strong><strong><b>kahverengi cam i\u00e7ecek \u015fi\u015fesi.<\/b><\/strong><\/h4>\n<div>\n<div class=\"wpcf7 no-js\" id=\"wpcf7-f19-o1\" lang=\"en-US\" dir=\"ltr\" data-wpcf7-id=\"19\">\n<div class=\"screen-reader-response\"><p role=\"status\" aria-live=\"polite\" aria-atomic=\"true\"><\/p> <ul><\/ul><\/div>\n<form action=\"\/tr\/wp-json\/wp\/v2\/product\/4233#wpcf7-f19-o1\" method=\"post\" class=\"wpcf7-form init\" aria-label=\"Contact form\" novalidate=\"novalidate\" data-status=\"init\" data-trp-original-action=\"\/tr\/wp-json\/wp\/v2\/product\/4233#wpcf7-f19-o1\">\n<fieldset class=\"hidden-fields-container\"><input type=\"hidden\" name=\"_wpcf7\" value=\"19\" \/><input type=\"hidden\" name=\"_wpcf7_version\" value=\"6.1.5\" \/><input type=\"hidden\" name=\"_wpcf7_locale\" value=\"en_US\" \/><input type=\"hidden\" name=\"_wpcf7_unit_tag\" value=\"wpcf7-f19-o1\" \/><input type=\"hidden\" name=\"_wpcf7_container_post\" value=\"0\" \/><input type=\"hidden\" name=\"_wpcf7_posted_data_hash\" value=\"\" \/><input type=\"hidden\" name=\"_wpcf7dtx_version\" value=\"5.0.5\" \/>\n<\/fieldset>\n<p hidden><span class=\"wpcf7-form-control-wrap dynamictext-312\" data-name=\"dynamictext-312\"><input type=\"text\" name=\"dynamictext-312\" class=\"wpcf7-form-control wpcf7-text wpcf7dtx wpcf7dtx-text\" aria-invalid=\"false\" value=\"BROWN GLASS BOTTLE FOR WHOLESALE\"><\/span>\n<\/p>\n<p><span class=\"wpcf7-form-control-wrap\" data-name=\"your-name\"><input size=\"40\" maxlength=\"400\" class=\"wpcf7-form-control wpcf7-text wpcf7-validates-as-required\" aria-required=\"true\" aria-invalid=\"false\" placeholder=\"Sizin ad\u0131n\u0131z\" value=\"\" type=\"text\" name=\"your-name\" \/><\/span>\n<\/p>\n<p><span class=\"wpcf7-form-control-wrap\" data-name=\"your-email\"><input size=\"40\" maxlength=\"400\" class=\"wpcf7-form-control wpcf7-email wpcf7-validates-as-required wpcf7-text wpcf7-validates-as-email\" aria-required=\"true\" aria-invalid=\"false\" placeholder=\"E-posta adresiniz\" value=\"\" type=\"email\" name=\"your-email\" \/><\/span>\n<\/p>\n<p><span class=\"wpcf7-form-control-wrap\" data-name=\"your-subject\"><input size=\"40\" maxlength=\"400\" class=\"wpcf7-form-control wpcf7-text wpcf7-validates-as-required\" aria-required=\"true\" aria-invalid=\"false\" placeholder=\"Mesaj Konusu\" value=\"\" type=\"text\" name=\"your-subject\" \/><\/span>\n<\/p>\n<p><span class=\"wpcf7-form-control-wrap\" data-name=\"your-message\"><textarea cols=\"40\" rows=\"10\" maxlength=\"2000\" class=\"wpcf7-form-control wpcf7-textarea\" aria-invalid=\"false\" placeholder=\"Mesaj\u0131n\u0131z\u0131 Buraya Yaz\u0131n...\" name=\"your-message\"><\/textarea><\/span>\n<\/p>\n<div style=\"display:none\">\n\t<p><span class=\"wpcf7-form-control-wrap form-url\" data-name=\"form-url\"><input type=\"text\" name=\"form-url\" class=\"wpcf7-form-control wpcf7-text wpcf7dtx wpcf7dtx-text\" aria-invalid=\"false\" value=\"https:\/\/glassbottlesmanufacturer.com\/tr\/tr\/wp-json\/wp\/v2\/product\/4233\"><\/span>\n\t<\/p>\n<\/div>\n<div style=\"margin-bottom:10px;\">\n\t<p><span class=\"wpcf7-form-control-wrap kc_captcha\" data-name=\"kc_captcha\"><span class=\"wpcf7-form-control wpcf7-radio\"><span class=\"captcha-image\" ><span class=\"cf7ic_instructions\">Please prove you are human by selecting the<span> plane<\/span>.<\/span><label><input aria-label=\"1\" type=\"radio\" name=\"kc_captcha\" value=\"bot\" \/><svg aria-hidden=\"true\" role=\"img\" xmlns=\"http:\/\/www.w3.org\/2000\/svg\" viewbox=\"0 0 576 512\"><path fill=\"currentColor\" d=\"M488 313v143c0 13-11 24-24 24H348c-7 0-12-5-12-12V356c0-7-5-12-12-12h-72c-7 0-12 5-12 12v112c0 7-5 12-12 12H112c-13 0-24-11-24-24V313c0-4 2-7 4-10l188-154c5-4 11-4 16 0l188 154c2 3 4 6 4 10zm84-61l-84-69V44c0-6-5-12-12-12h-56c-7 0-12 6-12 12v73l-89-74a48 48 0 00-61 0L4 252c-5 4-5 12-1 17l25 31c5 5 12 5 17 1l235-193c5-4 11-4 16 0l235 193c5 5 13 4 17-1l25-31c4-6 4-13-1-17z\"\/><\/svg><\/label><label><input aria-label=\"2\" type=\"radio\" name=\"kc_captcha\" value=\"bot\" \/><svg aria-hidden=\"true\" role=\"img\" xmlns=\"http:\/\/www.w3.org\/2000\/svg\" viewbox=\"0 0 512 512\"><path fill=\"currentColor\" d=\"M350 99c-54 0-98-35-166-35-25 0-47 4-68 12a56 56 0 004-24C118 24 95 1 66 0a56 56 0 00-34 102v386c0 13 11 24 24 24h16c13 0 24-11 24-24v-94c28-12 64-23 114-23 54 0 98 35 166 35 48 0 86-16 122-41 9-6 14-15 14-26V96c0-23-24-39-45-29-35 16-77 32-117 32z\"\/><\/svg><\/label><label><input aria-label=\"3\" type=\"radio\" name=\"kc_captcha\" value=\"kc_human\" \/><svg aria-hidden=\"true\" role=\"img\" xmlns=\"http:\/\/www.w3.org\/2000\/svg\" viewbox=\"0 0 576 512\"><path fill=\"currentColor\" d=\"M472 200H360L256 6a12 12 0 00-10-6h-58c-8 0-14 7-12 15l34 185H100l-35-58a12 12 0 00-10-6H12c-8 0-13 7-12 14l21 106L0 362c-1 7 4 14 12 14h43c4 0 8-2 10-6l35-58h110l-34 185c-2 8 4 15 12 15h58a12 12 0 0010-6l104-194h112c57 0 104-25 104-56s-47-56-104-56z\"\/><\/svg><\/label>\r\n    <\/span>\r\n    <span style=\"display:none\">\r\n        <input type=\"text\" name=\"kc_honeypot\">\r\n    <\/span><\/span><\/span>\n\t<\/p>\n<\/div>\n<p><input class=\"wpcf7-form-control wpcf7-submit has-spinner\" type=\"submit\" value=\"Mesaj\u0131n\u0131z\u0131 G\u00f6nderin\" \/>\n<\/p><p style=\"display: none !important;\" class=\"akismet-fields-container\" data-prefix=\"_wpcf7_ak_\"><label>&#916;<textarea name=\"_wpcf7_ak_hp_textarea\" cols=\"45\" rows=\"8\" maxlength=\"100\"><\/textarea><\/label><input type=\"hidden\" id=\"ak_js_1\" name=\"_wpcf7_ak_js\" value=\"165\"\/><script>document.getElementById( \"ak_js_1\" ).setAttribute( \"value\", ( new Date() ).getTime() );<\/script><\/p><div class=\"wpcf7-response-output\" aria-hidden=\"true\"><\/div>\n<input type=\"hidden\" name=\"trp-form-language\" value=\"tr\"\/><\/form>\n<\/div>\n<\/div>","protected":false},"excerpt":{"rendered":"<table id=\"tablepress-3\" class=\"tablepress tablepress-id-3\">\n<thead>\n<tr class=\"row-1\">\n\t<th class=\"column-1\">\u00dcR\u00dcN ADI<\/th><th class=\"column-2\">TOPTAN SATI\u015e I\u00c7IN KAHVERENGI CAM I\u00c7ECEK \u015eI\u015eESI<\/th>\n<\/tr>\n<\/thead>\n<tbody class=\"row-striping row-hover\">\n<tr class=\"row-2\">\n\t<td class=\"column-1\">\u015e\u0130\u015eE BOYUTU<\/td><td class=\"column-2\">500ML<\/td>\n<\/tr>\n<tr class=\"row-3\">\n\t<td class=\"column-1\">MALZEME<\/td><td class=\"column-2\">Borwn Cam<\/td>\n<\/tr>\n<tr class=\"row-4\">\n\t<td class=\"column-1\">RENK<\/td><td class=\"column-2\">Kahverengi<\/td>\n<\/tr>\n<tr class=\"row-5\">\n\t<td class=\"column-1\">BOYUN B\u0130T\u0130\u015e\u0130<\/td><td class=\"column-2\">Vidal\u0131 \u00dcst<\/td>\n<\/tr>\n<tr class=\"row-6\">\n\t<td class=\"column-1\">\u015e\u0130\u015eE \u015eEKL\u0130<\/td><td class=\"column-2\">DALGA \u015eEKL\u0130<\/td>\n<\/tr>\n<tr class=\"row-7\">\n\t<td class=\"column-1\">\u015e\u0130\u015eE A\u011eIRLI\u011eI<\/td><td class=\"column-2\">420G<\/td>\n<\/tr>\n<tr class=\"row-8\">\n\t<td class=\"column-1\">\u015e\u0130\u015eE Y\u00dcKSEKL\u0130\u011e\u0130<\/td><td class=\"column-2\">212MM<\/td>\n<\/tr>\n<tr class=\"row-9\">\n\t<td class=\"column-1\">\u015e\u0130\u015eE UZUNLU\u011eU<\/td><td class=\"column-2\">155MM<\/td>\n<\/tr>\n<tr class=\"row-10\">\n\t<td class=\"column-1\">\u015e\u0130\u015eE GEN\u0130\u015eL\u0130\u011e\u0130<\/td><td class=\"column-2\">56.5MM<\/td>\n<\/tr>\n<\/tbody>\n<\/table>\n<!-- #tablepress-3 from cache -->","protected":false},"featured_media":4234,"comment_status":"open","ping_status":"closed","template":"","meta":[],"product_brand":[],"product_cat":[72,70],"product_tag":[],"class_list":{"0":"post-4233","1":"product","2":"type-product","3":"status-publish","4":"has-post-thumbnail","6":"product_cat-colored-glass-bottles","7":"product_cat-other-size-glass-bottles","8":"entry","9":"has-media","11":"first","12":"instock","13":"shipping-taxable","14":"product-type-simple"},"_links":{"self":[{"href":"https:\/\/glassbottlesmanufacturer.com\/tr\/wp-json\/wp\/v2\/product\/4233","targetHints":{"allow":["GET"]}}],"collection":[{"href":"https:\/\/glassbottlesmanufacturer.com\/tr\/wp-json\/wp\/v2\/product"}],"about":[{"href":"https:\/\/glassbottlesmanufacturer.com\/tr\/wp-json\/wp\/v2\/types\/product"}],"replies":[{"embeddable":true,"href":"https:\/\/glassbottlesmanufacturer.com\/tr\/wp-json\/wp\/v2\/comments?post=4233"}],"wp:featuredmedia":[{"embeddable":true,"href":"https:\/\/glassbottlesmanufacturer.com\/tr\/wp-json\/wp\/v2\/media\/4234"}],"wp:attachment":[{"href":"https:\/\/glassbottlesmanufacturer.com\/tr\/wp-json\/wp\/v2\/media?parent=4233"}],"wp:term":[{"taxonomy":"product_brand","embeddable":true,"href":"https:\/\/glassbottlesmanufacturer.com\/tr\/wp-json\/wp\/v2\/product_brand?post=4233"},{"taxonomy":"product_cat","embeddable":true,"href":"https:\/\/glassbottlesmanufacturer.com\/tr\/wp-json\/wp\/v2\/product_cat?post=4233"},{"taxonomy":"product_tag","embeddable":true,"href":"https:\/\/glassbottlesmanufacturer.com\/tr\/wp-json\/wp\/v2\/product_tag?post=4233"}],"curies":[{"name":"wp","href":"https:\/\/api.w.org\/{rel}","templated":true}]}}