{"id":6071,"date":"2024-02-19T03:28:35","date_gmt":"2024-02-19T03:28:35","guid":{"rendered":"https:\/\/glassbottlesmanufacturer.com\/?post_type=product&#038;p=6071"},"modified":"2024-02-22T09:44:43","modified_gmt":"2024-02-22T09:44:43","slug":"cin-sisesi-kare-cam-sise-700ml-sise-likor-sisesi-yuruyus-cami","status":"publish","type":"product","link":"https:\/\/glassbottlesmanufacturer.com\/tr\/toptan-satis\/cin-sisesi-kare-cam-sise-700ml-sise-likor-sisesi-yuruyus-cami\/","title":{"rendered":"Pop\u00fcler Kare 700ML Cam Cin \u015ei\u015fesi"},"content":{"rendered":"<p>HK-009 m\u00fc\u015fterimizden biri taraf\u0131ndan \u00f6zelle\u015ftirilen s\u0131cak sat\u0131\u015f 700ml cin \u015fi\u015feleri, \u00f6n\u00fcnde yuvarlak kabartmal\u0131 bir logo var. Nazik bir adam gibi uzun boyun asil ve yak\u0131\u015f\u0131kl\u0131. HIKING GLASS di\u011fer \u015fi\u015feler gibi, bu da ekstra beyaz \u00e7akmakta\u015f\u0131 malzeme kullan\u0131larak \u00fcretilmi\u015ftir.<\/p>\n<figure id=\"attachment_4368\" aria-describedby=\"caption-attachment-4368\" style=\"width: 980px\" class=\"wp-caption aligncenter\"><img loading=\"lazy\" decoding=\"async\" class=\"wp-image-4368 size-large\" src=\"https:\/\/glassbottlesmanufacturer.com\/wp-content\/uploads\/2018\/02\/Glass-Bottle-Supplier-1024x411.jpg\" alt=\"Lik\u00f6r \u015ei\u015fesi Tedarik\u00e7isi\" width=\"980\" height=\"393\" srcset=\"https:\/\/glassbottlesmanufacturer.com\/wp-content\/uploads\/2018\/02\/Glass-Bottle-Supplier-1024x411.jpg 1024w, https:\/\/glassbottlesmanufacturer.com\/wp-content\/uploads\/2018\/02\/Glass-Bottle-Supplier-600x241.jpg 600w, https:\/\/glassbottlesmanufacturer.com\/wp-content\/uploads\/2018\/02\/Glass-Bottle-Supplier-300x120.jpg 300w, https:\/\/glassbottlesmanufacturer.com\/wp-content\/uploads\/2018\/02\/Glass-Bottle-Supplier-768x308.jpg 768w, https:\/\/glassbottlesmanufacturer.com\/wp-content\/uploads\/2018\/02\/Glass-Bottle-Supplier.jpg 1776w\" sizes=\"auto, (max-width: 980px) 100vw, 980px\" \/><figcaption id=\"caption-attachment-4368\" class=\"wp-caption-text\">Lik\u00f6r \u015ei\u015fesi Tedarik\u00e7isi - HIKING GLASS<\/figcaption><\/figure>\n<h4>Di\u011fer 700ml cin \u015fi\u015felerini kontrol edin<\/h4>\n<figure id=\"attachment_4401\" aria-describedby=\"caption-attachment-4401\" style=\"width: 1740px\" class=\"wp-caption aligncenter\"><img loading=\"lazy\" decoding=\"async\" class=\"size-full wp-image-4401\" src=\"https:\/\/glassbottlesmanufacturer.com\/wp-content\/uploads\/2018\/03\/Similar-cognac-bottle.jpg\" alt=\"750ml votka \u015fi\u015fesi\" width=\"1740\" height=\"700\" srcset=\"https:\/\/glassbottlesmanufacturer.com\/wp-content\/uploads\/2018\/03\/Similar-cognac-bottle.jpg 1740w, https:\/\/glassbottlesmanufacturer.com\/wp-content\/uploads\/2018\/03\/Similar-cognac-bottle-600x241.jpg 600w, https:\/\/glassbottlesmanufacturer.com\/wp-content\/uploads\/2018\/03\/Similar-cognac-bottle-300x121.jpg 300w, https:\/\/glassbottlesmanufacturer.com\/wp-content\/uploads\/2018\/03\/Similar-cognac-bottle-768x309.jpg 768w, https:\/\/glassbottlesmanufacturer.com\/wp-content\/uploads\/2018\/03\/Similar-cognac-bottle-1024x412.jpg 1024w\" sizes=\"auto, (max-width: 1740px) 100vw, 1740px\" \/><figcaption id=\"caption-attachment-4401\" class=\"wp-caption-text\">700ml cin \u015fi\u015fesi<\/figcaption><\/figure>\n<h4><strong>Dekorasyon Uygulamas\u0131<\/strong><\/h4>\n<ul>\n<li>700ml cin \u015fi\u015feleri \u00fczerinde \u00e7\u0131kartma ve bask\u0131 logosu, OEM son derece a\u00e7\u0131kt\u0131r.<\/li>\n<li>Frost cam \u015fi\u015feler votka \u015fi\u015feleri i\u00e7in pop\u00fcler hale geliyor.<\/li>\n<li>Kabartma, \u00f6zelle\u015ftirilmi\u015f cam votka \u015fi\u015feleri, brendi \u015fi\u015feleri, tekila \u015fi\u015feleri ve di\u011fer ruhlar i\u00e7in yayg\u0131n olarak kullan\u0131lmaktad\u0131r. M\u00fc\u015fterinin marka ad\u0131n\u0131 veya logosunu do\u011frudan cam \u00fczerine kabart\u0131r veya kaz\u0131r\u0131z, bu da kal\u0131b\u0131n i\u00e7ki fabrikas\u0131na ait oldu\u011fu anlam\u0131na gelir.<\/li>\n<li>Elektrokaplama, cam \u015fi\u015feler i\u00e7in parlak ve parlak bir his verir, bu t\u00fcr \u015fi\u015feler genellikle y\u00fcksek maliyetlidir ve \u00fcst s\u0131n\u0131f pazarlar i\u00e7indir.<\/li>\n<\/ul>\n<h4><strong>Shi<\/strong><strong>pping\/Nakliye Bilgileri<\/strong><\/h4>\n<p>\u00c7in'deki en b\u00fcy\u00fck cam \u015fi\u015fe fabrikalar\u0131ndan biri olarak, s\u0131cak sat\u0131\u015f \u015fi\u015feleri i\u00e7in yeterli stok tedarik ediyoruz, \u00e7o\u011funlukla standart cam \u015fi\u015felerimiz. Bu nedenle, Noel sat\u0131\u015f\u0131 ve Yeni Y\u0131l sat\u0131\u015f\u0131 gibi s\u0131cak sat\u0131\u015f sezonlar\u0131 i\u00e7in 7-10 g\u00fcn teslim edilen acil sipari\u015fler mevcuttur.<\/p>\n<ul>\n<li>Cam \u015fi\u015fe \u00fcretiminde 10 y\u0131l\u0131 a\u015fk\u0131n tecr\u00fcbemizle binlerce cam \u015fi\u015fe modeli geli\u015ftirdik. M\u00fc\u015fterinin se\u00e7imi i\u00e7in farkl\u0131 \u015fi\u015fe tasar\u0131mlar\u0131m\u0131z var, \u00e7o\u011funlukla m\u00fc\u015fteriler en sevdikleri cam \u015fi\u015feleri haz\u0131r kal\u0131p olan HIKING var \u015fi\u015felerinden bulabilirler. Bu t\u00fcr sipari\u015fler i\u00e7in teslim s\u00fcresi 25-30 g\u00fcnd\u00fcr.<\/li>\n<li>Baz\u0131 i\u00e7ki \u015firketleri kendi \u00f6zel i\u00e7ki \u015fi\u015felerine sahiptir. Bu \u015fekilde, bize cam \u015fi\u015fe \u00e7izimi veya cam \u015fi\u015fe \u00f6rne\u011fi, hatta bir cam \u015fi\u015fe resmi sa\u011flarsan\u0131z, ayn\u0131 cam \u015fi\u015feyi geli\u015ftirece\u011fiz veya kopyalayaca\u011f\u0131z. Kal\u0131p i\u00e7in teslim s\u00fcresi 15 g\u00fcnd\u00fcr.<\/li>\n<\/ul>\n<h4><strong>Cam \u015ei\u015fe Ambalajlar\u0131<\/strong><\/h4>\n<ul>\n<li>Bask\u0131da cam \u015fi\u015feler i\u00e7in standart karton ambalaj kullan\u0131l\u0131r. S\u00fcrt\u00fcnmeyi \u00f6nlemek i\u00e7in f\u0131\u00e7\u0131 tahtas\u0131 vard\u0131r.<\/li>\n<li>Palet paketleme, cam \u015fi\u015fe y\u00fckleme ve bo\u015faltma i\u00e7in kolay kullan\u0131m yoludur. Ayr\u0131ca ispirto \u015fi\u015feleri i\u00e7in en ekonomik paketleme y\u00f6ntemidir<\/li>\n<li>\u00d6zel renkli kutu ambalajlar\u0131 en karma\u015f\u0131k cam \u015fi\u015fe ambalaj\u0131d\u0131r. M\u00fc\u015fteriler kutu sanat eserlerini sa\u011flar, cam \u015fi\u015fe \u015firketi doldurulduktan sonra tekrar kullan\u0131labilen \u015fi\u015feler ve kutular sa\u011flar.<\/li>\n<\/ul>\n<figure id=\"attachment_4365\" aria-describedby=\"caption-attachment-4365\" style=\"width: 1776px\" class=\"wp-caption aligncenter\"><img loading=\"lazy\" decoding=\"async\" class=\"wp-image-4365 size-full\" src=\"https:\/\/glassbottlesmanufacturer.com\/wp-content\/uploads\/2018\/02\/heise-1.png\" alt=\"Cam \u015ei\u015fe Tedarik\u00e7isi - HIKING GLASS\" width=\"1776\" height=\"712\" srcset=\"https:\/\/glassbottlesmanufacturer.com\/wp-content\/uploads\/2018\/02\/heise-1.png 1776w, https:\/\/glassbottlesmanufacturer.com\/wp-content\/uploads\/2018\/02\/heise-1-600x241.png 600w, https:\/\/glassbottlesmanufacturer.com\/wp-content\/uploads\/2018\/02\/heise-1-300x120.png 300w, https:\/\/glassbottlesmanufacturer.com\/wp-content\/uploads\/2018\/02\/heise-1-768x308.png 768w, https:\/\/glassbottlesmanufacturer.com\/wp-content\/uploads\/2018\/02\/heise-1-1024x411.png 1024w\" sizes=\"auto, (max-width: 1776px) 100vw, 1776px\" \/><figcaption id=\"caption-attachment-4365\" class=\"wp-caption-text\">Cam \u015ei\u015fe Tedarik\u00e7isi - HIKING GLASS<\/figcaption><\/figure>\n<p><!--more--><\/p>\n<h4>CAM \u015e\u0130\u015eELER\u0130N \u0130PU\u00c7LARI<\/h4>\n<p>Cam \u015fi\u015fe denetiminin kilit noktalar\u0131.<\/p>\n<p>\u0130kinci olarak, ilk numune testi<\/p>\n<p>1. \u015ei\u015feler tavlama hatt\u0131na girmeden \u00f6nce, inceleme yapmak i\u00e7in ilk 10-30 adet \u00fcretilen cam \u015fi\u015feleri se\u00e7iyoruz. her kal\u0131p, a\u011f\u0131z boyutuna odaklanan boyut incelemesi i\u00e7in 2 - 3 \u015fi\u015fe se\u00e7er; A\u011fz\u0131n i\u00e7 ve d\u0131\u015f \u00e7ap\u0131; taban kabartmal\u0131 yaz\u0131n\u0131n do\u011fru ve net olup olmad\u0131\u011f\u0131; \u015fi\u015fe deseninin do\u011fru olup olmad\u0131\u011f\u0131.<\/p>\n<p>2. \u015ei\u015fe tavlama hatt\u0131ndan \u00e7\u0131kt\u0131\u011f\u0131nda, kalite kontrol lideri kal\u0131planm\u0131\u015f \u00fcr\u00fcn say\u0131s\u0131n\u0131 iki ila \u00fc\u00e7 ile s\u0131n\u0131rlayacakt\u0131r. Denetim, yukar\u0131dakilere ek olarak kapasite \u00f6l\u00e7\u00fcm\u00fc \u00fczerinde durularak \u00e7izimlerin t\u00fcm y\u00f6nleriyle ger\u00e7ekle\u015ftirilecektir. A\u011f\u0131rl\u0131k \u00f6l\u00e7\u00fcm\u00fc, a\u011f\u0131z i\u00e7 ve d\u0131\u015f \u00e7ap\u0131, gerekirse \u015fi\u015feyi su ile doldurun, fiziksel montaj i\u00e7in m\u00fc\u015fteri taraf\u0131ndan sa\u011flanan kapa\u011f\u0131 kullan\u0131n ve kapa\u011f\u0131n yerine yerle\u015ftirilip yerle\u015ftirilemeyece\u011fini kontrol edin. Ve i\u00e7 bas\u0131n\u00e7, i\u00e7 gerilim, asit ve alkali direnci testi i\u00e7in.<\/p>\n<h4>CAM \u015eI\u015eELERIN TAM OTOMATIK MAKINE ILE NASIL \u00dcRETILDI\u011eINI KONTROL EDIN<\/h4>\n<div style=\"width: 720px;\" class=\"wp-video\"><video class=\"wp-video-shortcode\" id=\"video-6071-1\" width=\"720\" height=\"404\" preload=\"metadata\" controls=\"controls\"><source type=\"video\/mp4\" src=\"https:\/\/glassbottlesmanufacturer.com\/wp-content\/uploads\/2018\/02\/HIKING-GLASS-\u8c37\u6b4c\u89c6\u9891.mp4?_=1\" \/><a href=\"https:\/\/glassbottlesmanufacturer.com\/wp-content\/uploads\/2018\/02\/HIKING-GLASS-\u8c37\u6b4c\u89c6\u9891.mp4\">https:\/\/glassbottlesmanufacturer.com\/wp-content\/uploads\/2018\/02\/HIKING-GLASS-\u8c37\u6b4c\u89c6\u9891.mp4<\/a><\/video><\/div>\n<div>\n<div class=\"wpcf7 no-js\" id=\"wpcf7-f19-o1\" lang=\"en-US\" dir=\"ltr\" data-wpcf7-id=\"19\">\n<div class=\"screen-reader-response\"><p role=\"status\" aria-live=\"polite\" aria-atomic=\"true\"><\/p> <ul><\/ul><\/div>\n<form action=\"\/tr\/wp-json\/wp\/v2\/product\/6071#wpcf7-f19-o1\" method=\"post\" class=\"wpcf7-form init\" aria-label=\"Contact form\" novalidate=\"novalidate\" data-status=\"init\" data-trp-original-action=\"\/tr\/wp-json\/wp\/v2\/product\/6071#wpcf7-f19-o1\">\n<fieldset class=\"hidden-fields-container\"><input type=\"hidden\" name=\"_wpcf7\" value=\"19\" \/><input type=\"hidden\" name=\"_wpcf7_version\" value=\"6.1.5\" \/><input type=\"hidden\" name=\"_wpcf7_locale\" value=\"en_US\" \/><input type=\"hidden\" name=\"_wpcf7_unit_tag\" value=\"wpcf7-f19-o1\" \/><input type=\"hidden\" name=\"_wpcf7_container_post\" value=\"0\" \/><input type=\"hidden\" name=\"_wpcf7_posted_data_hash\" value=\"\" \/><input type=\"hidden\" name=\"_wpcf7dtx_version\" value=\"5.0.5\" \/>\n<\/fieldset>\n<p hidden><span class=\"wpcf7-form-control-wrap dynamictext-312\" data-name=\"dynamictext-312\"><input type=\"text\" name=\"dynamictext-312\" class=\"wpcf7-form-control wpcf7-text wpcf7dtx wpcf7dtx-text\" aria-invalid=\"false\" value=\"Popular Square 700ML Glass Gin Bottle\"><\/span>\n<\/p>\n<p><span class=\"wpcf7-form-control-wrap\" data-name=\"your-name\"><input size=\"40\" maxlength=\"400\" class=\"wpcf7-form-control wpcf7-text wpcf7-validates-as-required\" aria-required=\"true\" aria-invalid=\"false\" placeholder=\"Sizin ad\u0131n\u0131z\" value=\"\" type=\"text\" name=\"your-name\" \/><\/span>\n<\/p>\n<p><span class=\"wpcf7-form-control-wrap\" data-name=\"your-email\"><input size=\"40\" maxlength=\"400\" class=\"wpcf7-form-control wpcf7-email wpcf7-validates-as-required wpcf7-text wpcf7-validates-as-email\" aria-required=\"true\" aria-invalid=\"false\" placeholder=\"E-posta adresiniz\" value=\"\" type=\"email\" name=\"your-email\" \/><\/span>\n<\/p>\n<p><span class=\"wpcf7-form-control-wrap\" data-name=\"your-subject\"><input size=\"40\" maxlength=\"400\" class=\"wpcf7-form-control wpcf7-text wpcf7-validates-as-required\" aria-required=\"true\" aria-invalid=\"false\" placeholder=\"Mesaj Konusu\" value=\"\" type=\"text\" name=\"your-subject\" \/><\/span>\n<\/p>\n<p><span class=\"wpcf7-form-control-wrap\" data-name=\"your-message\"><textarea cols=\"40\" rows=\"10\" maxlength=\"2000\" class=\"wpcf7-form-control wpcf7-textarea\" aria-invalid=\"false\" placeholder=\"Mesaj\u0131n\u0131z\u0131 Buraya Yaz\u0131n...\" name=\"your-message\"><\/textarea><\/span>\n<\/p>\n<div style=\"display:none\">\n\t<p><span class=\"wpcf7-form-control-wrap form-url\" data-name=\"form-url\"><input type=\"text\" name=\"form-url\" class=\"wpcf7-form-control wpcf7-text wpcf7dtx wpcf7dtx-text\" aria-invalid=\"false\" value=\"https:\/\/glassbottlesmanufacturer.com\/tr\/tr\/wp-json\/wp\/v2\/product\/6071\"><\/span>\n\t<\/p>\n<\/div>\n<div style=\"margin-bottom:10px;\">\n\t<p><span class=\"wpcf7-form-control-wrap kc_captcha\" data-name=\"kc_captcha\"><span class=\"wpcf7-form-control wpcf7-radio\"><span class=\"captcha-image\" ><span class=\"cf7ic_instructions\">Please prove you are human by selecting the<span> truck<\/span>.<\/span><label><input aria-label=\"1\" type=\"radio\" name=\"kc_captcha\" value=\"bot\" \/><svg aria-hidden=\"true\" role=\"img\" xmlns=\"http:\/\/www.w3.org\/2000\/svg\" viewbox=\"0 0 512 512\"><path fill=\"currentColor\" d=\"M512 176a176 176 0 01-209 173l-24 27a24 24 0 01-18 8h-37v40c0 13-11 24-24 24h-40v40c0 13-11 24-24 24H24c-13 0-24-11-24-24v-78c0-6 3-13 7-17l162-162a176 176 0 11343-55zm-176-48a48 48 0 1096 0 48 48 0 00-96 0z\"\/><\/svg><\/label><label><input aria-label=\"2\" type=\"radio\" name=\"kc_captcha\" value=\"kc_human\" \/><svg aria-hidden=\"true\" role=\"img\" xmlns=\"http:\/\/www.w3.org\/2000\/svg\" viewbox=\"0 0 640 512\"><path fill=\"currentColor\" d=\"M624 352h-16V244c0-13-5-25-14-34L494 110c-9-9-21-14-34-14h-44V48c0-26-21-48-48-48H48C22 0 0 22 0 48v320c0 27 22 48 48 48h16a96 96 0 00192 0h128a96 96 0 00192 0h48c9 0 16-7 16-16v-32c0-9-7-16-16-16zM160 464a48 48 0 110-96 48 48 0 010 96zm320 0a48 48 0 110-96 48 48 0 010 96zm80-208H416V144h44l100 100v12z\"\/><\/svg><\/label><label><input aria-label=\"3\" type=\"radio\" name=\"kc_captcha\" value=\"bot\" \/><svg aria-hidden=\"true\" role=\"img\" xmlns=\"http:\/\/www.w3.org\/2000\/svg\" viewbox=\"0 0 576 512\"><path fill=\"currentColor\" d=\"M472 200H360L256 6a12 12 0 00-10-6h-58c-8 0-14 7-12 15l34 185H100l-35-58a12 12 0 00-10-6H12c-8 0-13 7-12 14l21 106L0 362c-1 7 4 14 12 14h43c4 0 8-2 10-6l35-58h110l-34 185c-2 8 4 15 12 15h58a12 12 0 0010-6l104-194h112c57 0 104-25 104-56s-47-56-104-56z\"\/><\/svg><\/label>\r\n    <\/span>\r\n    <span style=\"display:none\">\r\n        <input type=\"text\" name=\"kc_honeypot\">\r\n    <\/span><\/span><\/span>\n\t<\/p>\n<\/div>\n<p><input class=\"wpcf7-form-control wpcf7-submit has-spinner\" type=\"submit\" value=\"Mesaj\u0131n\u0131z\u0131 G\u00f6nderin\" \/>\n<\/p><p style=\"display: none !important;\" class=\"akismet-fields-container\" data-prefix=\"_wpcf7_ak_\"><label>\u0394<textarea name=\"_wpcf7_ak_hp_textarea\" cols=\"45\" rows=\"8\" maxlength=\"100\"><\/textarea><\/label><input type=\"hidden\" id=\"ak_js_1\" name=\"_wpcf7_ak_js\" value=\"241\"\/><script>document.getElementById( \"ak_js_1\" ).setAttribute( \"value\", ( new Date() ).getTime() );<\/script><\/p><div class=\"wpcf7-response-output\" aria-hidden=\"true\"><\/div>\n<input type=\"hidden\" name=\"trp-form-language\" value=\"tr\"\/><\/form>\n<\/div>\n<\/div>\n<p><!--5f39ae17-8c62-4a45-bc43-b32064c9388a:W3siYmxvY2tUeXBlIjoicGFyYWdyYXBoIiwic3R5bGVzIjp7ImFsaWduIjoibGVmdCIsImluZGVudCI6MCwidGV4dC1pbmRlbnQiOjAsImxpbmUtaGVpZ2h0IjoxLjc1fSwiYmxvY2tJZCI6IjQzMjItMTUyMTE4MzIwNDE4NiIsInJpY2hUZXh0Ijp7ImlzUmljaFRleHQiOnRydWUsImtlZXBMaW5lQnJlYWsiOnRydWUsImRhdGEiOlt7ImNoYXIiOiJbIn0seyJjaGFyIjoiYyJ9LHsiY2hhciI6Im8ifSx7ImNoYXIiOiJuIn0seyJjaGFyIjoidCJ9LHsiY2hhciI6ImEifSx7ImNoYXIiOiJjIn0seyJjaGFyIjoidCJ9LHsiY2hhciI6Ii0ifSx7ImNoYXIiOiJmIn0seyJjaGFyIjoibyJ9LHsiY2hhciI6InIifSx7ImNoYXIiOiJtIn0seyJjaGFyIjoiLSJ9LHsiY2hhciI6IjcifSx7ImNoYXIiOiIgIn0seyJjaGFyIjoiaSJ9LHsiY2hhciI6ImQifSx7ImNoYXIiOiI9In0seyJjaGFyIjoiXCIifSx7ImNoYXIiOiIxIn0seyJjaGFyIjoiOSJ9LHsiY2hhciI6IlwiIn0seyJjaGFyIjoiICJ9LHsiY2hhciI6InQifSx7ImNoYXIiOiJpIn0seyJjaGFyIjoidCJ9LHsiY2hhciI6ImwifSx7ImNoYXIiOiJlIn0seyJjaGFyIjoiPSJ9LHsiY2hhciI6IlwiIn0seyJjaGFyIjoiUyJ9LHsiY2hhciI6InUifSx7ImNoYXIiOiJzIn0seyJjaGFyIjoidCJ9LHsiY2hhciI6ImEifSx7ImNoYXIiOiJpIn0seyJjaGFyIjoibiJ9LHsiY2hhciI6ImEifSx7ImNoYXIiOiJiIn0seyJjaGFyIjoibCJ9LHsiY2hhciI6ImUifSx7ImNoYXIiOiIgIn0seyJjaGFyIjoiQyJ9LHsiY2hhciI6Im8ifSx7ImNoYXIiOiJuIn0seyJjaGFyIjoidCJ9LHsiY2hhciI6ImEifSx7ImNoYXIiOiJjIn0seyJjaGFyIjoidCJ9LHsiY2hhciI6IiAifSx7ImNoYXIiOiJQIn0seyJjaGFyIjoiYSJ9LHsiY2hhciI6ImcifSx7ImNoYXIiOiJlIn0seyJjaGFyIjoiXCIifSx7ImNoYXIiOiJdIn1dfX1d--><\/p>","protected":false},"excerpt":{"rendered":"<table id=\"tablepress-151\" class=\"tablepress tablepress-id-151\">\n<thead>\n<tr class=\"row-1\">\n\t<th class=\"column-1\">\u00dcR\u00dcN ADI<\/th><th class=\"column-2\">Pop\u00fcler Kare 700ML Cam Cin \u015ei\u015fesi<\/th>\n<\/tr>\n<\/thead>\n<tbody class=\"row-striping row-hover\">\n<tr class=\"row-2\">\n\t<td class=\"column-1\">\u015e\u0130\u015eE BOYUTU<\/td><td class=\"column-2\">700ML<\/td>\n<\/tr>\n<tr class=\"row-3\">\n\t<td class=\"column-1\">MALZEME<\/td><td class=\"column-2\">S\u00dcPER \u00c7AKMAKTA\u015eI CAM<\/td>\n<\/tr>\n<tr class=\"row-4\">\n\t<td class=\"column-1\">RENK<\/td><td class=\"column-2\">TEM\u0130Z<\/td>\n<\/tr>\n<tr class=\"row-5\">\n\t<td class=\"column-1\">BOYUN B\u0130T\u0130\u015e\u0130<\/td><td class=\"column-2\">BAR \u00dcST\u00dc<\/td>\n<\/tr>\n<tr class=\"row-6\">\n\t<td class=\"column-1\">\u015e\u0130\u015eE \u015eEKL\u0130<\/td><td class=\"column-2\">D\u00dcZ<\/td>\n<\/tr>\n<tr class=\"row-7\">\n\t<td class=\"column-1\">\u015e\u0130\u015eE A\u011eIRLI\u011eI<\/td><td class=\"column-2\">850G<\/td>\n<\/tr>\n<tr class=\"row-8\">\n\t<td class=\"column-1\">\u015e\u0130\u015eE Y\u00dcKSEKL\u0130\u011e\u0130<\/td><td class=\"column-2\">248MM<\/td>\n<\/tr>\n<tr class=\"row-9\">\n\t<td class=\"column-1\">\u015e\u0130\u015eE UZUNLU\u011eU<\/td><td class=\"column-2\">98.8MM<\/td>\n<\/tr>\n<tr class=\"row-10\">\n\t<td class=\"column-1\">\u015e\u0130\u015eE GEN\u0130\u015eL\u0130\u011e\u0130<\/td><td class=\"column-2\">58MM<\/td>\n<\/tr>\n<\/tbody>\n<\/table>\n<!-- #tablepress-151 from cache -->","protected":false},"featured_media":6073,"comment_status":"closed","ping_status":"closed","template":"","meta":[],"product_brand":[],"product_cat":[68],"product_tag":[],"class_list":{"0":"post-6071","1":"product","2":"type-product","3":"status-publish","4":"has-post-thumbnail","6":"product_cat-750ml-glass-bottles","7":"entry","8":"has-media","10":"first","11":"instock","12":"shipping-taxable","13":"product-type-simple"},"_links":{"self":[{"href":"https:\/\/glassbottlesmanufacturer.com\/tr\/wp-json\/wp\/v2\/product\/6071","targetHints":{"allow":["GET"]}}],"collection":[{"href":"https:\/\/glassbottlesmanufacturer.com\/tr\/wp-json\/wp\/v2\/product"}],"about":[{"href":"https:\/\/glassbottlesmanufacturer.com\/tr\/wp-json\/wp\/v2\/types\/product"}],"replies":[{"embeddable":true,"href":"https:\/\/glassbottlesmanufacturer.com\/tr\/wp-json\/wp\/v2\/comments?post=6071"}],"wp:featuredmedia":[{"embeddable":true,"href":"https:\/\/glassbottlesmanufacturer.com\/tr\/wp-json\/wp\/v2\/media\/6073"}],"wp:attachment":[{"href":"https:\/\/glassbottlesmanufacturer.com\/tr\/wp-json\/wp\/v2\/media?parent=6071"}],"wp:term":[{"taxonomy":"product_brand","embeddable":true,"href":"https:\/\/glassbottlesmanufacturer.com\/tr\/wp-json\/wp\/v2\/product_brand?post=6071"},{"taxonomy":"product_cat","embeddable":true,"href":"https:\/\/glassbottlesmanufacturer.com\/tr\/wp-json\/wp\/v2\/product_cat?post=6071"},{"taxonomy":"product_tag","embeddable":true,"href":"https:\/\/glassbottlesmanufacturer.com\/tr\/wp-json\/wp\/v2\/product_tag?post=6071"}],"curies":[{"name":"wp","href":"https:\/\/api.w.org\/{rel}","templated":true}]}}