{"id":6462,"date":"2024-03-20T06:55:03","date_gmt":"2024-03-20T06:55:03","guid":{"rendered":"https:\/\/glassbottlesmanufacturer.com\/?post_type=product&#038;p=6462"},"modified":"2024-03-20T06:58:47","modified_gmt":"2024-03-20T06:58:47","slug":"500ml-alcohol-glass-bottle","status":"publish","type":"product","link":"https:\/\/glassbottlesmanufacturer.com\/tr\/toptan-satis\/500ml-alcohol-glass-bottle\/","title":{"rendered":"Kaliteli \u00fccretsiz numune 500ml alkol cam \u015fi\u015fe"},"content":{"rendered":"<p>500ml alcohol glass bottle has a very high height and gradually becomes wider from the bottle bottom to the shoulder. The liquor bottle glass base is 20mm thick, which makes the bottle look very high quality. The plate finish offers a variaty of cap options,including synthetic cork, wooden cork, high polymer cork, and more.<\/p>\n<figure id=\"attachment_4368\" aria-describedby=\"caption-attachment-4368\" style=\"width: 980px\" class=\"wp-caption aligncenter\"><img loading=\"lazy\" decoding=\"async\" class=\"wp-image-4368 size-large\" title=\"Kaliteli 750ml Lik\u00f6r \u015ei\u015fesi\" src=\"https:\/\/glassbottlesmanufacturer.com\/wp-content\/uploads\/2018\/02\/Glass-Bottle-Supplier-1024x411.jpg\" alt=\"Lik\u00f6r \u015ei\u015fesi \u00dcreticisi\" width=\"980\" height=\"393\" srcset=\"https:\/\/glassbottlesmanufacturer.com\/wp-content\/uploads\/2018\/02\/Glass-Bottle-Supplier-1024x411.jpg 1024w, https:\/\/glassbottlesmanufacturer.com\/wp-content\/uploads\/2018\/02\/Glass-Bottle-Supplier-600x241.jpg 600w, https:\/\/glassbottlesmanufacturer.com\/wp-content\/uploads\/2018\/02\/Glass-Bottle-Supplier-300x120.jpg 300w, https:\/\/glassbottlesmanufacturer.com\/wp-content\/uploads\/2018\/02\/Glass-Bottle-Supplier-768x308.jpg 768w, https:\/\/glassbottlesmanufacturer.com\/wp-content\/uploads\/2018\/02\/Glass-Bottle-Supplier.jpg 1776w\" sizes=\"auto, (max-width: 980px) 100vw, 980px\" \/><figcaption id=\"caption-attachment-4368\" class=\"wp-caption-text\">500ml alcohol glass bottle HIKING GLASS<\/figcaption><\/figure>\n<h4>The Details of 500ml alcohol glass bottle<\/h4>\n<figure id=\"attachment_4553\" aria-describedby=\"caption-attachment-4553\" style=\"width: 1740px\" class=\"wp-caption aligncenter\"><img loading=\"lazy\" decoding=\"async\" class=\"wp-image-4553 size-full\" title=\"yuvarlak \u015fekilli 750ml lik\u00f6r \u015fi\u015fesi\" src=\"https:\/\/glassbottlesmanufacturer.com\/wp-content\/uploads\/2018\/04\/750ml-liquor-bottle.jpg\" alt=\"cam 750ml lik\u00f6r \u015fi\u015fesi\" width=\"1740\" height=\"700\" srcset=\"https:\/\/glassbottlesmanufacturer.com\/wp-content\/uploads\/2018\/04\/750ml-liquor-bottle.jpg 1740w, https:\/\/glassbottlesmanufacturer.com\/wp-content\/uploads\/2018\/04\/750ml-liquor-bottle-600x241.jpg 600w, https:\/\/glassbottlesmanufacturer.com\/wp-content\/uploads\/2018\/04\/750ml-liquor-bottle-300x121.jpg 300w, https:\/\/glassbottlesmanufacturer.com\/wp-content\/uploads\/2018\/04\/750ml-liquor-bottle-768x309.jpg 768w, https:\/\/glassbottlesmanufacturer.com\/wp-content\/uploads\/2018\/04\/750ml-liquor-bottle-1024x412.jpg 1024w\" sizes=\"auto, (max-width: 1740px) 100vw, 1740px\" \/><figcaption id=\"caption-attachment-4553\" class=\"wp-caption-text\">500ml alcohol glass bottle<\/figcaption><\/figure>\n<h4><strong>Dekorasyon Uygulamas\u0131<\/strong><\/h4>\n<ul>\n<li>500ml alkol cam \u015fi\u015fe \u00fczerinde \u00e7\u0131kartma ve bask\u0131 logosu, OEM son derece a\u00e7\u0131kt\u0131r.<\/li>\n<li>Frost cam \u015fi\u015feler lik\u00f6r \u015fi\u015feleri i\u00e7in pop\u00fcler hale gelmektedir.<\/li>\n<li>Kabartma, \u00f6zelle\u015ftirilmi\u015f cam votka \u015fi\u015feleri, brendi \u015fi\u015feleri, tekila \u015fi\u015feleri ve di\u011fer ruhlar i\u00e7in yayg\u0131n olarak kullan\u0131lmaktad\u0131r. M\u00fc\u015fterinin marka ad\u0131n\u0131 veya logosunu do\u011frudan cam \u00fczerine kabart\u0131r veya kaz\u0131r\u0131z, bu da kal\u0131b\u0131n i\u00e7ki fabrikas\u0131na ait oldu\u011fu anlam\u0131na gelir.<\/li>\n<li>Elektrokaplama, cam \u015fi\u015feler i\u00e7in parlak ve parlak bir his verir, bu t\u00fcr \u015fi\u015feler genellikle y\u00fcksek maliyetlidir ve \u00fcst s\u0131n\u0131f pazarlar i\u00e7indir.<\/li>\n<\/ul>\n<h4><strong>Shi<\/strong><strong>pping\/Nakliye Bilgileri<\/strong><\/h4>\n<p>\u00c7in'deki en b\u00fcy\u00fck cam \u015fi\u015fe fabrikalar\u0131ndan biri olarak, s\u0131cak sat\u0131\u015f \u015fi\u015feleri i\u00e7in yeterli stok tedarik ediyoruz, \u00e7o\u011funlukla standart cam \u015fi\u015felerimiz. Bu nedenle, Noel sat\u0131\u015f\u0131 ve Yeni Y\u0131l sat\u0131\u015f\u0131 gibi s\u0131cak sat\u0131\u015f sezonlar\u0131 i\u00e7in 7-10 g\u00fcn teslim edilen acil sipari\u015fler mevcuttur.<\/p>\n<ul>\n<li>Cam \u015fi\u015fe \u00fcretiminde 10 y\u0131l\u0131 a\u015fk\u0131n tecr\u00fcbemizle binlerce cam \u015fi\u015fe modeli geli\u015ftirdik. M\u00fc\u015fterinin se\u00e7imi i\u00e7in farkl\u0131 \u015fi\u015fe tasar\u0131mlar\u0131m\u0131z var, \u00e7o\u011funlukla m\u00fc\u015fteriler en sevdikleri cam \u015fi\u015feleri haz\u0131r kal\u0131p olan HIKING var \u015fi\u015felerinden bulabilirler. Bu t\u00fcr sipari\u015fler i\u00e7in teslim s\u00fcresi 25-30 g\u00fcnd\u00fcr.<\/li>\n<li>Baz\u0131 i\u00e7ki \u015firketleri kendi \u00f6zel i\u00e7ki \u015fi\u015felerine sahiptir. Bu \u015fekilde, bize cam \u015fi\u015fe \u00e7izimi veya cam \u015fi\u015fe \u00f6rne\u011fi, hatta bir cam \u015fi\u015fe resmi sa\u011flarsan\u0131z, ayn\u0131 cam \u015fi\u015feyi geli\u015ftirece\u011fiz veya kopyalayaca\u011f\u0131z. Kal\u0131p i\u00e7in teslim s\u00fcresi 15 g\u00fcnd\u00fcr.<\/li>\n<\/ul>\n<h4><strong>Cam \u015ei\u015fe Ambalajlar\u0131<\/strong><\/h4>\n<ul>\n<li>Bask\u0131da cam \u015fi\u015feler i\u00e7in standart karton ambalaj kullan\u0131l\u0131r. S\u00fcrt\u00fcnmeyi \u00f6nlemek i\u00e7in f\u0131\u00e7\u0131 tahtas\u0131 vard\u0131r.<\/li>\n<li>Palet paketleme, cam \u015fi\u015fe y\u00fckleme ve bo\u015faltma i\u00e7in kolay kullan\u0131m yoludur. Ayr\u0131ca ispirto \u015fi\u015feleri i\u00e7in en ekonomik paketleme y\u00f6ntemidir<\/li>\n<li>\u00d6zel renkli kutu ambalajlar\u0131 en karma\u015f\u0131k cam \u015fi\u015fe ambalaj\u0131d\u0131r. M\u00fc\u015fteriler kutu sanat eserlerini sa\u011flar, cam \u015fi\u015fe \u015firketi doldurulduktan sonra tekrar kullan\u0131labilen \u015fi\u015feler ve kutular sa\u011flar.<\/li>\n<\/ul>\n<figure id=\"attachment_4365\" aria-describedby=\"caption-attachment-4365\" style=\"width: 1776px\" class=\"wp-caption aligncenter\"><img loading=\"lazy\" decoding=\"async\" class=\"wp-image-4365 size-full\" title=\"750ml lik\u00f6r \u015fi\u015fesi \u00fcreticisi\" src=\"https:\/\/glassbottlesmanufacturer.com\/wp-content\/uploads\/2018\/02\/heise-1.png\" alt=\"750ml Lik\u00f6r \u015ei\u015fesi \u00fcreticisi - HIKING GLASS\" width=\"1776\" height=\"712\" srcset=\"https:\/\/glassbottlesmanufacturer.com\/wp-content\/uploads\/2018\/02\/heise-1.png 1776w, https:\/\/glassbottlesmanufacturer.com\/wp-content\/uploads\/2018\/02\/heise-1-600x241.png 600w, https:\/\/glassbottlesmanufacturer.com\/wp-content\/uploads\/2018\/02\/heise-1-300x120.png 300w, https:\/\/glassbottlesmanufacturer.com\/wp-content\/uploads\/2018\/02\/heise-1-768x308.png 768w, https:\/\/glassbottlesmanufacturer.com\/wp-content\/uploads\/2018\/02\/heise-1-1024x411.png 1024w\" sizes=\"auto, (max-width: 1776px) 100vw, 1776px\" \/><figcaption id=\"caption-attachment-4365\" class=\"wp-caption-text\">500ml alcohol glass bottle &#8211; HIKING GLASS<\/figcaption><\/figure>\n<p><!--more--><\/p>\n<h4>TIPS of 500ml alcohol glass bottle<\/h4>\n<p>Cam \u015fi\u015fe denetiminin kilit noktalar\u0131.<\/p>\n<p>\u00dc\u00e7\u00fcnc\u00fc olarak, \u00fcretim denetimi<\/p>\n<p>1. Kal\u0131b\u0131 de\u011fi\u015ftirmeden, her 15 dakikada bir, her kal\u0131p hacim, a\u011f\u0131rl\u0131k testi i\u00e7in 10 adet se\u00e7er ve bu arada a\u011fz\u0131n i\u00e7 ve d\u0131\u015f \u00e7ap\u0131n\u0131 tespit etmesi gerekir, \u00e7\u00fcnk\u00fc a\u011fz\u0131n ya\u011f ile lekelenmesi kolayd\u0131r, bu da kapa\u011f\u0131n d\u00fczg\u00fcn bir \u015fekilde kapat\u0131lmamas\u0131na neden olur ve s\u0131v\u0131 s\u0131z\u0131nt\u0131s\u0131na neden olur<\/p>\n<p>2. \u00dcretimde kal\u0131plar yeni kal\u0131plarla de\u011fi\u015ftirilebilir. Bu nedenle, kal\u0131plar de\u011fi\u015ftirildikten sonra, \u00fcretim departman\u0131 derhal kalite g\u00fcvence ofisini bilgilendirmelidir. Kalite asistan\u0131, kal\u0131p de\u011fi\u015fiminden sonra kalite denetimi nedeniyle g\u00f6zden ka\u00e7an denetimlerin neden oldu\u011fu kalite sorunlar\u0131n\u0131 \u00f6nlemek i\u00e7in yeni kal\u0131plarla yap\u0131lan ilk \u015fi\u015feler ve \u00fcretimin denetimi \u00fczerinde s\u0131k\u0131 bir denetim yapmal\u0131d\u0131r.<\/p>\n<p><!--StartFragment --><\/p>\n<h4>Leave your message to get a fast reply on 500ml alcohol glass bottle<\/h4>\n\n<div class=\"wpcf7 no-js\" id=\"wpcf7-f19-o1\" lang=\"en-US\" dir=\"ltr\" data-wpcf7-id=\"19\">\n<div class=\"screen-reader-response\"><p role=\"status\" aria-live=\"polite\" aria-atomic=\"true\"><\/p> <ul><\/ul><\/div>\n<form action=\"\/tr\/wp-json\/wp\/v2\/product\/6462#wpcf7-f19-o1\" method=\"post\" class=\"wpcf7-form init\" aria-label=\"Contact form\" novalidate=\"novalidate\" data-status=\"init\" data-trp-original-action=\"\/tr\/wp-json\/wp\/v2\/product\/6462#wpcf7-f19-o1\">\n<fieldset class=\"hidden-fields-container\"><input type=\"hidden\" name=\"_wpcf7\" value=\"19\" \/><input type=\"hidden\" name=\"_wpcf7_version\" value=\"6.1.5\" \/><input type=\"hidden\" name=\"_wpcf7_locale\" value=\"en_US\" \/><input type=\"hidden\" name=\"_wpcf7_unit_tag\" value=\"wpcf7-f19-o1\" \/><input type=\"hidden\" name=\"_wpcf7_container_post\" value=\"0\" \/><input type=\"hidden\" name=\"_wpcf7_posted_data_hash\" value=\"\" \/><input type=\"hidden\" name=\"_wpcf7dtx_version\" value=\"5.0.5\" \/>\n<\/fieldset>\n<p hidden><span class=\"wpcf7-form-control-wrap dynamictext-312\" data-name=\"dynamictext-312\"><input type=\"text\" name=\"dynamictext-312\" class=\"wpcf7-form-control wpcf7-text wpcf7dtx wpcf7dtx-text\" aria-invalid=\"false\" value=\"Good quality free sample 500ml alcohol glass bottle\"><\/span>\n<\/p>\n<p><span class=\"wpcf7-form-control-wrap\" data-name=\"your-name\"><input size=\"40\" maxlength=\"400\" class=\"wpcf7-form-control wpcf7-text wpcf7-validates-as-required\" aria-required=\"true\" aria-invalid=\"false\" placeholder=\"Sizin ad\u0131n\u0131z\" value=\"\" type=\"text\" name=\"your-name\" \/><\/span>\n<\/p>\n<p><span class=\"wpcf7-form-control-wrap\" data-name=\"your-email\"><input size=\"40\" maxlength=\"400\" class=\"wpcf7-form-control wpcf7-email wpcf7-validates-as-required wpcf7-text wpcf7-validates-as-email\" aria-required=\"true\" aria-invalid=\"false\" placeholder=\"E-posta adresiniz\" value=\"\" type=\"email\" name=\"your-email\" \/><\/span>\n<\/p>\n<p><span class=\"wpcf7-form-control-wrap\" data-name=\"your-subject\"><input size=\"40\" maxlength=\"400\" class=\"wpcf7-form-control wpcf7-text wpcf7-validates-as-required\" aria-required=\"true\" aria-invalid=\"false\" placeholder=\"Mesaj Konusu\" value=\"\" type=\"text\" name=\"your-subject\" \/><\/span>\n<\/p>\n<p><span class=\"wpcf7-form-control-wrap\" data-name=\"your-message\"><textarea cols=\"40\" rows=\"10\" maxlength=\"2000\" class=\"wpcf7-form-control wpcf7-textarea\" aria-invalid=\"false\" placeholder=\"Mesaj\u0131n\u0131z\u0131 Buraya Yaz\u0131n...\" name=\"your-message\"><\/textarea><\/span>\n<\/p>\n<div style=\"display:none\">\n\t<p><span class=\"wpcf7-form-control-wrap form-url\" data-name=\"form-url\"><input type=\"text\" name=\"form-url\" class=\"wpcf7-form-control wpcf7-text wpcf7dtx wpcf7dtx-text\" aria-invalid=\"false\" value=\"https:\/\/glassbottlesmanufacturer.com\/tr\/tr\/wp-json\/wp\/v2\/product\/6462\"><\/span>\n\t<\/p>\n<\/div>\n<div style=\"margin-bottom:10px;\">\n\t<p><span class=\"wpcf7-form-control-wrap kc_captcha\" data-name=\"kc_captcha\"><span class=\"wpcf7-form-control wpcf7-radio\"><span class=\"captcha-image\" ><span class=\"cf7ic_instructions\">Please prove you are human by selecting the<span> flag<\/span>.<\/span><label><input aria-label=\"1\" type=\"radio\" name=\"kc_captcha\" value=\"bot\" \/><svg aria-hidden=\"true\" role=\"img\" xmlns=\"http:\/\/www.w3.org\/2000\/svg\" viewbox=\"0 0 512 512\"><path fill=\"currentColor\" d=\"M500 168h-55l-8-21a127 127 0 00-120-83H195a127 127 0 00-120 83l-8 21H12c-8 0-14 8-11 16l8 24a12 12 0 0011 8h29a64 64 0 00-33 56v48c0 16 6 31 16 42v62c0 13 11 24 24 24h48c13 0 24-11 24-24v-40h256v40c0 13 11 24 24 24h48c13 0 24-11 24-24v-62c10-11 16-26 16-42v-48c0-24-13-45-33-56h29a12 12 0 0011-8l8-24c3-8-3-16-11-16zm-365 2c9-25 33-42 60-42h122c27 0 51 17 60 42l15 38H120l15-38zM88 328a32 32 0 010-64c18 0 48 30 48 48s-30 16-48 16zm336 0c-18 0-48 2-48-16s30-48 48-48 32 14 32 32-14 32-32 32z\"\/><\/svg><\/label><label><input aria-label=\"2\" type=\"radio\" name=\"kc_captcha\" value=\"bot\" \/><svg aria-hidden=\"true\" role=\"img\" xmlns=\"http:\/\/www.w3.org\/2000\/svg\" viewbox=\"0 0 640 512\"><path fill=\"currentColor\" d=\"M192 384h192c53 0 96-43 96-96h32a128 128 0 000-256H120c-13 0-24 11-24 24v232c0 53 43 96 96 96zM512 96a64 64 0 010 128h-32V96h32zm48 384H48c-47 0-61-64-36-64h584c25 0 11 64-36 64z\"\/><\/svg><\/label><label><input aria-label=\"3\" type=\"radio\" name=\"kc_captcha\" value=\"kc_human\" \/><svg aria-hidden=\"true\" role=\"img\" xmlns=\"http:\/\/www.w3.org\/2000\/svg\" viewbox=\"0 0 512 512\"><path fill=\"currentColor\" d=\"M350 99c-54 0-98-35-166-35-25 0-47 4-68 12a56 56 0 004-24C118 24 95 1 66 0a56 56 0 00-34 102v386c0 13 11 24 24 24h16c13 0 24-11 24-24v-94c28-12 64-23 114-23 54 0 98 35 166 35 48 0 86-16 122-41 9-6 14-15 14-26V96c0-23-24-39-45-29-35 16-77 32-117 32z\"\/><\/svg><\/label>\r\n    <\/span>\r\n    <span style=\"display:none\">\r\n        <input type=\"text\" name=\"kc_honeypot\">\r\n    <\/span><\/span><\/span>\n\t<\/p>\n<\/div>\n<p><input class=\"wpcf7-form-control wpcf7-submit has-spinner\" type=\"submit\" value=\"Mesaj\u0131n\u0131z\u0131 G\u00f6nderin\" \/>\n<\/p><p style=\"display: none !important;\" class=\"akismet-fields-container\" data-prefix=\"_wpcf7_ak_\"><label>&#916;<textarea name=\"_wpcf7_ak_hp_textarea\" cols=\"45\" rows=\"8\" maxlength=\"100\"><\/textarea><\/label><input type=\"hidden\" id=\"ak_js_1\" name=\"_wpcf7_ak_js\" value=\"70\"\/><script>document.getElementById( \"ak_js_1\" ).setAttribute( \"value\", ( new Date() ).getTime() );<\/script><\/p><div class=\"wpcf7-response-output\" aria-hidden=\"true\"><\/div>\n<input type=\"hidden\" name=\"trp-form-language\" value=\"tr\"\/><\/form>\n<\/div>","protected":false},"excerpt":{"rendered":"<table id=\"tablepress-184\" class=\"tablepress tablepress-id-184\">\n<thead>\n<tr class=\"row-1\">\n\t<th class=\"column-1\">\u00dcR\u00dcN ADI<\/th><th class=\"column-2\">500ml alcohol glass bottle<\/th>\n<\/tr>\n<\/thead>\n<tbody class=\"row-striping row-hover\">\n<tr class=\"row-2\">\n\t<td class=\"column-1\">\u015e\u0130\u015eE BOYUTU<\/td><td class=\"column-2\">500ML<\/td>\n<\/tr>\n<tr class=\"row-3\">\n\t<td class=\"column-1\">MALZEME<\/td><td class=\"column-2\">S\u00dcPER \u00c7AKMAKTA\u015eI CAM<\/td>\n<\/tr>\n<tr class=\"row-4\">\n\t<td class=\"column-1\">RENK<\/td><td class=\"column-2\">TEM\u0130Z<\/td>\n<\/tr>\n<tr class=\"row-5\">\n\t<td class=\"column-1\">BOYUN B\u0130T\u0130\u015e\u0130<\/td><td class=\"column-2\">BAR \u00dcST\u00dc<\/td>\n<\/tr>\n<tr class=\"row-6\">\n\t<td class=\"column-1\">\u015e\u0130\u015eE \u015eEKL\u0130<\/td><td class=\"column-2\">Yuvarlak<\/td>\n<\/tr>\n<tr class=\"row-7\">\n\t<td class=\"column-1\">\u015e\u0130\u015eE A\u011eIRLI\u011eI<\/td><td class=\"column-2\">620G<\/td>\n<\/tr>\n<tr class=\"row-8\">\n\t<td class=\"column-1\">\u015e\u0130\u015eE Y\u00dcKSEKL\u0130\u011e\u0130<\/td><td class=\"column-2\">192MM<\/td>\n<\/tr>\n<tr class=\"row-9\">\n\t<td class=\"column-1\">TOP DISMETER<\/td><td class=\"column-2\">86.9MM<\/td>\n<\/tr>\n<tr class=\"row-10\">\n\t<td class=\"column-1\">BOTTOM DIAMETER<\/td><td class=\"column-2\">79.8MM<\/td>\n<\/tr>\n<\/tbody>\n<\/table>","protected":false},"featured_media":6455,"comment_status":"closed","ping_status":"closed","template":"","meta":[],"product_brand":[],"product_cat":[66],"product_tag":[94],"class_list":{"0":"post-6462","1":"product","2":"type-product","3":"status-publish","4":"has-post-thumbnail","6":"product_cat-500ml-glass-bottles","7":"product_tag-500ml-glass-bottle","8":"entry","9":"has-media","11":"first","12":"instock","13":"shipping-taxable","14":"product-type-simple"},"_links":{"self":[{"href":"https:\/\/glassbottlesmanufacturer.com\/tr\/wp-json\/wp\/v2\/product\/6462","targetHints":{"allow":["GET"]}}],"collection":[{"href":"https:\/\/glassbottlesmanufacturer.com\/tr\/wp-json\/wp\/v2\/product"}],"about":[{"href":"https:\/\/glassbottlesmanufacturer.com\/tr\/wp-json\/wp\/v2\/types\/product"}],"replies":[{"embeddable":true,"href":"https:\/\/glassbottlesmanufacturer.com\/tr\/wp-json\/wp\/v2\/comments?post=6462"}],"wp:featuredmedia":[{"embeddable":true,"href":"https:\/\/glassbottlesmanufacturer.com\/tr\/wp-json\/wp\/v2\/media\/6455"}],"wp:attachment":[{"href":"https:\/\/glassbottlesmanufacturer.com\/tr\/wp-json\/wp\/v2\/media?parent=6462"}],"wp:term":[{"taxonomy":"product_brand","embeddable":true,"href":"https:\/\/glassbottlesmanufacturer.com\/tr\/wp-json\/wp\/v2\/product_brand?post=6462"},{"taxonomy":"product_cat","embeddable":true,"href":"https:\/\/glassbottlesmanufacturer.com\/tr\/wp-json\/wp\/v2\/product_cat?post=6462"},{"taxonomy":"product_tag","embeddable":true,"href":"https:\/\/glassbottlesmanufacturer.com\/tr\/wp-json\/wp\/v2\/product_tag?post=6462"}],"curies":[{"name":"wp","href":"https:\/\/api.w.org\/{rel}","templated":true}]}}